{"id":1891,"date":"2017-10-25T19:26:22","date_gmt":"2017-10-25T17:26:22","guid":{"rendered":"https:\/\/www.frecherzwerg.com\/?page_id=1891"},"modified":"2024-03-13T10:19:52","modified_gmt":"2024-03-13T09:19:52","slug":"maerkteverkaufsstaende","status":"publish","type":"page","link":"https:\/\/www.frecherzwerg.com\/de\/direktverkauf\/maerkteverkaufsstaende\/","title":{"rendered":"M\u00e4rkte &#038; Verkaufs&shy;st\u00e4nde"},"content":{"rendered":"<p><b>Ostermarkt Aigen-Schl\u00e4gl<\/b><\/p>\n<p>17. M\u00e4rz 2024<\/p>\n<p>9-17:00 Uhr<\/p>\n","protected":false},"excerpt":{"rendered":"<p>Ostermarkt Aigen-Schl\u00e4gl 17. M\u00e4rz 2024 9-17:00 Uhr<\/p>\n","protected":false},"author":1,"featured_media":1898,"parent":778,"menu_order":0,"comment_status":"closed","ping_status":"closed","template":"","meta":{"_acf_changed":false,"footnotes":""},"class_list":["post-1891","page","type-page","status-publish","has-post-thumbnail","hentry"],"acf":[],"yoast_head":"<!-- This site is optimized with the Yoast SEO plugin v26.3 - https:\/\/yoast.com\/wordpress\/plugins\/seo\/ -->\n<title>M\u00e4rkte &amp; Verkaufs&shy;st\u00e4nde - Frecher Zwerg<\/title>\n<meta name=\"robots\" content=\"index, follow, max-snippet:-1, max-image-preview:large, max-video-preview:-1\" \/>\n<link rel=\"canonical\" href=\"https:\/\/www.frecherzwerg.com\/de\/direktverkauf\/maerkteverkaufsstaende\/\" \/>\n<meta property=\"og:locale\" content=\"de_DE\" \/>\n<meta property=\"og:type\" content=\"article\" \/>\n<meta property=\"og:title\" content=\"M\u00e4rkte &amp; Verkaufs&shy;st\u00e4nde - Frecher Zwerg\" \/>\n<meta property=\"og:description\" content=\"Ostermarkt Aigen-Schl\u00e4gl 17. M\u00e4rz 2024 9-17:00 Uhr\" \/>\n<meta property=\"og:url\" content=\"https:\/\/www.frecherzwerg.com\/de\/direktverkauf\/maerkteverkaufsstaende\/\" \/>\n<meta property=\"og:site_name\" content=\"Frecher Zwerg\" \/>\n<meta property=\"article:modified_time\" content=\"2024-03-13T09:19:52+00:00\" \/>\n<meta property=\"og:image\" content=\"https:\/\/www.frecherzwerg.com\/wp-content\/uploads\/2017\/10\/Welser_Messe_2017.jpg\" \/>\n\t<meta property=\"og:image:width\" content=\"1080\" \/>\n\t<meta property=\"og:image:height\" content=\"1080\" \/>\n\t<meta property=\"og:image:type\" content=\"image\/jpeg\" \/>\n<meta name=\"twitter:card\" content=\"summary_large_image\" \/>\n<meta name=\"twitter:label1\" content=\"Gesch\u00e4tzte Lesezeit\" \/>\n\t<meta name=\"twitter:data1\" content=\"1\u00a0Minute\" \/>\n<script type=\"application\/ld+json\" class=\"yoast-schema-graph\">{\"@context\":\"https:\/\/schema.org\",\"@graph\":[{\"@type\":\"WebPage\",\"@id\":\"https:\/\/www.frecherzwerg.com\/de\/direktverkauf\/maerkteverkaufsstaende\/\",\"url\":\"https:\/\/www.frecherzwerg.com\/de\/direktverkauf\/maerkteverkaufsstaende\/\",\"name\":\"M\u00e4rkte & Verkaufs&shy;st\u00e4nde - Frecher Zwerg\",\"isPartOf\":{\"@id\":\"https:\/\/www.frecherzwerg.com\/de\/#website\"},\"primaryImageOfPage\":{\"@id\":\"https:\/\/www.frecherzwerg.com\/de\/direktverkauf\/maerkteverkaufsstaende\/#primaryimage\"},\"image\":{\"@id\":\"https:\/\/www.frecherzwerg.com\/de\/direktverkauf\/maerkteverkaufsstaende\/#primaryimage\"},\"thumbnailUrl\":\"https:\/\/www.frecherzwerg.com\/wp-content\/uploads\/2017\/10\/Welser_Messe_2017.jpg\",\"datePublished\":\"2017-10-25T17:26:22+00:00\",\"dateModified\":\"2024-03-13T09:19:52+00:00\",\"breadcrumb\":{\"@id\":\"https:\/\/www.frecherzwerg.com\/de\/direktverkauf\/maerkteverkaufsstaende\/#breadcrumb\"},\"inLanguage\":\"de\",\"potentialAction\":[{\"@type\":\"ReadAction\",\"target\":[\"https:\/\/www.frecherzwerg.com\/de\/direktverkauf\/maerkteverkaufsstaende\/\"]}]},{\"@type\":\"ImageObject\",\"inLanguage\":\"de\",\"@id\":\"https:\/\/www.frecherzwerg.com\/de\/direktverkauf\/maerkteverkaufsstaende\/#primaryimage\",\"url\":\"https:\/\/www.frecherzwerg.com\/wp-content\/uploads\/2017\/10\/Welser_Messe_2017.jpg\",\"contentUrl\":\"https:\/\/www.frecherzwerg.com\/wp-content\/uploads\/2017\/10\/Welser_Messe_2017.jpg\",\"width\":1080,\"height\":1080},{\"@type\":\"BreadcrumbList\",\"@id\":\"https:\/\/www.frecherzwerg.com\/de\/direktverkauf\/maerkteverkaufsstaende\/#breadcrumb\",\"itemListElement\":[{\"@type\":\"ListItem\",\"position\":1,\"name\":\"Startseite\",\"item\":\"https:\/\/www.frecherzwerg.com\/de\/\"},{\"@type\":\"ListItem\",\"position\":2,\"name\":\"Direktverkauf\",\"item\":\"https:\/\/www.frecherzwerg.com\/de\/direktverkauf\/\"},{\"@type\":\"ListItem\",\"position\":3,\"name\":\"M\u00e4rkte &#038; Verkaufs&shy;st\u00e4nde\"}]},{\"@type\":\"WebSite\",\"@id\":\"https:\/\/www.frecherzwerg.com\/de\/#website\",\"url\":\"https:\/\/www.frecherzwerg.com\/de\/\",\"name\":\"Frecher Zwerg\",\"description\":\"\",\"potentialAction\":[{\"@type\":\"SearchAction\",\"target\":{\"@type\":\"EntryPoint\",\"urlTemplate\":\"https:\/\/www.frecherzwerg.com\/de\/?s={search_term_string}\"},\"query-input\":{\"@type\":\"PropertyValueSpecification\",\"valueRequired\":true,\"valueName\":\"search_term_string\"}}],\"inLanguage\":\"de\"}]}<\/script>\n<!-- \/ Yoast SEO plugin. -->","yoast_head_json":{"title":"M\u00e4rkte & Verkaufs&shy;st\u00e4nde - Frecher Zwerg","robots":{"index":"index","follow":"follow","max-snippet":"max-snippet:-1","max-image-preview":"max-image-preview:large","max-video-preview":"max-video-preview:-1"},"canonical":"https:\/\/www.frecherzwerg.com\/de\/direktverkauf\/maerkteverkaufsstaende\/","og_locale":"de_DE","og_type":"article","og_title":"M\u00e4rkte & Verkaufs&shy;st\u00e4nde - Frecher Zwerg","og_description":"Ostermarkt Aigen-Schl\u00e4gl 17. M\u00e4rz 2024 9-17:00 Uhr","og_url":"https:\/\/www.frecherzwerg.com\/de\/direktverkauf\/maerkteverkaufsstaende\/","og_site_name":"Frecher Zwerg","article_modified_time":"2024-03-13T09:19:52+00:00","og_image":[{"width":1080,"height":1080,"url":"https:\/\/www.frecherzwerg.com\/wp-content\/uploads\/2017\/10\/Welser_Messe_2017.jpg","type":"image\/jpeg"}],"twitter_card":"summary_large_image","twitter_misc":{"Gesch\u00e4tzte Lesezeit":"1\u00a0Minute"},"schema":{"@context":"https:\/\/schema.org","@graph":[{"@type":"WebPage","@id":"https:\/\/www.frecherzwerg.com\/de\/direktverkauf\/maerkteverkaufsstaende\/","url":"https:\/\/www.frecherzwerg.com\/de\/direktverkauf\/maerkteverkaufsstaende\/","name":"M\u00e4rkte & Verkaufs&shy;st\u00e4nde - Frecher Zwerg","isPartOf":{"@id":"https:\/\/www.frecherzwerg.com\/de\/#website"},"primaryImageOfPage":{"@id":"https:\/\/www.frecherzwerg.com\/de\/direktverkauf\/maerkteverkaufsstaende\/#primaryimage"},"image":{"@id":"https:\/\/www.frecherzwerg.com\/de\/direktverkauf\/maerkteverkaufsstaende\/#primaryimage"},"thumbnailUrl":"https:\/\/www.frecherzwerg.com\/wp-content\/uploads\/2017\/10\/Welser_Messe_2017.jpg","datePublished":"2017-10-25T17:26:22+00:00","dateModified":"2024-03-13T09:19:52+00:00","breadcrumb":{"@id":"https:\/\/www.frecherzwerg.com\/de\/direktverkauf\/maerkteverkaufsstaende\/#breadcrumb"},"inLanguage":"de","potentialAction":[{"@type":"ReadAction","target":["https:\/\/www.frecherzwerg.com\/de\/direktverkauf\/maerkteverkaufsstaende\/"]}]},{"@type":"ImageObject","inLanguage":"de","@id":"https:\/\/www.frecherzwerg.com\/de\/direktverkauf\/maerkteverkaufsstaende\/#primaryimage","url":"https:\/\/www.frecherzwerg.com\/wp-content\/uploads\/2017\/10\/Welser_Messe_2017.jpg","contentUrl":"https:\/\/www.frecherzwerg.com\/wp-content\/uploads\/2017\/10\/Welser_Messe_2017.jpg","width":1080,"height":1080},{"@type":"BreadcrumbList","@id":"https:\/\/www.frecherzwerg.com\/de\/direktverkauf\/maerkteverkaufsstaende\/#breadcrumb","itemListElement":[{"@type":"ListItem","position":1,"name":"Startseite","item":"https:\/\/www.frecherzwerg.com\/de\/"},{"@type":"ListItem","position":2,"name":"Direktverkauf","item":"https:\/\/www.frecherzwerg.com\/de\/direktverkauf\/"},{"@type":"ListItem","position":3,"name":"M\u00e4rkte &#038; Verkaufs&shy;st\u00e4nde"}]},{"@type":"WebSite","@id":"https:\/\/www.frecherzwerg.com\/de\/#website","url":"https:\/\/www.frecherzwerg.com\/de\/","name":"Frecher Zwerg","description":"","potentialAction":[{"@type":"SearchAction","target":{"@type":"EntryPoint","urlTemplate":"https:\/\/www.frecherzwerg.com\/de\/?s={search_term_string}"},"query-input":{"@type":"PropertyValueSpecification","valueRequired":true,"valueName":"search_term_string"}}],"inLanguage":"de"}]}},"_links":{"self":[{"href":"https:\/\/www.frecherzwerg.com\/de\/wp-json\/wp\/v2\/pages\/1891","targetHints":{"allow":["GET"]}}],"collection":[{"href":"https:\/\/www.frecherzwerg.com\/de\/wp-json\/wp\/v2\/pages"}],"about":[{"href":"https:\/\/www.frecherzwerg.com\/de\/wp-json\/wp\/v2\/types\/page"}],"author":[{"embeddable":true,"href":"https:\/\/www.frecherzwerg.com\/de\/wp-json\/wp\/v2\/users\/1"}],"replies":[{"embeddable":true,"href":"https:\/\/www.frecherzwerg.com\/de\/wp-json\/wp\/v2\/comments?post=1891"}],"version-history":[{"count":37,"href":"https:\/\/www.frecherzwerg.com\/de\/wp-json\/wp\/v2\/pages\/1891\/revisions"}],"predecessor-version":[{"id":7366,"href":"https:\/\/www.frecherzwerg.com\/de\/wp-json\/wp\/v2\/pages\/1891\/revisions\/7366"}],"up":[{"embeddable":true,"href":"https:\/\/www.frecherzwerg.com\/de\/wp-json\/wp\/v2\/pages\/778"}],"wp:featuredmedia":[{"embeddable":true,"href":"https:\/\/www.frecherzwerg.com\/de\/wp-json\/wp\/v2\/media\/1898"}],"wp:attachment":[{"href":"https:\/\/www.frecherzwerg.com\/de\/wp-json\/wp\/v2\/media?parent=1891"}],"curies":[{"name":"wp","href":"https:\/\/api.w.org\/{rel}","templated":true}]}}