{"id":776,"date":"2017-04-28T16:35:24","date_gmt":"2017-04-28T14:35:24","guid":{"rendered":"http:\/\/frecherzwerg.atomproductions.at\/?page_id=776\/"},"modified":"2020-09-22T20:34:00","modified_gmt":"2020-09-22T18:34:00","slug":"lagerverkauf","status":"publish","type":"page","link":"https:\/\/www.frecherzwerg.com\/de\/direktverkauf\/lagerverkauf\/","title":{"rendered":"Lagerverkauf &#8211; direkt im Atelier"},"content":{"rendered":"<p>Im Atelier in Klaffer am Hochficht hat man jeden Donnerstag von 10 \u2013 11:00 Uhr die M\u00f6glichkeit die Produkte direkt zu erwerben. Hier sieht man das volle Sortiment. Es gibt viele Einzelst\u00fccke die Online nicht erh\u00e4ltlich sind und auch immer wieder Aktionen. Nat\u00fcrlich k\u00f6nnt ihr auch au\u00dferhalb der \u00d6ffnungszeiten jederzeit nach telefonischer Terminvereinbarung unter +43 (0)676 7284470 vorbeischaue<\/p>\n<p><strong>Sonnenweg 14<\/strong><br \/>\n<strong>4163 Klaffer am Hochficht<\/strong><\/p>\n<p><strong>gleich unter dem Kr\u00e4utergarten <\/strong>mitten im Gr\u00fcnen entsteht praktische kunterbunte Kindermode von Frecher Zwerg<\/p>\n<p><img loading=\"lazy\" decoding=\"async\" class=\"alignnone size-medium wp-image-2826\" src=\"https:\/\/www.frecherzwerg.com\/wp-content\/uploads\/2017\/04\/42045279_2230932136978249_7694529710029537280_n-300x300.jpg\" alt=\"\" width=\"300\" height=\"300\" srcset=\"https:\/\/www.frecherzwerg.com\/wp-content\/uploads\/2017\/04\/42045279_2230932136978249_7694529710029537280_n-300x300.jpg 300w, https:\/\/www.frecherzwerg.com\/wp-content\/uploads\/2017\/04\/42045279_2230932136978249_7694529710029537280_n-250x250.jpg 250w, https:\/\/www.frecherzwerg.com\/wp-content\/uploads\/2017\/04\/42045279_2230932136978249_7694529710029537280_n-768x768.jpg 768w, https:\/\/www.frecherzwerg.com\/wp-content\/uploads\/2017\/04\/42045279_2230932136978249_7694529710029537280_n-32x32.jpg 32w, https:\/\/www.frecherzwerg.com\/wp-content\/uploads\/2017\/04\/42045279_2230932136978249_7694529710029537280_n-180x180.jpg 180w, https:\/\/www.frecherzwerg.com\/wp-content\/uploads\/2017\/04\/42045279_2230932136978249_7694529710029537280_n-600x600.jpg 600w, https:\/\/www.frecherzwerg.com\/wp-content\/uploads\/2017\/04\/42045279_2230932136978249_7694529710029537280_n.jpg 960w\" sizes=\"auto, (max-width: 300px) 85vw, 300px\" \/><\/p>\n<p>Wir freuen uns auf euren Besuch!<\/p>\n","protected":false},"excerpt":{"rendered":"<p>Im Atelier in Klaffer am Hochficht hat man jeden Donnerstag von 10 \u2013 11:00 Uhr die M\u00f6glichkeit die Produkte direkt zu erwerben. Hier sieht man das volle Sortiment. Es gibt viele Einzelst\u00fccke die Online nicht erh\u00e4ltlich sind und auch immer wieder Aktionen. Nat\u00fcrlich k\u00f6nnt ihr auch au\u00dferhalb der \u00d6ffnungszeiten jederzeit nach telefonischer Terminvereinbarung unter +43 &hellip; <a href=\"https:\/\/www.frecherzwerg.com\/de\/direktverkauf\/lagerverkauf\/\" class=\"more-link\"><span class=\"screen-reader-text\">&#8222;Lagerverkauf &#8211; direkt im Atelier&#8220; <\/span>weiterlesen<\/a><\/p>\n","protected":false},"author":1,"featured_media":0,"parent":778,"menu_order":0,"comment_status":"closed","ping_status":"closed","template":"","meta":{"_acf_changed":false,"footnotes":""},"class_list":["post-776","page","type-page","status-publish","hentry"],"acf":[],"yoast_head":"<!-- This site is optimized with the Yoast SEO plugin v26.3 - https:\/\/yoast.com\/wordpress\/plugins\/seo\/ -->\n<title>Lagerverkauf - direkt im Atelier - Frecher Zwerg<\/title>\n<meta name=\"robots\" content=\"index, follow, max-snippet:-1, max-image-preview:large, max-video-preview:-1\" \/>\n<link rel=\"canonical\" href=\"https:\/\/www.frecherzwerg.com\/de\/direktverkauf\/lagerverkauf\/\" \/>\n<meta property=\"og:locale\" content=\"de_DE\" \/>\n<meta property=\"og:type\" content=\"article\" \/>\n<meta property=\"og:title\" content=\"Lagerverkauf - direkt im Atelier - Frecher Zwerg\" \/>\n<meta property=\"og:description\" content=\"Im Atelier in Klaffer am Hochficht hat man jeden Donnerstag von 10 \u2013 11:00 Uhr die M\u00f6glichkeit die Produkte direkt zu erwerben. Hier sieht man das volle Sortiment. Es gibt viele Einzelst\u00fccke die Online nicht erh\u00e4ltlich sind und auch immer wieder Aktionen. Nat\u00fcrlich k\u00f6nnt ihr auch au\u00dferhalb der \u00d6ffnungszeiten jederzeit nach telefonischer Terminvereinbarung unter +43 &hellip; &#8222;Lagerverkauf &#8211; direkt im Atelier&#8220; weiterlesen\" \/>\n<meta property=\"og:url\" content=\"https:\/\/www.frecherzwerg.com\/de\/direktverkauf\/lagerverkauf\/\" \/>\n<meta property=\"og:site_name\" content=\"Frecher Zwerg\" \/>\n<meta property=\"article:modified_time\" content=\"2020-09-22T18:34:00+00:00\" \/>\n<meta property=\"og:image\" content=\"https:\/\/www.frecherzwerg.com\/wp-content\/uploads\/2017\/04\/42045279_2230932136978249_7694529710029537280_n-300x300.jpg\" \/>\n<meta name=\"twitter:card\" content=\"summary_large_image\" \/>\n<script type=\"application\/ld+json\" class=\"yoast-schema-graph\">{\"@context\":\"https:\/\/schema.org\",\"@graph\":[{\"@type\":\"WebPage\",\"@id\":\"https:\/\/www.frecherzwerg.com\/de\/direktverkauf\/lagerverkauf\/\",\"url\":\"https:\/\/www.frecherzwerg.com\/de\/direktverkauf\/lagerverkauf\/\",\"name\":\"Lagerverkauf - direkt im Atelier - Frecher Zwerg\",\"isPartOf\":{\"@id\":\"https:\/\/www.frecherzwerg.com\/de\/#website\"},\"primaryImageOfPage\":{\"@id\":\"https:\/\/www.frecherzwerg.com\/de\/direktverkauf\/lagerverkauf\/#primaryimage\"},\"image\":{\"@id\":\"https:\/\/www.frecherzwerg.com\/de\/direktverkauf\/lagerverkauf\/#primaryimage\"},\"thumbnailUrl\":\"https:\/\/www.frecherzwerg.com\/wp-content\/uploads\/2017\/04\/42045279_2230932136978249_7694529710029537280_n-300x300.jpg\",\"datePublished\":\"2017-04-28T14:35:24+00:00\",\"dateModified\":\"2020-09-22T18:34:00+00:00\",\"breadcrumb\":{\"@id\":\"https:\/\/www.frecherzwerg.com\/de\/direktverkauf\/lagerverkauf\/#breadcrumb\"},\"inLanguage\":\"de\",\"potentialAction\":[{\"@type\":\"ReadAction\",\"target\":[\"https:\/\/www.frecherzwerg.com\/de\/direktverkauf\/lagerverkauf\/\"]}]},{\"@type\":\"ImageObject\",\"inLanguage\":\"de\",\"@id\":\"https:\/\/www.frecherzwerg.com\/de\/direktverkauf\/lagerverkauf\/#primaryimage\",\"url\":\"https:\/\/www.frecherzwerg.com\/wp-content\/uploads\/2017\/04\/42045279_2230932136978249_7694529710029537280_n-300x300.jpg\",\"contentUrl\":\"https:\/\/www.frecherzwerg.com\/wp-content\/uploads\/2017\/04\/42045279_2230932136978249_7694529710029537280_n-300x300.jpg\"},{\"@type\":\"BreadcrumbList\",\"@id\":\"https:\/\/www.frecherzwerg.com\/de\/direktverkauf\/lagerverkauf\/#breadcrumb\",\"itemListElement\":[{\"@type\":\"ListItem\",\"position\":1,\"name\":\"Startseite\",\"item\":\"https:\/\/www.frecherzwerg.com\/de\/\"},{\"@type\":\"ListItem\",\"position\":2,\"name\":\"Direktverkauf\",\"item\":\"https:\/\/www.frecherzwerg.com\/de\/direktverkauf\/\"},{\"@type\":\"ListItem\",\"position\":3,\"name\":\"Lagerverkauf &#8211; direkt im Atelier\"}]},{\"@type\":\"WebSite\",\"@id\":\"https:\/\/www.frecherzwerg.com\/de\/#website\",\"url\":\"https:\/\/www.frecherzwerg.com\/de\/\",\"name\":\"Frecher Zwerg\",\"description\":\"\",\"potentialAction\":[{\"@type\":\"SearchAction\",\"target\":{\"@type\":\"EntryPoint\",\"urlTemplate\":\"https:\/\/www.frecherzwerg.com\/de\/?s={search_term_string}\"},\"query-input\":{\"@type\":\"PropertyValueSpecification\",\"valueRequired\":true,\"valueName\":\"search_term_string\"}}],\"inLanguage\":\"de\"}]}<\/script>\n<!-- \/ Yoast SEO plugin. -->","yoast_head_json":{"title":"Lagerverkauf - direkt im Atelier - Frecher Zwerg","robots":{"index":"index","follow":"follow","max-snippet":"max-snippet:-1","max-image-preview":"max-image-preview:large","max-video-preview":"max-video-preview:-1"},"canonical":"https:\/\/www.frecherzwerg.com\/de\/direktverkauf\/lagerverkauf\/","og_locale":"de_DE","og_type":"article","og_title":"Lagerverkauf - direkt im Atelier - Frecher Zwerg","og_description":"Im Atelier in Klaffer am Hochficht hat man jeden Donnerstag von 10 \u2013 11:00 Uhr die M\u00f6glichkeit die Produkte direkt zu erwerben. Hier sieht man das volle Sortiment. Es gibt viele Einzelst\u00fccke die Online nicht erh\u00e4ltlich sind und auch immer wieder Aktionen. Nat\u00fcrlich k\u00f6nnt ihr auch au\u00dferhalb der \u00d6ffnungszeiten jederzeit nach telefonischer Terminvereinbarung unter +43 &hellip; &#8222;Lagerverkauf &#8211; direkt im Atelier&#8220; weiterlesen","og_url":"https:\/\/www.frecherzwerg.com\/de\/direktverkauf\/lagerverkauf\/","og_site_name":"Frecher Zwerg","article_modified_time":"2020-09-22T18:34:00+00:00","og_image":[{"url":"https:\/\/www.frecherzwerg.com\/wp-content\/uploads\/2017\/04\/42045279_2230932136978249_7694529710029537280_n-300x300.jpg","type":"","width":"","height":""}],"twitter_card":"summary_large_image","schema":{"@context":"https:\/\/schema.org","@graph":[{"@type":"WebPage","@id":"https:\/\/www.frecherzwerg.com\/de\/direktverkauf\/lagerverkauf\/","url":"https:\/\/www.frecherzwerg.com\/de\/direktverkauf\/lagerverkauf\/","name":"Lagerverkauf - direkt im Atelier - Frecher Zwerg","isPartOf":{"@id":"https:\/\/www.frecherzwerg.com\/de\/#website"},"primaryImageOfPage":{"@id":"https:\/\/www.frecherzwerg.com\/de\/direktverkauf\/lagerverkauf\/#primaryimage"},"image":{"@id":"https:\/\/www.frecherzwerg.com\/de\/direktverkauf\/lagerverkauf\/#primaryimage"},"thumbnailUrl":"https:\/\/www.frecherzwerg.com\/wp-content\/uploads\/2017\/04\/42045279_2230932136978249_7694529710029537280_n-300x300.jpg","datePublished":"2017-04-28T14:35:24+00:00","dateModified":"2020-09-22T18:34:00+00:00","breadcrumb":{"@id":"https:\/\/www.frecherzwerg.com\/de\/direktverkauf\/lagerverkauf\/#breadcrumb"},"inLanguage":"de","potentialAction":[{"@type":"ReadAction","target":["https:\/\/www.frecherzwerg.com\/de\/direktverkauf\/lagerverkauf\/"]}]},{"@type":"ImageObject","inLanguage":"de","@id":"https:\/\/www.frecherzwerg.com\/de\/direktverkauf\/lagerverkauf\/#primaryimage","url":"https:\/\/www.frecherzwerg.com\/wp-content\/uploads\/2017\/04\/42045279_2230932136978249_7694529710029537280_n-300x300.jpg","contentUrl":"https:\/\/www.frecherzwerg.com\/wp-content\/uploads\/2017\/04\/42045279_2230932136978249_7694529710029537280_n-300x300.jpg"},{"@type":"BreadcrumbList","@id":"https:\/\/www.frecherzwerg.com\/de\/direktverkauf\/lagerverkauf\/#breadcrumb","itemListElement":[{"@type":"ListItem","position":1,"name":"Startseite","item":"https:\/\/www.frecherzwerg.com\/de\/"},{"@type":"ListItem","position":2,"name":"Direktverkauf","item":"https:\/\/www.frecherzwerg.com\/de\/direktverkauf\/"},{"@type":"ListItem","position":3,"name":"Lagerverkauf &#8211; direkt im Atelier"}]},{"@type":"WebSite","@id":"https:\/\/www.frecherzwerg.com\/de\/#website","url":"https:\/\/www.frecherzwerg.com\/de\/","name":"Frecher Zwerg","description":"","potentialAction":[{"@type":"SearchAction","target":{"@type":"EntryPoint","urlTemplate":"https:\/\/www.frecherzwerg.com\/de\/?s={search_term_string}"},"query-input":{"@type":"PropertyValueSpecification","valueRequired":true,"valueName":"search_term_string"}}],"inLanguage":"de"}]}},"_links":{"self":[{"href":"https:\/\/www.frecherzwerg.com\/de\/wp-json\/wp\/v2\/pages\/776","targetHints":{"allow":["GET"]}}],"collection":[{"href":"https:\/\/www.frecherzwerg.com\/de\/wp-json\/wp\/v2\/pages"}],"about":[{"href":"https:\/\/www.frecherzwerg.com\/de\/wp-json\/wp\/v2\/types\/page"}],"author":[{"embeddable":true,"href":"https:\/\/www.frecherzwerg.com\/de\/wp-json\/wp\/v2\/users\/1"}],"replies":[{"embeddable":true,"href":"https:\/\/www.frecherzwerg.com\/de\/wp-json\/wp\/v2\/comments?post=776"}],"version-history":[{"count":27,"href":"https:\/\/www.frecherzwerg.com\/de\/wp-json\/wp\/v2\/pages\/776\/revisions"}],"predecessor-version":[{"id":5330,"href":"https:\/\/www.frecherzwerg.com\/de\/wp-json\/wp\/v2\/pages\/776\/revisions\/5330"}],"up":[{"embeddable":true,"href":"https:\/\/www.frecherzwerg.com\/de\/wp-json\/wp\/v2\/pages\/778"}],"wp:attachment":[{"href":"https:\/\/www.frecherzwerg.com\/de\/wp-json\/wp\/v2\/media?parent=776"}],"curies":[{"name":"wp","href":"https:\/\/api.w.org\/{rel}","templated":true}]}}