{"id":1080,"date":"2017-06-07T14:25:33","date_gmt":"2017-06-07T12:25:33","guid":{"rendered":"http:\/\/frecherzwerg.atomproductions.at\/de\/shop\/halstuecher-spucktuecher\/spucktuchdreiecktuch-sterne-rotpink\/"},"modified":"2019-12-26T20:17:31","modified_gmt":"2019-12-26T19:17:31","slug":"spucktuchdreiecktuch-sterne-rotpink","status":"publish","type":"product","link":"https:\/\/www.frecherzwerg.com\/de\/shop\/halstuecher-spucktuecher\/spucktuecher\/spucktuchdreiecktuch-sterne-rotpink\/","title":{"rendered":"Spucktuch\/Dreiecktuch Sterne rot\/pink"},"content":{"rendered":"<p><strong>Alter:<\/strong> 0-4 Jahre<br \/>\ngr\u00f6\u00dfenverstellbar<\/p>\n<p>Auf der R\u00fcckseite ist ein Vlies und das Spucktuch ist daher sehr saugf\u00e4hig. F\u00fcr den Hochsommer ist dieses Modell jedoch etwas warm. Die Spuckt\u00fccher mit Frottee sind f\u00fcr die w\u00e4rmere Jahreszeit besser geeignet.<\/p>\n<p><strong>Material:<br \/>\n<\/strong> Vorderseite: 95 % Baumwolle, 5 % Elasthan<br \/>\nR\u00fcckseite: 100 % Polyester<\/p>\n<p>Druckkn\u00f6pfe: Kunststoff<\/p>\n<p><strong>Pflegehinweis:<\/strong>\u00a040\u00baC in der Waschmaschine<\/p>\n","protected":false},"excerpt":{"rendered":"<p>Dieses s\u00fc\u00dfe Dreieckstuch ist gr\u00f6\u00dfenverstellbar und kann daher von Geburt bis 4 Jahre verwendet werden. Zuerst als Spucktuch und sp\u00e4ter als Halstuch.<\/p>\n<p><strong>\u00a0<\/strong><\/p>\n","protected":false},"featured_media":1070,"comment_status":"open","ping_status":"closed","template":"","meta":{"_acf_changed":false},"product_brand":[],"product_cat":[55,57],"product_tag":[],"class_list":{"0":"post-1080","1":"product","2":"type-product","3":"status-publish","4":"has-post-thumbnail","6":"product_cat-halstuecher-spucktuecher","7":"product_cat-spucktuecher","8":"product_shipping_class-standard","10":"first","11":"instock","12":"taxable","13":"shipping-taxable","14":"purchasable","15":"product-type-simple"},"acf":[],"yoast_head":"<!-- This site is optimized with the Yoast SEO plugin v26.3 - https:\/\/yoast.com\/wordpress\/plugins\/seo\/ -->\n<title>Spucktuch\/Dreiecktuch Sterne rot\/pink - Frecher Zwerg<\/title>\n<meta name=\"robots\" content=\"index, follow, max-snippet:-1, max-image-preview:large, max-video-preview:-1\" \/>\n<link rel=\"canonical\" href=\"https:\/\/www.frecherzwerg.com\/de\/shop\/halstuecher-spucktuecher\/spucktuecher\/spucktuchdreiecktuch-sterne-rotpink\/\" \/>\n<meta property=\"og:locale\" content=\"de_DE\" \/>\n<meta property=\"og:type\" content=\"article\" \/>\n<meta property=\"og:title\" content=\"Spucktuch\/Dreiecktuch Sterne rot\/pink - Frecher Zwerg\" \/>\n<meta property=\"og:description\" content=\"Dieses s\u00fc\u00dfe Dreieckstuch ist gr\u00f6\u00dfenverstellbar und kann daher von Geburt bis 4 Jahre verwendet werden. Zuerst als Spucktuch und sp\u00e4ter als Halstuch.  \u00a0\" \/>\n<meta property=\"og:url\" content=\"https:\/\/www.frecherzwerg.com\/de\/shop\/halstuecher-spucktuecher\/spucktuecher\/spucktuchdreiecktuch-sterne-rotpink\/\" \/>\n<meta property=\"og:site_name\" content=\"Frecher Zwerg\" \/>\n<meta property=\"article:modified_time\" content=\"2019-12-26T19:17:31+00:00\" \/>\n<meta property=\"og:image\" content=\"https:\/\/www.frecherzwerg.com\/wp-content\/uploads\/2017\/05\/Spucktuch_Sterne_rot_Vlies.jpg\" \/>\n\t<meta property=\"og:image:width\" content=\"1000\" \/>\n\t<meta property=\"og:image:height\" content=\"1000\" \/>\n\t<meta property=\"og:image:type\" content=\"image\/jpeg\" \/>\n<meta name=\"twitter:card\" content=\"summary_large_image\" \/>\n<script type=\"application\/ld+json\" class=\"yoast-schema-graph\">{\"@context\":\"https:\/\/schema.org\",\"@graph\":[{\"@type\":\"WebPage\",\"@id\":\"https:\/\/www.frecherzwerg.com\/de\/shop\/halstuecher-spucktuecher\/spucktuecher\/spucktuchdreiecktuch-sterne-rotpink\/\",\"url\":\"https:\/\/www.frecherzwerg.com\/de\/shop\/halstuecher-spucktuecher\/spucktuecher\/spucktuchdreiecktuch-sterne-rotpink\/\",\"name\":\"Spucktuch\/Dreiecktuch Sterne rot\/pink - Frecher Zwerg\",\"isPartOf\":{\"@id\":\"https:\/\/www.frecherzwerg.com\/de\/#website\"},\"primaryImageOfPage\":{\"@id\":\"https:\/\/www.frecherzwerg.com\/de\/shop\/halstuecher-spucktuecher\/spucktuecher\/spucktuchdreiecktuch-sterne-rotpink\/#primaryimage\"},\"image\":{\"@id\":\"https:\/\/www.frecherzwerg.com\/de\/shop\/halstuecher-spucktuecher\/spucktuecher\/spucktuchdreiecktuch-sterne-rotpink\/#primaryimage\"},\"thumbnailUrl\":\"https:\/\/www.frecherzwerg.com\/wp-content\/uploads\/2017\/05\/Spucktuch_Sterne_rot_Vlies.jpg\",\"datePublished\":\"2017-06-07T12:25:33+00:00\",\"dateModified\":\"2019-12-26T19:17:31+00:00\",\"breadcrumb\":{\"@id\":\"https:\/\/www.frecherzwerg.com\/de\/shop\/halstuecher-spucktuecher\/spucktuecher\/spucktuchdreiecktuch-sterne-rotpink\/#breadcrumb\"},\"inLanguage\":\"de\",\"potentialAction\":[{\"@type\":\"ReadAction\",\"target\":[\"https:\/\/www.frecherzwerg.com\/de\/shop\/halstuecher-spucktuecher\/spucktuecher\/spucktuchdreiecktuch-sterne-rotpink\/\"]}]},{\"@type\":\"ImageObject\",\"inLanguage\":\"de\",\"@id\":\"https:\/\/www.frecherzwerg.com\/de\/shop\/halstuecher-spucktuecher\/spucktuecher\/spucktuchdreiecktuch-sterne-rotpink\/#primaryimage\",\"url\":\"https:\/\/www.frecherzwerg.com\/wp-content\/uploads\/2017\/05\/Spucktuch_Sterne_rot_Vlies.jpg\",\"contentUrl\":\"https:\/\/www.frecherzwerg.com\/wp-content\/uploads\/2017\/05\/Spucktuch_Sterne_rot_Vlies.jpg\",\"width\":1000,\"height\":1000},{\"@type\":\"BreadcrumbList\",\"@id\":\"https:\/\/www.frecherzwerg.com\/de\/shop\/halstuecher-spucktuecher\/spucktuecher\/spucktuchdreiecktuch-sterne-rotpink\/#breadcrumb\",\"itemListElement\":[{\"@type\":\"ListItem\",\"position\":1,\"name\":\"Startseite\",\"item\":\"https:\/\/www.frecherzwerg.com\/de\/\"},{\"@type\":\"ListItem\",\"position\":2,\"name\":\"Shop\",\"item\":\"https:\/\/www.frecherzwerg.com\/de\/shop\/\"},{\"@type\":\"ListItem\",\"position\":3,\"name\":\"Spucktuch\/Dreiecktuch Sterne rot\/pink\"}]},{\"@type\":\"WebSite\",\"@id\":\"https:\/\/www.frecherzwerg.com\/de\/#website\",\"url\":\"https:\/\/www.frecherzwerg.com\/de\/\",\"name\":\"Frecher Zwerg\",\"description\":\"\",\"potentialAction\":[{\"@type\":\"SearchAction\",\"target\":{\"@type\":\"EntryPoint\",\"urlTemplate\":\"https:\/\/www.frecherzwerg.com\/de\/?s={search_term_string}\"},\"query-input\":{\"@type\":\"PropertyValueSpecification\",\"valueRequired\":true,\"valueName\":\"search_term_string\"}}],\"inLanguage\":\"de\"}]}<\/script>\n<!-- \/ Yoast SEO plugin. -->","yoast_head_json":{"title":"Spucktuch\/Dreiecktuch Sterne rot\/pink - Frecher Zwerg","robots":{"index":"index","follow":"follow","max-snippet":"max-snippet:-1","max-image-preview":"max-image-preview:large","max-video-preview":"max-video-preview:-1"},"canonical":"https:\/\/www.frecherzwerg.com\/de\/shop\/halstuecher-spucktuecher\/spucktuecher\/spucktuchdreiecktuch-sterne-rotpink\/","og_locale":"de_DE","og_type":"article","og_title":"Spucktuch\/Dreiecktuch Sterne rot\/pink - Frecher Zwerg","og_description":"Dieses s\u00fc\u00dfe Dreieckstuch ist gr\u00f6\u00dfenverstellbar und kann daher von Geburt bis 4 Jahre verwendet werden. Zuerst als Spucktuch und sp\u00e4ter als Halstuch.  \u00a0","og_url":"https:\/\/www.frecherzwerg.com\/de\/shop\/halstuecher-spucktuecher\/spucktuecher\/spucktuchdreiecktuch-sterne-rotpink\/","og_site_name":"Frecher Zwerg","article_modified_time":"2019-12-26T19:17:31+00:00","og_image":[{"width":1000,"height":1000,"url":"https:\/\/www.frecherzwerg.com\/wp-content\/uploads\/2017\/05\/Spucktuch_Sterne_rot_Vlies.jpg","type":"image\/jpeg"}],"twitter_card":"summary_large_image","schema":{"@context":"https:\/\/schema.org","@graph":[{"@type":"WebPage","@id":"https:\/\/www.frecherzwerg.com\/de\/shop\/halstuecher-spucktuecher\/spucktuecher\/spucktuchdreiecktuch-sterne-rotpink\/","url":"https:\/\/www.frecherzwerg.com\/de\/shop\/halstuecher-spucktuecher\/spucktuecher\/spucktuchdreiecktuch-sterne-rotpink\/","name":"Spucktuch\/Dreiecktuch Sterne rot\/pink - Frecher Zwerg","isPartOf":{"@id":"https:\/\/www.frecherzwerg.com\/de\/#website"},"primaryImageOfPage":{"@id":"https:\/\/www.frecherzwerg.com\/de\/shop\/halstuecher-spucktuecher\/spucktuecher\/spucktuchdreiecktuch-sterne-rotpink\/#primaryimage"},"image":{"@id":"https:\/\/www.frecherzwerg.com\/de\/shop\/halstuecher-spucktuecher\/spucktuecher\/spucktuchdreiecktuch-sterne-rotpink\/#primaryimage"},"thumbnailUrl":"https:\/\/www.frecherzwerg.com\/wp-content\/uploads\/2017\/05\/Spucktuch_Sterne_rot_Vlies.jpg","datePublished":"2017-06-07T12:25:33+00:00","dateModified":"2019-12-26T19:17:31+00:00","breadcrumb":{"@id":"https:\/\/www.frecherzwerg.com\/de\/shop\/halstuecher-spucktuecher\/spucktuecher\/spucktuchdreiecktuch-sterne-rotpink\/#breadcrumb"},"inLanguage":"de","potentialAction":[{"@type":"ReadAction","target":["https:\/\/www.frecherzwerg.com\/de\/shop\/halstuecher-spucktuecher\/spucktuecher\/spucktuchdreiecktuch-sterne-rotpink\/"]}]},{"@type":"ImageObject","inLanguage":"de","@id":"https:\/\/www.frecherzwerg.com\/de\/shop\/halstuecher-spucktuecher\/spucktuecher\/spucktuchdreiecktuch-sterne-rotpink\/#primaryimage","url":"https:\/\/www.frecherzwerg.com\/wp-content\/uploads\/2017\/05\/Spucktuch_Sterne_rot_Vlies.jpg","contentUrl":"https:\/\/www.frecherzwerg.com\/wp-content\/uploads\/2017\/05\/Spucktuch_Sterne_rot_Vlies.jpg","width":1000,"height":1000},{"@type":"BreadcrumbList","@id":"https:\/\/www.frecherzwerg.com\/de\/shop\/halstuecher-spucktuecher\/spucktuecher\/spucktuchdreiecktuch-sterne-rotpink\/#breadcrumb","itemListElement":[{"@type":"ListItem","position":1,"name":"Startseite","item":"https:\/\/www.frecherzwerg.com\/de\/"},{"@type":"ListItem","position":2,"name":"Shop","item":"https:\/\/www.frecherzwerg.com\/de\/shop\/"},{"@type":"ListItem","position":3,"name":"Spucktuch\/Dreiecktuch Sterne rot\/pink"}]},{"@type":"WebSite","@id":"https:\/\/www.frecherzwerg.com\/de\/#website","url":"https:\/\/www.frecherzwerg.com\/de\/","name":"Frecher Zwerg","description":"","potentialAction":[{"@type":"SearchAction","target":{"@type":"EntryPoint","urlTemplate":"https:\/\/www.frecherzwerg.com\/de\/?s={search_term_string}"},"query-input":{"@type":"PropertyValueSpecification","valueRequired":true,"valueName":"search_term_string"}}],"inLanguage":"de"}]}},"_links":{"self":[{"href":"https:\/\/www.frecherzwerg.com\/de\/wp-json\/wp\/v2\/product\/1080","targetHints":{"allow":["GET"]}}],"collection":[{"href":"https:\/\/www.frecherzwerg.com\/de\/wp-json\/wp\/v2\/product"}],"about":[{"href":"https:\/\/www.frecherzwerg.com\/de\/wp-json\/wp\/v2\/types\/product"}],"replies":[{"embeddable":true,"href":"https:\/\/www.frecherzwerg.com\/de\/wp-json\/wp\/v2\/comments?post=1080"}],"wp:featuredmedia":[{"embeddable":true,"href":"https:\/\/www.frecherzwerg.com\/de\/wp-json\/wp\/v2\/media\/1070"}],"wp:attachment":[{"href":"https:\/\/www.frecherzwerg.com\/de\/wp-json\/wp\/v2\/media?parent=1080"}],"wp:term":[{"taxonomy":"product_brand","embeddable":true,"href":"https:\/\/www.frecherzwerg.com\/de\/wp-json\/wp\/v2\/product_brand?post=1080"},{"taxonomy":"product_cat","embeddable":true,"href":"https:\/\/www.frecherzwerg.com\/de\/wp-json\/wp\/v2\/product_cat?post=1080"},{"taxonomy":"product_tag","embeddable":true,"href":"https:\/\/www.frecherzwerg.com\/de\/wp-json\/wp\/v2\/product_tag?post=1080"}],"curies":[{"name":"wp","href":"https:\/\/api.w.org\/{rel}","templated":true}]}}