{"id":4255,"date":"2019-11-06T19:51:24","date_gmt":"2019-11-06T18:51:24","guid":{"rendered":"https:\/\/www.frecherzwerg.com\/?post_type=product&#038;p=4255"},"modified":"2022-09-16T11:50:24","modified_gmt":"2022-09-16T09:50:24","slug":"teddymuetze-warm-beige-2","status":"publish","type":"product","link":"https:\/\/www.frecherzwerg.com\/de\/shop\/kopfbedeckung\/wintermuetzen-gefuettert\/teddymuetze-warm-beige-2\/","title":{"rendered":"Teddym\u00fctze warm beige"},"content":{"rendered":"<p><strong>Material:<\/strong><br \/>\nAu\u00dfen: Baumwollteddy<br \/>\nInnen: Baumwolljersey<\/p>\n<p><strong>Pflegehinweis: <\/strong>30\u00b0 in der Waschmaschine<\/p>\n<p>&nbsp;<\/p>\n","protected":false},"excerpt":{"rendered":"<p>Mit dieser warmen Winterhaube sind die kleinen Zwerge einfach zum Knuddeln!<\/p>\n<p>Sie geht sch\u00f6n \u00fcber die Ohren und man kann sie binden. So wird den kleinen K\u00f6pfen diesen Winter sicher nicht kalt.<\/p>\n<p>Erh\u00e4ltlich in vier Farben.<\/p>\n<p>&nbsp;<\/p>\n<p>&nbsp;<\/p>\n","protected":false},"featured_media":4236,"comment_status":"closed","ping_status":"closed","template":"","meta":{"_acf_changed":false},"product_brand":[],"product_cat":[151],"product_tag":[],"class_list":{"0":"post-4255","1":"product","2":"type-product","3":"status-publish","4":"has-post-thumbnail","6":"product_cat-wintermuetzen-gefuettert","8":"first","9":"instock","10":"sold-individually","11":"taxable","12":"shipping-taxable","13":"purchasable","14":"product-type-variable"},"acf":[],"yoast_head":"<!-- This site is optimized with the Yoast SEO plugin v26.3 - https:\/\/yoast.com\/wordpress\/plugins\/seo\/ -->\n<title>Teddym\u00fctze warm beige - Frecher Zwerg<\/title>\n<meta name=\"robots\" content=\"index, follow, max-snippet:-1, max-image-preview:large, max-video-preview:-1\" \/>\n<link rel=\"canonical\" href=\"https:\/\/www.frecherzwerg.com\/de\/shop\/kopfbedeckung\/wintermuetzen-gefuettert\/teddymuetze-warm-beige-2\/\" \/>\n<meta property=\"og:locale\" content=\"de_DE\" \/>\n<meta property=\"og:type\" content=\"article\" \/>\n<meta property=\"og:title\" content=\"Teddym\u00fctze warm beige - Frecher Zwerg\" \/>\n<meta property=\"og:description\" content=\"Mit dieser warmen Winterhaube sind die kleinen Zwerge einfach zum Knuddeln!  Sie geht sch\u00f6n \u00fcber die Ohren und man kann sie binden. So wird den kleinen K\u00f6pfen diesen Winter sicher nicht kalt.  Erh\u00e4ltlich in vier Farben.  &nbsp;  &nbsp;\" \/>\n<meta property=\"og:url\" content=\"https:\/\/www.frecherzwerg.com\/de\/shop\/kopfbedeckung\/wintermuetzen-gefuettert\/teddymuetze-warm-beige-2\/\" \/>\n<meta property=\"og:site_name\" content=\"Frecher Zwerg\" \/>\n<meta property=\"article:modified_time\" content=\"2022-09-16T09:50:24+00:00\" \/>\n<meta property=\"og:image\" content=\"https:\/\/www.frecherzwerg.com\/wp-content\/uploads\/2019\/11\/Haube_Teddy-beige_model.jpg\" \/>\n\t<meta property=\"og:image:width\" content=\"1000\" \/>\n\t<meta property=\"og:image:height\" content=\"1000\" \/>\n\t<meta property=\"og:image:type\" content=\"image\/jpeg\" \/>\n<meta name=\"twitter:card\" content=\"summary_large_image\" \/>\n<script type=\"application\/ld+json\" class=\"yoast-schema-graph\">{\"@context\":\"https:\/\/schema.org\",\"@graph\":[{\"@type\":\"WebPage\",\"@id\":\"https:\/\/www.frecherzwerg.com\/de\/shop\/kopfbedeckung\/wintermuetzen-gefuettert\/teddymuetze-warm-beige-2\/\",\"url\":\"https:\/\/www.frecherzwerg.com\/de\/shop\/kopfbedeckung\/wintermuetzen-gefuettert\/teddymuetze-warm-beige-2\/\",\"name\":\"Teddym\u00fctze warm beige - Frecher Zwerg\",\"isPartOf\":{\"@id\":\"https:\/\/www.frecherzwerg.com\/de\/#website\"},\"primaryImageOfPage\":{\"@id\":\"https:\/\/www.frecherzwerg.com\/de\/shop\/kopfbedeckung\/wintermuetzen-gefuettert\/teddymuetze-warm-beige-2\/#primaryimage\"},\"image\":{\"@id\":\"https:\/\/www.frecherzwerg.com\/de\/shop\/kopfbedeckung\/wintermuetzen-gefuettert\/teddymuetze-warm-beige-2\/#primaryimage\"},\"thumbnailUrl\":\"https:\/\/www.frecherzwerg.com\/wp-content\/uploads\/2019\/11\/Haube_Teddy-beige_model.jpg\",\"datePublished\":\"2019-11-06T18:51:24+00:00\",\"dateModified\":\"2022-09-16T09:50:24+00:00\",\"breadcrumb\":{\"@id\":\"https:\/\/www.frecherzwerg.com\/de\/shop\/kopfbedeckung\/wintermuetzen-gefuettert\/teddymuetze-warm-beige-2\/#breadcrumb\"},\"inLanguage\":\"de\",\"potentialAction\":[{\"@type\":\"ReadAction\",\"target\":[\"https:\/\/www.frecherzwerg.com\/de\/shop\/kopfbedeckung\/wintermuetzen-gefuettert\/teddymuetze-warm-beige-2\/\"]}]},{\"@type\":\"ImageObject\",\"inLanguage\":\"de\",\"@id\":\"https:\/\/www.frecherzwerg.com\/de\/shop\/kopfbedeckung\/wintermuetzen-gefuettert\/teddymuetze-warm-beige-2\/#primaryimage\",\"url\":\"https:\/\/www.frecherzwerg.com\/wp-content\/uploads\/2019\/11\/Haube_Teddy-beige_model.jpg\",\"contentUrl\":\"https:\/\/www.frecherzwerg.com\/wp-content\/uploads\/2019\/11\/Haube_Teddy-beige_model.jpg\",\"width\":1000,\"height\":1000},{\"@type\":\"BreadcrumbList\",\"@id\":\"https:\/\/www.frecherzwerg.com\/de\/shop\/kopfbedeckung\/wintermuetzen-gefuettert\/teddymuetze-warm-beige-2\/#breadcrumb\",\"itemListElement\":[{\"@type\":\"ListItem\",\"position\":1,\"name\":\"Startseite\",\"item\":\"https:\/\/www.frecherzwerg.com\/de\/\"},{\"@type\":\"ListItem\",\"position\":2,\"name\":\"Shop\",\"item\":\"https:\/\/www.frecherzwerg.com\/de\/shop\/\"},{\"@type\":\"ListItem\",\"position\":3,\"name\":\"Teddym\u00fctze warm beige\"}]},{\"@type\":\"WebSite\",\"@id\":\"https:\/\/www.frecherzwerg.com\/de\/#website\",\"url\":\"https:\/\/www.frecherzwerg.com\/de\/\",\"name\":\"Frecher Zwerg\",\"description\":\"\",\"potentialAction\":[{\"@type\":\"SearchAction\",\"target\":{\"@type\":\"EntryPoint\",\"urlTemplate\":\"https:\/\/www.frecherzwerg.com\/de\/?s={search_term_string}\"},\"query-input\":{\"@type\":\"PropertyValueSpecification\",\"valueRequired\":true,\"valueName\":\"search_term_string\"}}],\"inLanguage\":\"de\"}]}<\/script>\n<!-- \/ Yoast SEO plugin. -->","yoast_head_json":{"title":"Teddym\u00fctze warm beige - Frecher Zwerg","robots":{"index":"index","follow":"follow","max-snippet":"max-snippet:-1","max-image-preview":"max-image-preview:large","max-video-preview":"max-video-preview:-1"},"canonical":"https:\/\/www.frecherzwerg.com\/de\/shop\/kopfbedeckung\/wintermuetzen-gefuettert\/teddymuetze-warm-beige-2\/","og_locale":"de_DE","og_type":"article","og_title":"Teddym\u00fctze warm beige - Frecher Zwerg","og_description":"Mit dieser warmen Winterhaube sind die kleinen Zwerge einfach zum Knuddeln!  Sie geht sch\u00f6n \u00fcber die Ohren und man kann sie binden. So wird den kleinen K\u00f6pfen diesen Winter sicher nicht kalt.  Erh\u00e4ltlich in vier Farben.  &nbsp;  &nbsp;","og_url":"https:\/\/www.frecherzwerg.com\/de\/shop\/kopfbedeckung\/wintermuetzen-gefuettert\/teddymuetze-warm-beige-2\/","og_site_name":"Frecher Zwerg","article_modified_time":"2022-09-16T09:50:24+00:00","og_image":[{"width":1000,"height":1000,"url":"https:\/\/www.frecherzwerg.com\/wp-content\/uploads\/2019\/11\/Haube_Teddy-beige_model.jpg","type":"image\/jpeg"}],"twitter_card":"summary_large_image","schema":{"@context":"https:\/\/schema.org","@graph":[{"@type":"WebPage","@id":"https:\/\/www.frecherzwerg.com\/de\/shop\/kopfbedeckung\/wintermuetzen-gefuettert\/teddymuetze-warm-beige-2\/","url":"https:\/\/www.frecherzwerg.com\/de\/shop\/kopfbedeckung\/wintermuetzen-gefuettert\/teddymuetze-warm-beige-2\/","name":"Teddym\u00fctze warm beige - Frecher Zwerg","isPartOf":{"@id":"https:\/\/www.frecherzwerg.com\/de\/#website"},"primaryImageOfPage":{"@id":"https:\/\/www.frecherzwerg.com\/de\/shop\/kopfbedeckung\/wintermuetzen-gefuettert\/teddymuetze-warm-beige-2\/#primaryimage"},"image":{"@id":"https:\/\/www.frecherzwerg.com\/de\/shop\/kopfbedeckung\/wintermuetzen-gefuettert\/teddymuetze-warm-beige-2\/#primaryimage"},"thumbnailUrl":"https:\/\/www.frecherzwerg.com\/wp-content\/uploads\/2019\/11\/Haube_Teddy-beige_model.jpg","datePublished":"2019-11-06T18:51:24+00:00","dateModified":"2022-09-16T09:50:24+00:00","breadcrumb":{"@id":"https:\/\/www.frecherzwerg.com\/de\/shop\/kopfbedeckung\/wintermuetzen-gefuettert\/teddymuetze-warm-beige-2\/#breadcrumb"},"inLanguage":"de","potentialAction":[{"@type":"ReadAction","target":["https:\/\/www.frecherzwerg.com\/de\/shop\/kopfbedeckung\/wintermuetzen-gefuettert\/teddymuetze-warm-beige-2\/"]}]},{"@type":"ImageObject","inLanguage":"de","@id":"https:\/\/www.frecherzwerg.com\/de\/shop\/kopfbedeckung\/wintermuetzen-gefuettert\/teddymuetze-warm-beige-2\/#primaryimage","url":"https:\/\/www.frecherzwerg.com\/wp-content\/uploads\/2019\/11\/Haube_Teddy-beige_model.jpg","contentUrl":"https:\/\/www.frecherzwerg.com\/wp-content\/uploads\/2019\/11\/Haube_Teddy-beige_model.jpg","width":1000,"height":1000},{"@type":"BreadcrumbList","@id":"https:\/\/www.frecherzwerg.com\/de\/shop\/kopfbedeckung\/wintermuetzen-gefuettert\/teddymuetze-warm-beige-2\/#breadcrumb","itemListElement":[{"@type":"ListItem","position":1,"name":"Startseite","item":"https:\/\/www.frecherzwerg.com\/de\/"},{"@type":"ListItem","position":2,"name":"Shop","item":"https:\/\/www.frecherzwerg.com\/de\/shop\/"},{"@type":"ListItem","position":3,"name":"Teddym\u00fctze warm beige"}]},{"@type":"WebSite","@id":"https:\/\/www.frecherzwerg.com\/de\/#website","url":"https:\/\/www.frecherzwerg.com\/de\/","name":"Frecher Zwerg","description":"","potentialAction":[{"@type":"SearchAction","target":{"@type":"EntryPoint","urlTemplate":"https:\/\/www.frecherzwerg.com\/de\/?s={search_term_string}"},"query-input":{"@type":"PropertyValueSpecification","valueRequired":true,"valueName":"search_term_string"}}],"inLanguage":"de"}]}},"_links":{"self":[{"href":"https:\/\/www.frecherzwerg.com\/de\/wp-json\/wp\/v2\/product\/4255","targetHints":{"allow":["GET"]}}],"collection":[{"href":"https:\/\/www.frecherzwerg.com\/de\/wp-json\/wp\/v2\/product"}],"about":[{"href":"https:\/\/www.frecherzwerg.com\/de\/wp-json\/wp\/v2\/types\/product"}],"replies":[{"embeddable":true,"href":"https:\/\/www.frecherzwerg.com\/de\/wp-json\/wp\/v2\/comments?post=4255"}],"wp:featuredmedia":[{"embeddable":true,"href":"https:\/\/www.frecherzwerg.com\/de\/wp-json\/wp\/v2\/media\/4236"}],"wp:attachment":[{"href":"https:\/\/www.frecherzwerg.com\/de\/wp-json\/wp\/v2\/media?parent=4255"}],"wp:term":[{"taxonomy":"product_brand","embeddable":true,"href":"https:\/\/www.frecherzwerg.com\/de\/wp-json\/wp\/v2\/product_brand?post=4255"},{"taxonomy":"product_cat","embeddable":true,"href":"https:\/\/www.frecherzwerg.com\/de\/wp-json\/wp\/v2\/product_cat?post=4255"},{"taxonomy":"product_tag","embeddable":true,"href":"https:\/\/www.frecherzwerg.com\/de\/wp-json\/wp\/v2\/product_tag?post=4255"}],"curies":[{"name":"wp","href":"https:\/\/api.w.org\/{rel}","templated":true}]}}