{"id":447,"date":"2017-03-27T11:58:22","date_gmt":"2017-03-27T09:58:22","guid":{"rendered":"http:\/\/frecherzwerg.atomproductions.at\/de\/shop\/geldboersen\/geldtasche-froschkoenig\/"},"modified":"2021-11-03T09:19:37","modified_gmt":"2021-11-03T08:19:37","slug":"geldtasche-froschkoenig","status":"publish","type":"product","link":"https:\/\/www.frecherzwerg.com\/de\/shop\/geldboersen\/geldtasche-froschkoenig\/","title":{"rendered":"Geldtasche Froschk\u00f6nig"},"content":{"rendered":"<p><span style=\"font-family: Calibri, sans-serif;\"><strong>Gr\u00f6\u00dfe:<\/strong><\/span> ca. 8&#215;11 cm<\/p>\n<p><span style=\"font-family: Calibri, sans-serif;\"><strong>Material:<\/strong><\/span> 100 % Baumwolle\/cotton<\/p>\n<p><strong>Pflegehinweis:<\/strong> Handw\u00e4sche<\/p>\n<p><span style=\"font-family: Calibri, sans-serif;\"><em>Symbolfoto<\/em>\u00a0<span class=\"st\"><em>\u2013<\/em><\/span>\u00a0<em>Muster kann variieren<\/em><\/span><\/p>\n","protected":false},"excerpt":{"rendered":"<p>Diese s\u00fc\u00dfe Geldb\u00f6rse geh\u00e4kelt aus Baumwollgarn ist das perfekte Geschenk f\u00fcr kleine Eulenliebhaber.<\/p>\n<p>Mit Rei\u00dfverschluss verschlie\u00dfbar.<\/p>\n<p>Mit Liebe handgemacht.<\/p>\n","protected":false},"featured_media":438,"comment_status":"open","ping_status":"closed","template":"","meta":{"_acf_changed":false},"product_brand":[],"product_cat":[63],"product_tag":[],"class_list":{"0":"post-447","1":"product","2":"type-product","3":"status-publish","4":"has-post-thumbnail","6":"product_cat-geldboersen","8":"first","9":"instock","10":"taxable","11":"shipping-taxable","12":"purchasable","13":"product-type-simple"},"acf":[],"yoast_head":"<!-- This site is optimized with the Yoast SEO plugin v26.3 - https:\/\/yoast.com\/wordpress\/plugins\/seo\/ -->\n<title>Geldtasche Froschk\u00f6nig - Frecher Zwerg<\/title>\n<meta name=\"robots\" content=\"index, follow, max-snippet:-1, max-image-preview:large, max-video-preview:-1\" \/>\n<link rel=\"canonical\" href=\"https:\/\/www.frecherzwerg.com\/de\/shop\/geldboersen\/geldtasche-froschkoenig\/\" \/>\n<meta property=\"og:locale\" content=\"de_DE\" \/>\n<meta property=\"og:type\" content=\"article\" \/>\n<meta property=\"og:title\" content=\"Geldtasche Froschk\u00f6nig - Frecher Zwerg\" \/>\n<meta property=\"og:description\" content=\"Diese s\u00fc\u00dfe Geldb\u00f6rse geh\u00e4kelt aus Baumwollgarn ist das perfekte Geschenk f\u00fcr kleine Eulenliebhaber.  Mit Rei\u00dfverschluss verschlie\u00dfbar.  Mit Liebe handgemacht.\" \/>\n<meta property=\"og:url\" content=\"https:\/\/www.frecherzwerg.com\/de\/shop\/geldboersen\/geldtasche-froschkoenig\/\" \/>\n<meta property=\"og:site_name\" content=\"Frecher Zwerg\" \/>\n<meta property=\"article:modified_time\" content=\"2021-11-03T08:19:37+00:00\" \/>\n<meta property=\"og:image\" content=\"https:\/\/www.frecherzwerg.com\/wp-content\/uploads\/2017\/03\/Geldtasche_Froschkoenig.jpg\" \/>\n\t<meta property=\"og:image:width\" content=\"1000\" \/>\n\t<meta property=\"og:image:height\" content=\"1000\" \/>\n\t<meta property=\"og:image:type\" content=\"image\/jpeg\" \/>\n<meta name=\"twitter:card\" content=\"summary_large_image\" \/>\n<script type=\"application\/ld+json\" class=\"yoast-schema-graph\">{\"@context\":\"https:\/\/schema.org\",\"@graph\":[{\"@type\":\"WebPage\",\"@id\":\"https:\/\/www.frecherzwerg.com\/de\/shop\/geldboersen\/geldtasche-froschkoenig\/\",\"url\":\"https:\/\/www.frecherzwerg.com\/de\/shop\/geldboersen\/geldtasche-froschkoenig\/\",\"name\":\"Geldtasche Froschk\u00f6nig - Frecher Zwerg\",\"isPartOf\":{\"@id\":\"https:\/\/www.frecherzwerg.com\/de\/#website\"},\"primaryImageOfPage\":{\"@id\":\"https:\/\/www.frecherzwerg.com\/de\/shop\/geldboersen\/geldtasche-froschkoenig\/#primaryimage\"},\"image\":{\"@id\":\"https:\/\/www.frecherzwerg.com\/de\/shop\/geldboersen\/geldtasche-froschkoenig\/#primaryimage\"},\"thumbnailUrl\":\"https:\/\/www.frecherzwerg.com\/wp-content\/uploads\/2017\/03\/Geldtasche_Froschkoenig.jpg\",\"datePublished\":\"2017-03-27T09:58:22+00:00\",\"dateModified\":\"2021-11-03T08:19:37+00:00\",\"breadcrumb\":{\"@id\":\"https:\/\/www.frecherzwerg.com\/de\/shop\/geldboersen\/geldtasche-froschkoenig\/#breadcrumb\"},\"inLanguage\":\"de\",\"potentialAction\":[{\"@type\":\"ReadAction\",\"target\":[\"https:\/\/www.frecherzwerg.com\/de\/shop\/geldboersen\/geldtasche-froschkoenig\/\"]}]},{\"@type\":\"ImageObject\",\"inLanguage\":\"de\",\"@id\":\"https:\/\/www.frecherzwerg.com\/de\/shop\/geldboersen\/geldtasche-froschkoenig\/#primaryimage\",\"url\":\"https:\/\/www.frecherzwerg.com\/wp-content\/uploads\/2017\/03\/Geldtasche_Froschkoenig.jpg\",\"contentUrl\":\"https:\/\/www.frecherzwerg.com\/wp-content\/uploads\/2017\/03\/Geldtasche_Froschkoenig.jpg\",\"width\":1000,\"height\":1000},{\"@type\":\"BreadcrumbList\",\"@id\":\"https:\/\/www.frecherzwerg.com\/de\/shop\/geldboersen\/geldtasche-froschkoenig\/#breadcrumb\",\"itemListElement\":[{\"@type\":\"ListItem\",\"position\":1,\"name\":\"Startseite\",\"item\":\"https:\/\/www.frecherzwerg.com\/de\/\"},{\"@type\":\"ListItem\",\"position\":2,\"name\":\"Shop\",\"item\":\"https:\/\/www.frecherzwerg.com\/de\/shop\/\"},{\"@type\":\"ListItem\",\"position\":3,\"name\":\"Geldtasche Froschk\u00f6nig\"}]},{\"@type\":\"WebSite\",\"@id\":\"https:\/\/www.frecherzwerg.com\/de\/#website\",\"url\":\"https:\/\/www.frecherzwerg.com\/de\/\",\"name\":\"Frecher Zwerg\",\"description\":\"\",\"potentialAction\":[{\"@type\":\"SearchAction\",\"target\":{\"@type\":\"EntryPoint\",\"urlTemplate\":\"https:\/\/www.frecherzwerg.com\/de\/?s={search_term_string}\"},\"query-input\":{\"@type\":\"PropertyValueSpecification\",\"valueRequired\":true,\"valueName\":\"search_term_string\"}}],\"inLanguage\":\"de\"}]}<\/script>\n<!-- \/ Yoast SEO plugin. -->","yoast_head_json":{"title":"Geldtasche Froschk\u00f6nig - Frecher Zwerg","robots":{"index":"index","follow":"follow","max-snippet":"max-snippet:-1","max-image-preview":"max-image-preview:large","max-video-preview":"max-video-preview:-1"},"canonical":"https:\/\/www.frecherzwerg.com\/de\/shop\/geldboersen\/geldtasche-froschkoenig\/","og_locale":"de_DE","og_type":"article","og_title":"Geldtasche Froschk\u00f6nig - Frecher Zwerg","og_description":"Diese s\u00fc\u00dfe Geldb\u00f6rse geh\u00e4kelt aus Baumwollgarn ist das perfekte Geschenk f\u00fcr kleine Eulenliebhaber.  Mit Rei\u00dfverschluss verschlie\u00dfbar.  Mit Liebe handgemacht.","og_url":"https:\/\/www.frecherzwerg.com\/de\/shop\/geldboersen\/geldtasche-froschkoenig\/","og_site_name":"Frecher Zwerg","article_modified_time":"2021-11-03T08:19:37+00:00","og_image":[{"width":1000,"height":1000,"url":"https:\/\/www.frecherzwerg.com\/wp-content\/uploads\/2017\/03\/Geldtasche_Froschkoenig.jpg","type":"image\/jpeg"}],"twitter_card":"summary_large_image","schema":{"@context":"https:\/\/schema.org","@graph":[{"@type":"WebPage","@id":"https:\/\/www.frecherzwerg.com\/de\/shop\/geldboersen\/geldtasche-froschkoenig\/","url":"https:\/\/www.frecherzwerg.com\/de\/shop\/geldboersen\/geldtasche-froschkoenig\/","name":"Geldtasche Froschk\u00f6nig - Frecher Zwerg","isPartOf":{"@id":"https:\/\/www.frecherzwerg.com\/de\/#website"},"primaryImageOfPage":{"@id":"https:\/\/www.frecherzwerg.com\/de\/shop\/geldboersen\/geldtasche-froschkoenig\/#primaryimage"},"image":{"@id":"https:\/\/www.frecherzwerg.com\/de\/shop\/geldboersen\/geldtasche-froschkoenig\/#primaryimage"},"thumbnailUrl":"https:\/\/www.frecherzwerg.com\/wp-content\/uploads\/2017\/03\/Geldtasche_Froschkoenig.jpg","datePublished":"2017-03-27T09:58:22+00:00","dateModified":"2021-11-03T08:19:37+00:00","breadcrumb":{"@id":"https:\/\/www.frecherzwerg.com\/de\/shop\/geldboersen\/geldtasche-froschkoenig\/#breadcrumb"},"inLanguage":"de","potentialAction":[{"@type":"ReadAction","target":["https:\/\/www.frecherzwerg.com\/de\/shop\/geldboersen\/geldtasche-froschkoenig\/"]}]},{"@type":"ImageObject","inLanguage":"de","@id":"https:\/\/www.frecherzwerg.com\/de\/shop\/geldboersen\/geldtasche-froschkoenig\/#primaryimage","url":"https:\/\/www.frecherzwerg.com\/wp-content\/uploads\/2017\/03\/Geldtasche_Froschkoenig.jpg","contentUrl":"https:\/\/www.frecherzwerg.com\/wp-content\/uploads\/2017\/03\/Geldtasche_Froschkoenig.jpg","width":1000,"height":1000},{"@type":"BreadcrumbList","@id":"https:\/\/www.frecherzwerg.com\/de\/shop\/geldboersen\/geldtasche-froschkoenig\/#breadcrumb","itemListElement":[{"@type":"ListItem","position":1,"name":"Startseite","item":"https:\/\/www.frecherzwerg.com\/de\/"},{"@type":"ListItem","position":2,"name":"Shop","item":"https:\/\/www.frecherzwerg.com\/de\/shop\/"},{"@type":"ListItem","position":3,"name":"Geldtasche Froschk\u00f6nig"}]},{"@type":"WebSite","@id":"https:\/\/www.frecherzwerg.com\/de\/#website","url":"https:\/\/www.frecherzwerg.com\/de\/","name":"Frecher Zwerg","description":"","potentialAction":[{"@type":"SearchAction","target":{"@type":"EntryPoint","urlTemplate":"https:\/\/www.frecherzwerg.com\/de\/?s={search_term_string}"},"query-input":{"@type":"PropertyValueSpecification","valueRequired":true,"valueName":"search_term_string"}}],"inLanguage":"de"}]}},"_links":{"self":[{"href":"https:\/\/www.frecherzwerg.com\/de\/wp-json\/wp\/v2\/product\/447","targetHints":{"allow":["GET"]}}],"collection":[{"href":"https:\/\/www.frecherzwerg.com\/de\/wp-json\/wp\/v2\/product"}],"about":[{"href":"https:\/\/www.frecherzwerg.com\/de\/wp-json\/wp\/v2\/types\/product"}],"replies":[{"embeddable":true,"href":"https:\/\/www.frecherzwerg.com\/de\/wp-json\/wp\/v2\/comments?post=447"}],"wp:featuredmedia":[{"embeddable":true,"href":"https:\/\/www.frecherzwerg.com\/de\/wp-json\/wp\/v2\/media\/438"}],"wp:attachment":[{"href":"https:\/\/www.frecherzwerg.com\/de\/wp-json\/wp\/v2\/media?parent=447"}],"wp:term":[{"taxonomy":"product_brand","embeddable":true,"href":"https:\/\/www.frecherzwerg.com\/de\/wp-json\/wp\/v2\/product_brand?post=447"},{"taxonomy":"product_cat","embeddable":true,"href":"https:\/\/www.frecherzwerg.com\/de\/wp-json\/wp\/v2\/product_cat?post=447"},{"taxonomy":"product_tag","embeddable":true,"href":"https:\/\/www.frecherzwerg.com\/de\/wp-json\/wp\/v2\/product_tag?post=447"}],"curies":[{"name":"wp","href":"https:\/\/api.w.org\/{rel}","templated":true}]}}