{"id":4494,"date":"2020-03-19T12:58:53","date_gmt":"2020-03-19T11:58:53","guid":{"rendered":"https:\/\/www.frecherzwerg.com\/?post_type=product&#038;p=4494"},"modified":"2024-04-10T10:36:58","modified_gmt":"2024-04-10T08:36:58","slug":"set-wendemuetze-schlauchschal-mit-fussbaellen","status":"publish","type":"product","link":"https:\/\/www.frecherzwerg.com\/de\/shop\/kopfbedeckung\/jerseymuetze\/set-wendemuetze-schlauchschal-mit-fussbaellen\/","title":{"rendered":"SET Wendem\u00fctze &#038; Schlauchschal mit Fu\u00dfb\u00e4llen"},"content":{"rendered":"<p>Diese Wendem\u00fctzen und Schlauchschals sind durch den dehnbaren, weichen Baumwolljersey sehr angenehm zu tragen.<\/p>\n<p>Bei den ganz kleinen (KU44-47) ist ein Wendehalstuch dabei.<\/p>\n<p><strong>Material:<br \/>\n<\/strong><span lang=\"EN-US\" xml:lang=\"EN-US\">95 % Baumwolle, 5 % Elasthan<br \/>\n<\/span><\/p>\n<p><strong>Pflegehinweis:<\/strong> 30\u00baC in der Waschmaschine<\/p>\n<p><em>Symbolfoto<\/em>\u00a0<span class=\"st\"><em>\u2013<\/em><\/span>\u00a0<em>Muster kann variieren<\/em><\/p>\n","protected":false},"excerpt":{"rendered":"<p>Diese Jerseym\u00fctzen mit Fu\u00dfb\u00e4llen ist genau das Richtige f\u00fcr kleine Fu\u00dfballfans. Auf der Wendeseite ist ein weicher grauer Bio-Baumwolljersey.<\/p>\n<p>Die M\u00fctze und der Schal sind wendbar und der weiche Baumwolljersey ist sehr angenehm zu tragen. Perfekt als \u00dcbergangshaube.<\/p>\n","protected":false},"featured_media":4488,"comment_status":"open","ping_status":"closed","template":"","meta":{"_acf_changed":false},"product_brand":[],"product_cat":[51],"product_tag":[],"class_list":{"0":"post-4494","1":"product","2":"type-product","3":"status-publish","4":"has-post-thumbnail","6":"product_cat-jerseymuetze","8":"first","9":"instock","10":"taxable","11":"shipping-taxable","12":"purchasable","13":"product-type-variable"},"acf":[],"yoast_head":"<!-- This site is optimized with the Yoast SEO plugin v26.3 - https:\/\/yoast.com\/wordpress\/plugins\/seo\/ -->\n<title>SET Wendem\u00fctze &amp; Schlauchschal mit Fu\u00dfb\u00e4llen - Frecher Zwerg<\/title>\n<meta name=\"robots\" content=\"index, follow, max-snippet:-1, max-image-preview:large, max-video-preview:-1\" \/>\n<link rel=\"canonical\" href=\"https:\/\/www.frecherzwerg.com\/de\/shop\/kopfbedeckung\/jerseymuetze\/set-wendemuetze-schlauchschal-mit-fussbaellen\/\" \/>\n<meta property=\"og:locale\" content=\"de_DE\" \/>\n<meta property=\"og:type\" content=\"article\" \/>\n<meta property=\"og:title\" content=\"SET Wendem\u00fctze &amp; Schlauchschal mit Fu\u00dfb\u00e4llen - Frecher Zwerg\" \/>\n<meta property=\"og:description\" content=\"Diese Jerseym\u00fctzen mit Fu\u00dfb\u00e4llen ist genau das Richtige f\u00fcr kleine Fu\u00dfballfans. Auf der Wendeseite ist ein weicher grauer Bio-Baumwolljersey.  Die M\u00fctze und der Schal sind wendbar und der weiche Baumwolljersey ist sehr angenehm zu tragen. Perfekt als \u00dcbergangshaube.\" \/>\n<meta property=\"og:url\" content=\"https:\/\/www.frecherzwerg.com\/de\/shop\/kopfbedeckung\/jerseymuetze\/set-wendemuetze-schlauchschal-mit-fussbaellen\/\" \/>\n<meta property=\"og:site_name\" content=\"Frecher Zwerg\" \/>\n<meta property=\"article:modified_time\" content=\"2024-04-10T08:36:58+00:00\" \/>\n<meta property=\"og:image\" content=\"https:\/\/www.frecherzwerg.com\/wp-content\/uploads\/2020\/03\/Haube_Fu\u00dfball_grau_klein.jpg\" \/>\n\t<meta property=\"og:image:width\" content=\"900\" \/>\n\t<meta property=\"og:image:height\" content=\"900\" \/>\n\t<meta property=\"og:image:type\" content=\"image\/jpeg\" \/>\n<meta name=\"twitter:card\" content=\"summary_large_image\" \/>\n<script type=\"application\/ld+json\" class=\"yoast-schema-graph\">{\"@context\":\"https:\/\/schema.org\",\"@graph\":[{\"@type\":\"WebPage\",\"@id\":\"https:\/\/www.frecherzwerg.com\/de\/shop\/kopfbedeckung\/jerseymuetze\/set-wendemuetze-schlauchschal-mit-fussbaellen\/\",\"url\":\"https:\/\/www.frecherzwerg.com\/de\/shop\/kopfbedeckung\/jerseymuetze\/set-wendemuetze-schlauchschal-mit-fussbaellen\/\",\"name\":\"SET Wendem\u00fctze & Schlauchschal mit Fu\u00dfb\u00e4llen - Frecher Zwerg\",\"isPartOf\":{\"@id\":\"https:\/\/www.frecherzwerg.com\/de\/#website\"},\"primaryImageOfPage\":{\"@id\":\"https:\/\/www.frecherzwerg.com\/de\/shop\/kopfbedeckung\/jerseymuetze\/set-wendemuetze-schlauchschal-mit-fussbaellen\/#primaryimage\"},\"image\":{\"@id\":\"https:\/\/www.frecherzwerg.com\/de\/shop\/kopfbedeckung\/jerseymuetze\/set-wendemuetze-schlauchschal-mit-fussbaellen\/#primaryimage\"},\"thumbnailUrl\":\"https:\/\/www.frecherzwerg.com\/wp-content\/uploads\/2020\/03\/Haube_Fu\u00dfball_grau_klein.jpg\",\"datePublished\":\"2020-03-19T11:58:53+00:00\",\"dateModified\":\"2024-04-10T08:36:58+00:00\",\"breadcrumb\":{\"@id\":\"https:\/\/www.frecherzwerg.com\/de\/shop\/kopfbedeckung\/jerseymuetze\/set-wendemuetze-schlauchschal-mit-fussbaellen\/#breadcrumb\"},\"inLanguage\":\"de\",\"potentialAction\":[{\"@type\":\"ReadAction\",\"target\":[\"https:\/\/www.frecherzwerg.com\/de\/shop\/kopfbedeckung\/jerseymuetze\/set-wendemuetze-schlauchschal-mit-fussbaellen\/\"]}]},{\"@type\":\"ImageObject\",\"inLanguage\":\"de\",\"@id\":\"https:\/\/www.frecherzwerg.com\/de\/shop\/kopfbedeckung\/jerseymuetze\/set-wendemuetze-schlauchschal-mit-fussbaellen\/#primaryimage\",\"url\":\"https:\/\/www.frecherzwerg.com\/wp-content\/uploads\/2020\/03\/Haube_Fu\u00dfball_grau_klein.jpg\",\"contentUrl\":\"https:\/\/www.frecherzwerg.com\/wp-content\/uploads\/2020\/03\/Haube_Fu\u00dfball_grau_klein.jpg\",\"width\":900,\"height\":900},{\"@type\":\"BreadcrumbList\",\"@id\":\"https:\/\/www.frecherzwerg.com\/de\/shop\/kopfbedeckung\/jerseymuetze\/set-wendemuetze-schlauchschal-mit-fussbaellen\/#breadcrumb\",\"itemListElement\":[{\"@type\":\"ListItem\",\"position\":1,\"name\":\"Startseite\",\"item\":\"https:\/\/www.frecherzwerg.com\/de\/\"},{\"@type\":\"ListItem\",\"position\":2,\"name\":\"Shop\",\"item\":\"https:\/\/www.frecherzwerg.com\/de\/shop\/\"},{\"@type\":\"ListItem\",\"position\":3,\"name\":\"SET Wendem\u00fctze &#038; Schlauchschal mit Fu\u00dfb\u00e4llen\"}]},{\"@type\":\"WebSite\",\"@id\":\"https:\/\/www.frecherzwerg.com\/de\/#website\",\"url\":\"https:\/\/www.frecherzwerg.com\/de\/\",\"name\":\"Frecher Zwerg\",\"description\":\"\",\"potentialAction\":[{\"@type\":\"SearchAction\",\"target\":{\"@type\":\"EntryPoint\",\"urlTemplate\":\"https:\/\/www.frecherzwerg.com\/de\/?s={search_term_string}\"},\"query-input\":{\"@type\":\"PropertyValueSpecification\",\"valueRequired\":true,\"valueName\":\"search_term_string\"}}],\"inLanguage\":\"de\"}]}<\/script>\n<!-- \/ Yoast SEO plugin. -->","yoast_head_json":{"title":"SET Wendem\u00fctze & Schlauchschal mit Fu\u00dfb\u00e4llen - Frecher Zwerg","robots":{"index":"index","follow":"follow","max-snippet":"max-snippet:-1","max-image-preview":"max-image-preview:large","max-video-preview":"max-video-preview:-1"},"canonical":"https:\/\/www.frecherzwerg.com\/de\/shop\/kopfbedeckung\/jerseymuetze\/set-wendemuetze-schlauchschal-mit-fussbaellen\/","og_locale":"de_DE","og_type":"article","og_title":"SET Wendem\u00fctze & Schlauchschal mit Fu\u00dfb\u00e4llen - Frecher Zwerg","og_description":"Diese Jerseym\u00fctzen mit Fu\u00dfb\u00e4llen ist genau das Richtige f\u00fcr kleine Fu\u00dfballfans. Auf der Wendeseite ist ein weicher grauer Bio-Baumwolljersey.  Die M\u00fctze und der Schal sind wendbar und der weiche Baumwolljersey ist sehr angenehm zu tragen. Perfekt als \u00dcbergangshaube.","og_url":"https:\/\/www.frecherzwerg.com\/de\/shop\/kopfbedeckung\/jerseymuetze\/set-wendemuetze-schlauchschal-mit-fussbaellen\/","og_site_name":"Frecher Zwerg","article_modified_time":"2024-04-10T08:36:58+00:00","og_image":[{"width":900,"height":900,"url":"https:\/\/www.frecherzwerg.com\/wp-content\/uploads\/2020\/03\/Haube_Fu\u00dfball_grau_klein.jpg","type":"image\/jpeg"}],"twitter_card":"summary_large_image","schema":{"@context":"https:\/\/schema.org","@graph":[{"@type":"WebPage","@id":"https:\/\/www.frecherzwerg.com\/de\/shop\/kopfbedeckung\/jerseymuetze\/set-wendemuetze-schlauchschal-mit-fussbaellen\/","url":"https:\/\/www.frecherzwerg.com\/de\/shop\/kopfbedeckung\/jerseymuetze\/set-wendemuetze-schlauchschal-mit-fussbaellen\/","name":"SET Wendem\u00fctze & Schlauchschal mit Fu\u00dfb\u00e4llen - Frecher Zwerg","isPartOf":{"@id":"https:\/\/www.frecherzwerg.com\/de\/#website"},"primaryImageOfPage":{"@id":"https:\/\/www.frecherzwerg.com\/de\/shop\/kopfbedeckung\/jerseymuetze\/set-wendemuetze-schlauchschal-mit-fussbaellen\/#primaryimage"},"image":{"@id":"https:\/\/www.frecherzwerg.com\/de\/shop\/kopfbedeckung\/jerseymuetze\/set-wendemuetze-schlauchschal-mit-fussbaellen\/#primaryimage"},"thumbnailUrl":"https:\/\/www.frecherzwerg.com\/wp-content\/uploads\/2020\/03\/Haube_Fu\u00dfball_grau_klein.jpg","datePublished":"2020-03-19T11:58:53+00:00","dateModified":"2024-04-10T08:36:58+00:00","breadcrumb":{"@id":"https:\/\/www.frecherzwerg.com\/de\/shop\/kopfbedeckung\/jerseymuetze\/set-wendemuetze-schlauchschal-mit-fussbaellen\/#breadcrumb"},"inLanguage":"de","potentialAction":[{"@type":"ReadAction","target":["https:\/\/www.frecherzwerg.com\/de\/shop\/kopfbedeckung\/jerseymuetze\/set-wendemuetze-schlauchschal-mit-fussbaellen\/"]}]},{"@type":"ImageObject","inLanguage":"de","@id":"https:\/\/www.frecherzwerg.com\/de\/shop\/kopfbedeckung\/jerseymuetze\/set-wendemuetze-schlauchschal-mit-fussbaellen\/#primaryimage","url":"https:\/\/www.frecherzwerg.com\/wp-content\/uploads\/2020\/03\/Haube_Fu\u00dfball_grau_klein.jpg","contentUrl":"https:\/\/www.frecherzwerg.com\/wp-content\/uploads\/2020\/03\/Haube_Fu\u00dfball_grau_klein.jpg","width":900,"height":900},{"@type":"BreadcrumbList","@id":"https:\/\/www.frecherzwerg.com\/de\/shop\/kopfbedeckung\/jerseymuetze\/set-wendemuetze-schlauchschal-mit-fussbaellen\/#breadcrumb","itemListElement":[{"@type":"ListItem","position":1,"name":"Startseite","item":"https:\/\/www.frecherzwerg.com\/de\/"},{"@type":"ListItem","position":2,"name":"Shop","item":"https:\/\/www.frecherzwerg.com\/de\/shop\/"},{"@type":"ListItem","position":3,"name":"SET Wendem\u00fctze &#038; Schlauchschal mit Fu\u00dfb\u00e4llen"}]},{"@type":"WebSite","@id":"https:\/\/www.frecherzwerg.com\/de\/#website","url":"https:\/\/www.frecherzwerg.com\/de\/","name":"Frecher Zwerg","description":"","potentialAction":[{"@type":"SearchAction","target":{"@type":"EntryPoint","urlTemplate":"https:\/\/www.frecherzwerg.com\/de\/?s={search_term_string}"},"query-input":{"@type":"PropertyValueSpecification","valueRequired":true,"valueName":"search_term_string"}}],"inLanguage":"de"}]}},"_links":{"self":[{"href":"https:\/\/www.frecherzwerg.com\/de\/wp-json\/wp\/v2\/product\/4494","targetHints":{"allow":["GET"]}}],"collection":[{"href":"https:\/\/www.frecherzwerg.com\/de\/wp-json\/wp\/v2\/product"}],"about":[{"href":"https:\/\/www.frecherzwerg.com\/de\/wp-json\/wp\/v2\/types\/product"}],"replies":[{"embeddable":true,"href":"https:\/\/www.frecherzwerg.com\/de\/wp-json\/wp\/v2\/comments?post=4494"}],"wp:featuredmedia":[{"embeddable":true,"href":"https:\/\/www.frecherzwerg.com\/de\/wp-json\/wp\/v2\/media\/4488"}],"wp:attachment":[{"href":"https:\/\/www.frecherzwerg.com\/de\/wp-json\/wp\/v2\/media?parent=4494"}],"wp:term":[{"taxonomy":"product_brand","embeddable":true,"href":"https:\/\/www.frecherzwerg.com\/de\/wp-json\/wp\/v2\/product_brand?post=4494"},{"taxonomy":"product_cat","embeddable":true,"href":"https:\/\/www.frecherzwerg.com\/de\/wp-json\/wp\/v2\/product_cat?post=4494"},{"taxonomy":"product_tag","embeddable":true,"href":"https:\/\/www.frecherzwerg.com\/de\/wp-json\/wp\/v2\/product_tag?post=4494"}],"curies":[{"name":"wp","href":"https:\/\/api.w.org\/{rel}","templated":true}]}}