{"id":5535,"date":"2021-05-27T13:28:03","date_gmt":"2021-05-27T11:28:03","guid":{"rendered":"https:\/\/www.frecherzwerg.com\/?post_type=product&#038;p=5535"},"modified":"2022-11-29T10:05:16","modified_gmt":"2022-11-29T09:05:16","slug":"set-wendemuetze-schlauchschal-panda-tupfen","status":"publish","type":"product","link":"https:\/\/www.frecherzwerg.com\/de\/shop\/kopfbedeckung\/jerseymuetze\/set-wendemuetze-schlauchschal-panda-tupfen\/","title":{"rendered":"SET Wendem\u00fctze &#038; Schlauchschal Panda \/ Tupfen"},"content":{"rendered":"<p>Diese Wendem\u00fctzen und Schlauchschals sind durch den dehnbaren, weichen Baumwolljersey sehr angenehm zu tragen.<\/p>\n<p>Bei den ganz kleinen (KU44-47) ist ein Wendehalstuch dabei.<\/p>\n<p><strong>Material:<br \/>\n<\/strong><span lang=\"EN-US\" xml:lang=\"EN-US\">95 % Baumwolle, 5 % Elasthan<br \/>\n<\/span><\/p>\n<p><strong>Pflegehinweis:<\/strong> 30\u00baC in der Waschmaschine<\/p>\n<p><em>Symbolfoto<\/em>\u00a0<span class=\"st\"><em>\u2013<\/em><\/span>\u00a0<em>Muster kann variieren<\/em><\/p>\n","protected":false},"excerpt":{"rendered":"<p>Diese Jerseym\u00fctzen mit s\u00fc\u00dfen Pandas passt ideal f\u00fcr die \u00dcbergangszeit. Den Schlauchschal kann man in der Mitte falten und dann auch als Stirnband verwenden.\u00a0Auf der Wendeseite sind gro\u00dfe Tupfen.<\/p>\n<p>Die M\u00fctze und der Schal sind wendbar und der weiche Baumwolljersey ist sehr angenehm zu tragen. Perfekt als \u00dcbergangshaube.<\/p>\n","protected":false},"featured_media":5650,"comment_status":"open","ping_status":"closed","template":"","meta":{"_acf_changed":false},"product_brand":[],"product_cat":[51],"product_tag":[],"class_list":{"0":"post-5535","1":"product","2":"type-product","3":"status-publish","4":"has-post-thumbnail","6":"product_cat-jerseymuetze","8":"first","9":"instock","10":"taxable","11":"shipping-taxable","12":"purchasable","13":"product-type-variable"},"acf":[],"yoast_head":"<!-- This site is optimized with the Yoast SEO plugin v26.3 - https:\/\/yoast.com\/wordpress\/plugins\/seo\/ -->\n<title>SET Wendem\u00fctze &amp; Schlauchschal Panda \/ Tupfen - Frecher Zwerg<\/title>\n<meta name=\"robots\" content=\"index, follow, max-snippet:-1, max-image-preview:large, max-video-preview:-1\" \/>\n<link rel=\"canonical\" href=\"https:\/\/www.frecherzwerg.com\/de\/shop\/kopfbedeckung\/jerseymuetze\/set-wendemuetze-schlauchschal-panda-tupfen\/\" \/>\n<meta property=\"og:locale\" content=\"de_DE\" \/>\n<meta property=\"og:type\" content=\"article\" \/>\n<meta property=\"og:title\" content=\"SET Wendem\u00fctze &amp; Schlauchschal Panda \/ Tupfen - Frecher Zwerg\" \/>\n<meta property=\"og:description\" content=\"Diese Jerseym\u00fctzen mit s\u00fc\u00dfen Pandas passt ideal f\u00fcr die \u00dcbergangszeit. Den Schlauchschal kann man in der Mitte falten und dann auch als Stirnband verwenden.\u00a0Auf der Wendeseite sind gro\u00dfe Tupfen.  Die M\u00fctze und der Schal sind wendbar und der weiche Baumwolljersey ist sehr angenehm zu tragen. Perfekt als \u00dcbergangshaube.\" \/>\n<meta property=\"og:url\" content=\"https:\/\/www.frecherzwerg.com\/de\/shop\/kopfbedeckung\/jerseymuetze\/set-wendemuetze-schlauchschal-panda-tupfen\/\" \/>\n<meta property=\"og:site_name\" content=\"Frecher Zwerg\" \/>\n<meta property=\"article:modified_time\" content=\"2022-11-29T09:05:16+00:00\" \/>\n<meta property=\"og:image\" content=\"https:\/\/www.frecherzwerg.com\/wp-content\/uploads\/2021\/05\/Haube_Punkte_Panda_model_2_web.jpg\" \/>\n\t<meta property=\"og:image:width\" content=\"1000\" \/>\n\t<meta property=\"og:image:height\" content=\"1000\" \/>\n\t<meta property=\"og:image:type\" content=\"image\/jpeg\" \/>\n<meta name=\"twitter:card\" content=\"summary_large_image\" \/>\n<script type=\"application\/ld+json\" class=\"yoast-schema-graph\">{\"@context\":\"https:\/\/schema.org\",\"@graph\":[{\"@type\":\"WebPage\",\"@id\":\"https:\/\/www.frecherzwerg.com\/de\/shop\/kopfbedeckung\/jerseymuetze\/set-wendemuetze-schlauchschal-panda-tupfen\/\",\"url\":\"https:\/\/www.frecherzwerg.com\/de\/shop\/kopfbedeckung\/jerseymuetze\/set-wendemuetze-schlauchschal-panda-tupfen\/\",\"name\":\"SET Wendem\u00fctze & Schlauchschal Panda \/ Tupfen - Frecher Zwerg\",\"isPartOf\":{\"@id\":\"https:\/\/www.frecherzwerg.com\/de\/#website\"},\"primaryImageOfPage\":{\"@id\":\"https:\/\/www.frecherzwerg.com\/de\/shop\/kopfbedeckung\/jerseymuetze\/set-wendemuetze-schlauchschal-panda-tupfen\/#primaryimage\"},\"image\":{\"@id\":\"https:\/\/www.frecherzwerg.com\/de\/shop\/kopfbedeckung\/jerseymuetze\/set-wendemuetze-schlauchschal-panda-tupfen\/#primaryimage\"},\"thumbnailUrl\":\"https:\/\/www.frecherzwerg.com\/wp-content\/uploads\/2021\/05\/Haube_Punkte_Panda_model_2_web.jpg\",\"datePublished\":\"2021-05-27T11:28:03+00:00\",\"dateModified\":\"2022-11-29T09:05:16+00:00\",\"breadcrumb\":{\"@id\":\"https:\/\/www.frecherzwerg.com\/de\/shop\/kopfbedeckung\/jerseymuetze\/set-wendemuetze-schlauchschal-panda-tupfen\/#breadcrumb\"},\"inLanguage\":\"de\",\"potentialAction\":[{\"@type\":\"ReadAction\",\"target\":[\"https:\/\/www.frecherzwerg.com\/de\/shop\/kopfbedeckung\/jerseymuetze\/set-wendemuetze-schlauchschal-panda-tupfen\/\"]}]},{\"@type\":\"ImageObject\",\"inLanguage\":\"de\",\"@id\":\"https:\/\/www.frecherzwerg.com\/de\/shop\/kopfbedeckung\/jerseymuetze\/set-wendemuetze-schlauchschal-panda-tupfen\/#primaryimage\",\"url\":\"https:\/\/www.frecherzwerg.com\/wp-content\/uploads\/2021\/05\/Haube_Punkte_Panda_model_2_web.jpg\",\"contentUrl\":\"https:\/\/www.frecherzwerg.com\/wp-content\/uploads\/2021\/05\/Haube_Punkte_Panda_model_2_web.jpg\",\"width\":1000,\"height\":1000},{\"@type\":\"BreadcrumbList\",\"@id\":\"https:\/\/www.frecherzwerg.com\/de\/shop\/kopfbedeckung\/jerseymuetze\/set-wendemuetze-schlauchschal-panda-tupfen\/#breadcrumb\",\"itemListElement\":[{\"@type\":\"ListItem\",\"position\":1,\"name\":\"Startseite\",\"item\":\"https:\/\/www.frecherzwerg.com\/de\/\"},{\"@type\":\"ListItem\",\"position\":2,\"name\":\"Shop\",\"item\":\"https:\/\/www.frecherzwerg.com\/de\/shop\/\"},{\"@type\":\"ListItem\",\"position\":3,\"name\":\"SET Wendem\u00fctze &#038; Schlauchschal Panda \/ Tupfen\"}]},{\"@type\":\"WebSite\",\"@id\":\"https:\/\/www.frecherzwerg.com\/de\/#website\",\"url\":\"https:\/\/www.frecherzwerg.com\/de\/\",\"name\":\"Frecher Zwerg\",\"description\":\"\",\"potentialAction\":[{\"@type\":\"SearchAction\",\"target\":{\"@type\":\"EntryPoint\",\"urlTemplate\":\"https:\/\/www.frecherzwerg.com\/de\/?s={search_term_string}\"},\"query-input\":{\"@type\":\"PropertyValueSpecification\",\"valueRequired\":true,\"valueName\":\"search_term_string\"}}],\"inLanguage\":\"de\"}]}<\/script>\n<!-- \/ Yoast SEO plugin. -->","yoast_head_json":{"title":"SET Wendem\u00fctze & Schlauchschal Panda \/ Tupfen - Frecher Zwerg","robots":{"index":"index","follow":"follow","max-snippet":"max-snippet:-1","max-image-preview":"max-image-preview:large","max-video-preview":"max-video-preview:-1"},"canonical":"https:\/\/www.frecherzwerg.com\/de\/shop\/kopfbedeckung\/jerseymuetze\/set-wendemuetze-schlauchschal-panda-tupfen\/","og_locale":"de_DE","og_type":"article","og_title":"SET Wendem\u00fctze & Schlauchschal Panda \/ Tupfen - Frecher Zwerg","og_description":"Diese Jerseym\u00fctzen mit s\u00fc\u00dfen Pandas passt ideal f\u00fcr die \u00dcbergangszeit. Den Schlauchschal kann man in der Mitte falten und dann auch als Stirnband verwenden.\u00a0Auf der Wendeseite sind gro\u00dfe Tupfen.  Die M\u00fctze und der Schal sind wendbar und der weiche Baumwolljersey ist sehr angenehm zu tragen. Perfekt als \u00dcbergangshaube.","og_url":"https:\/\/www.frecherzwerg.com\/de\/shop\/kopfbedeckung\/jerseymuetze\/set-wendemuetze-schlauchschal-panda-tupfen\/","og_site_name":"Frecher Zwerg","article_modified_time":"2022-11-29T09:05:16+00:00","og_image":[{"width":1000,"height":1000,"url":"https:\/\/www.frecherzwerg.com\/wp-content\/uploads\/2021\/05\/Haube_Punkte_Panda_model_2_web.jpg","type":"image\/jpeg"}],"twitter_card":"summary_large_image","schema":{"@context":"https:\/\/schema.org","@graph":[{"@type":"WebPage","@id":"https:\/\/www.frecherzwerg.com\/de\/shop\/kopfbedeckung\/jerseymuetze\/set-wendemuetze-schlauchschal-panda-tupfen\/","url":"https:\/\/www.frecherzwerg.com\/de\/shop\/kopfbedeckung\/jerseymuetze\/set-wendemuetze-schlauchschal-panda-tupfen\/","name":"SET Wendem\u00fctze & Schlauchschal Panda \/ Tupfen - Frecher Zwerg","isPartOf":{"@id":"https:\/\/www.frecherzwerg.com\/de\/#website"},"primaryImageOfPage":{"@id":"https:\/\/www.frecherzwerg.com\/de\/shop\/kopfbedeckung\/jerseymuetze\/set-wendemuetze-schlauchschal-panda-tupfen\/#primaryimage"},"image":{"@id":"https:\/\/www.frecherzwerg.com\/de\/shop\/kopfbedeckung\/jerseymuetze\/set-wendemuetze-schlauchschal-panda-tupfen\/#primaryimage"},"thumbnailUrl":"https:\/\/www.frecherzwerg.com\/wp-content\/uploads\/2021\/05\/Haube_Punkte_Panda_model_2_web.jpg","datePublished":"2021-05-27T11:28:03+00:00","dateModified":"2022-11-29T09:05:16+00:00","breadcrumb":{"@id":"https:\/\/www.frecherzwerg.com\/de\/shop\/kopfbedeckung\/jerseymuetze\/set-wendemuetze-schlauchschal-panda-tupfen\/#breadcrumb"},"inLanguage":"de","potentialAction":[{"@type":"ReadAction","target":["https:\/\/www.frecherzwerg.com\/de\/shop\/kopfbedeckung\/jerseymuetze\/set-wendemuetze-schlauchschal-panda-tupfen\/"]}]},{"@type":"ImageObject","inLanguage":"de","@id":"https:\/\/www.frecherzwerg.com\/de\/shop\/kopfbedeckung\/jerseymuetze\/set-wendemuetze-schlauchschal-panda-tupfen\/#primaryimage","url":"https:\/\/www.frecherzwerg.com\/wp-content\/uploads\/2021\/05\/Haube_Punkte_Panda_model_2_web.jpg","contentUrl":"https:\/\/www.frecherzwerg.com\/wp-content\/uploads\/2021\/05\/Haube_Punkte_Panda_model_2_web.jpg","width":1000,"height":1000},{"@type":"BreadcrumbList","@id":"https:\/\/www.frecherzwerg.com\/de\/shop\/kopfbedeckung\/jerseymuetze\/set-wendemuetze-schlauchschal-panda-tupfen\/#breadcrumb","itemListElement":[{"@type":"ListItem","position":1,"name":"Startseite","item":"https:\/\/www.frecherzwerg.com\/de\/"},{"@type":"ListItem","position":2,"name":"Shop","item":"https:\/\/www.frecherzwerg.com\/de\/shop\/"},{"@type":"ListItem","position":3,"name":"SET Wendem\u00fctze &#038; Schlauchschal Panda \/ Tupfen"}]},{"@type":"WebSite","@id":"https:\/\/www.frecherzwerg.com\/de\/#website","url":"https:\/\/www.frecherzwerg.com\/de\/","name":"Frecher Zwerg","description":"","potentialAction":[{"@type":"SearchAction","target":{"@type":"EntryPoint","urlTemplate":"https:\/\/www.frecherzwerg.com\/de\/?s={search_term_string}"},"query-input":{"@type":"PropertyValueSpecification","valueRequired":true,"valueName":"search_term_string"}}],"inLanguage":"de"}]}},"_links":{"self":[{"href":"https:\/\/www.frecherzwerg.com\/de\/wp-json\/wp\/v2\/product\/5535","targetHints":{"allow":["GET"]}}],"collection":[{"href":"https:\/\/www.frecherzwerg.com\/de\/wp-json\/wp\/v2\/product"}],"about":[{"href":"https:\/\/www.frecherzwerg.com\/de\/wp-json\/wp\/v2\/types\/product"}],"replies":[{"embeddable":true,"href":"https:\/\/www.frecherzwerg.com\/de\/wp-json\/wp\/v2\/comments?post=5535"}],"wp:featuredmedia":[{"embeddable":true,"href":"https:\/\/www.frecherzwerg.com\/de\/wp-json\/wp\/v2\/media\/5650"}],"wp:attachment":[{"href":"https:\/\/www.frecherzwerg.com\/de\/wp-json\/wp\/v2\/media?parent=5535"}],"wp:term":[{"taxonomy":"product_brand","embeddable":true,"href":"https:\/\/www.frecherzwerg.com\/de\/wp-json\/wp\/v2\/product_brand?post=5535"},{"taxonomy":"product_cat","embeddable":true,"href":"https:\/\/www.frecherzwerg.com\/de\/wp-json\/wp\/v2\/product_cat?post=5535"},{"taxonomy":"product_tag","embeddable":true,"href":"https:\/\/www.frecherzwerg.com\/de\/wp-json\/wp\/v2\/product_tag?post=5535"}],"curies":[{"name":"wp","href":"https:\/\/api.w.org\/{rel}","templated":true}]}}