{"id":5753,"date":"2021-10-12T15:54:05","date_gmt":"2021-10-12T13:54:05","guid":{"rendered":"https:\/\/www.frecherzwerg.com\/?post_type=product&#038;p=5753"},"modified":"2024-09-16T19:49:14","modified_gmt":"2024-09-16T17:49:14","slug":"sweaterhose-berdeau-oker-mit-waldtieren","status":"publish","type":"product","link":"https:\/\/www.frecherzwerg.com\/de\/shop\/pumphosen-lang\/sweaterhose-berdeau-oker-mit-waldtieren\/","title":{"rendered":"Sweaterhose berdeau\/oker mit Waldtieren"},"content":{"rendered":"<p>Diese Sweaterhosen mit s\u00fc\u00dfen Waldtieren ist genau das Richtige f\u00fcr kleine Tierliebhaber.<\/p>\n<p>Durch den dehnbaren, weichen Stoff sind sie sehr angenehm zu tragen und die kleinen Zwerge sind so in der Bewegung \u00fcberhaupt nicht eingeschr\u00e4nkt. Der Breite Bund ist sehr weich und dehnbar.<\/p>\n<p>Dieses Produkt wurde mit viel Liebe in \u00d6sterreich <strong>handgemacht<\/strong>.<\/p>\n<p><strong>Material:<br \/>\n<\/strong><span lang=\"EN-US\" xml:lang=\"EN-US\">95 % Baumwolle, 5 % Elasthan<br \/>\n<\/span><\/p>\n<p><strong>Pflegehinweis:<\/strong>\u00a040\u00baC in der Waschmaschine<\/p>\n<p><em>Symbolfoto<\/em>\u00a0<span class=\"st\"><em>\u2013<\/em><\/span>\u00a0<em>Muster kann variieren<\/em><\/p>\n","protected":false},"excerpt":{"rendered":"<p>Diese Mitwachshosen sind durch den dehnbaren, weichen Stoff sehr angenehm zu tragen und die kleinen Zwerge sind so in der Bewegung \u00fcberhaupt nicht eingeschr\u00e4nkt.<\/p>\n","protected":false},"featured_media":5714,"comment_status":"open","ping_status":"closed","template":"","meta":{"_acf_changed":false},"product_brand":[],"product_cat":[47],"product_tag":[],"class_list":{"0":"post-5753","1":"product","2":"type-product","3":"status-publish","4":"has-post-thumbnail","6":"product_cat-pumphosen-lang","8":"first","9":"instock","10":"taxable","11":"shipping-taxable","12":"purchasable","13":"product-type-variable"},"acf":[],"yoast_head":"<!-- This site is optimized with the Yoast SEO plugin v26.3 - https:\/\/yoast.com\/wordpress\/plugins\/seo\/ -->\n<title>Sweaterhose berdeau\/oker mit Waldtieren - Frecher Zwerg<\/title>\n<meta name=\"robots\" content=\"index, follow, max-snippet:-1, max-image-preview:large, max-video-preview:-1\" \/>\n<link rel=\"canonical\" href=\"https:\/\/www.frecherzwerg.com\/de\/shop\/pumphosen-lang\/sweaterhose-berdeau-oker-mit-waldtieren\/\" \/>\n<meta property=\"og:locale\" content=\"de_DE\" \/>\n<meta property=\"og:type\" content=\"article\" \/>\n<meta property=\"og:title\" content=\"Sweaterhose berdeau\/oker mit Waldtieren - Frecher Zwerg\" \/>\n<meta property=\"og:description\" content=\"Diese Mitwachshosen sind durch den dehnbaren, weichen Stoff sehr angenehm zu tragen und die kleinen Zwerge sind so in der Bewegung \u00fcberhaupt nicht eingeschr\u00e4nkt.\" \/>\n<meta property=\"og:url\" content=\"https:\/\/www.frecherzwerg.com\/de\/shop\/pumphosen-lang\/sweaterhose-berdeau-oker-mit-waldtieren\/\" \/>\n<meta property=\"og:site_name\" content=\"Frecher Zwerg\" \/>\n<meta property=\"article:modified_time\" content=\"2024-09-16T17:49:14+00:00\" \/>\n<meta property=\"og:image\" content=\"https:\/\/www.frecherzwerg.com\/wp-content\/uploads\/2021\/10\/Hose_bordeau_waldtiere_model_2_web.jpg\" \/>\n\t<meta property=\"og:image:width\" content=\"2065\" \/>\n\t<meta property=\"og:image:height\" content=\"2065\" \/>\n\t<meta property=\"og:image:type\" content=\"image\/jpeg\" \/>\n<meta name=\"twitter:card\" content=\"summary_large_image\" \/>\n<script type=\"application\/ld+json\" class=\"yoast-schema-graph\">{\"@context\":\"https:\/\/schema.org\",\"@graph\":[{\"@type\":\"WebPage\",\"@id\":\"https:\/\/www.frecherzwerg.com\/de\/shop\/pumphosen-lang\/sweaterhose-berdeau-oker-mit-waldtieren\/\",\"url\":\"https:\/\/www.frecherzwerg.com\/de\/shop\/pumphosen-lang\/sweaterhose-berdeau-oker-mit-waldtieren\/\",\"name\":\"Sweaterhose berdeau\/oker mit Waldtieren - Frecher Zwerg\",\"isPartOf\":{\"@id\":\"https:\/\/www.frecherzwerg.com\/de\/#website\"},\"primaryImageOfPage\":{\"@id\":\"https:\/\/www.frecherzwerg.com\/de\/shop\/pumphosen-lang\/sweaterhose-berdeau-oker-mit-waldtieren\/#primaryimage\"},\"image\":{\"@id\":\"https:\/\/www.frecherzwerg.com\/de\/shop\/pumphosen-lang\/sweaterhose-berdeau-oker-mit-waldtieren\/#primaryimage\"},\"thumbnailUrl\":\"https:\/\/www.frecherzwerg.com\/wp-content\/uploads\/2021\/10\/Hose_bordeau_waldtiere_model_2_web.jpg\",\"datePublished\":\"2021-10-12T13:54:05+00:00\",\"dateModified\":\"2024-09-16T17:49:14+00:00\",\"breadcrumb\":{\"@id\":\"https:\/\/www.frecherzwerg.com\/de\/shop\/pumphosen-lang\/sweaterhose-berdeau-oker-mit-waldtieren\/#breadcrumb\"},\"inLanguage\":\"de\",\"potentialAction\":[{\"@type\":\"ReadAction\",\"target\":[\"https:\/\/www.frecherzwerg.com\/de\/shop\/pumphosen-lang\/sweaterhose-berdeau-oker-mit-waldtieren\/\"]}]},{\"@type\":\"ImageObject\",\"inLanguage\":\"de\",\"@id\":\"https:\/\/www.frecherzwerg.com\/de\/shop\/pumphosen-lang\/sweaterhose-berdeau-oker-mit-waldtieren\/#primaryimage\",\"url\":\"https:\/\/www.frecherzwerg.com\/wp-content\/uploads\/2021\/10\/Hose_bordeau_waldtiere_model_2_web.jpg\",\"contentUrl\":\"https:\/\/www.frecherzwerg.com\/wp-content\/uploads\/2021\/10\/Hose_bordeau_waldtiere_model_2_web.jpg\",\"width\":2065,\"height\":2065},{\"@type\":\"BreadcrumbList\",\"@id\":\"https:\/\/www.frecherzwerg.com\/de\/shop\/pumphosen-lang\/sweaterhose-berdeau-oker-mit-waldtieren\/#breadcrumb\",\"itemListElement\":[{\"@type\":\"ListItem\",\"position\":1,\"name\":\"Startseite\",\"item\":\"https:\/\/www.frecherzwerg.com\/de\/\"},{\"@type\":\"ListItem\",\"position\":2,\"name\":\"Shop\",\"item\":\"https:\/\/www.frecherzwerg.com\/de\/shop\/\"},{\"@type\":\"ListItem\",\"position\":3,\"name\":\"Sweaterhose berdeau\/oker mit Waldtieren\"}]},{\"@type\":\"WebSite\",\"@id\":\"https:\/\/www.frecherzwerg.com\/de\/#website\",\"url\":\"https:\/\/www.frecherzwerg.com\/de\/\",\"name\":\"Frecher Zwerg\",\"description\":\"\",\"potentialAction\":[{\"@type\":\"SearchAction\",\"target\":{\"@type\":\"EntryPoint\",\"urlTemplate\":\"https:\/\/www.frecherzwerg.com\/de\/?s={search_term_string}\"},\"query-input\":{\"@type\":\"PropertyValueSpecification\",\"valueRequired\":true,\"valueName\":\"search_term_string\"}}],\"inLanguage\":\"de\"}]}<\/script>\n<!-- \/ Yoast SEO plugin. -->","yoast_head_json":{"title":"Sweaterhose berdeau\/oker mit Waldtieren - Frecher Zwerg","robots":{"index":"index","follow":"follow","max-snippet":"max-snippet:-1","max-image-preview":"max-image-preview:large","max-video-preview":"max-video-preview:-1"},"canonical":"https:\/\/www.frecherzwerg.com\/de\/shop\/pumphosen-lang\/sweaterhose-berdeau-oker-mit-waldtieren\/","og_locale":"de_DE","og_type":"article","og_title":"Sweaterhose berdeau\/oker mit Waldtieren - Frecher Zwerg","og_description":"Diese Mitwachshosen sind durch den dehnbaren, weichen Stoff sehr angenehm zu tragen und die kleinen Zwerge sind so in der Bewegung \u00fcberhaupt nicht eingeschr\u00e4nkt.","og_url":"https:\/\/www.frecherzwerg.com\/de\/shop\/pumphosen-lang\/sweaterhose-berdeau-oker-mit-waldtieren\/","og_site_name":"Frecher Zwerg","article_modified_time":"2024-09-16T17:49:14+00:00","og_image":[{"width":2065,"height":2065,"url":"https:\/\/www.frecherzwerg.com\/wp-content\/uploads\/2021\/10\/Hose_bordeau_waldtiere_model_2_web.jpg","type":"image\/jpeg"}],"twitter_card":"summary_large_image","schema":{"@context":"https:\/\/schema.org","@graph":[{"@type":"WebPage","@id":"https:\/\/www.frecherzwerg.com\/de\/shop\/pumphosen-lang\/sweaterhose-berdeau-oker-mit-waldtieren\/","url":"https:\/\/www.frecherzwerg.com\/de\/shop\/pumphosen-lang\/sweaterhose-berdeau-oker-mit-waldtieren\/","name":"Sweaterhose berdeau\/oker mit Waldtieren - Frecher Zwerg","isPartOf":{"@id":"https:\/\/www.frecherzwerg.com\/de\/#website"},"primaryImageOfPage":{"@id":"https:\/\/www.frecherzwerg.com\/de\/shop\/pumphosen-lang\/sweaterhose-berdeau-oker-mit-waldtieren\/#primaryimage"},"image":{"@id":"https:\/\/www.frecherzwerg.com\/de\/shop\/pumphosen-lang\/sweaterhose-berdeau-oker-mit-waldtieren\/#primaryimage"},"thumbnailUrl":"https:\/\/www.frecherzwerg.com\/wp-content\/uploads\/2021\/10\/Hose_bordeau_waldtiere_model_2_web.jpg","datePublished":"2021-10-12T13:54:05+00:00","dateModified":"2024-09-16T17:49:14+00:00","breadcrumb":{"@id":"https:\/\/www.frecherzwerg.com\/de\/shop\/pumphosen-lang\/sweaterhose-berdeau-oker-mit-waldtieren\/#breadcrumb"},"inLanguage":"de","potentialAction":[{"@type":"ReadAction","target":["https:\/\/www.frecherzwerg.com\/de\/shop\/pumphosen-lang\/sweaterhose-berdeau-oker-mit-waldtieren\/"]}]},{"@type":"ImageObject","inLanguage":"de","@id":"https:\/\/www.frecherzwerg.com\/de\/shop\/pumphosen-lang\/sweaterhose-berdeau-oker-mit-waldtieren\/#primaryimage","url":"https:\/\/www.frecherzwerg.com\/wp-content\/uploads\/2021\/10\/Hose_bordeau_waldtiere_model_2_web.jpg","contentUrl":"https:\/\/www.frecherzwerg.com\/wp-content\/uploads\/2021\/10\/Hose_bordeau_waldtiere_model_2_web.jpg","width":2065,"height":2065},{"@type":"BreadcrumbList","@id":"https:\/\/www.frecherzwerg.com\/de\/shop\/pumphosen-lang\/sweaterhose-berdeau-oker-mit-waldtieren\/#breadcrumb","itemListElement":[{"@type":"ListItem","position":1,"name":"Startseite","item":"https:\/\/www.frecherzwerg.com\/de\/"},{"@type":"ListItem","position":2,"name":"Shop","item":"https:\/\/www.frecherzwerg.com\/de\/shop\/"},{"@type":"ListItem","position":3,"name":"Sweaterhose berdeau\/oker mit Waldtieren"}]},{"@type":"WebSite","@id":"https:\/\/www.frecherzwerg.com\/de\/#website","url":"https:\/\/www.frecherzwerg.com\/de\/","name":"Frecher Zwerg","description":"","potentialAction":[{"@type":"SearchAction","target":{"@type":"EntryPoint","urlTemplate":"https:\/\/www.frecherzwerg.com\/de\/?s={search_term_string}"},"query-input":{"@type":"PropertyValueSpecification","valueRequired":true,"valueName":"search_term_string"}}],"inLanguage":"de"}]}},"_links":{"self":[{"href":"https:\/\/www.frecherzwerg.com\/de\/wp-json\/wp\/v2\/product\/5753","targetHints":{"allow":["GET"]}}],"collection":[{"href":"https:\/\/www.frecherzwerg.com\/de\/wp-json\/wp\/v2\/product"}],"about":[{"href":"https:\/\/www.frecherzwerg.com\/de\/wp-json\/wp\/v2\/types\/product"}],"replies":[{"embeddable":true,"href":"https:\/\/www.frecherzwerg.com\/de\/wp-json\/wp\/v2\/comments?post=5753"}],"wp:featuredmedia":[{"embeddable":true,"href":"https:\/\/www.frecherzwerg.com\/de\/wp-json\/wp\/v2\/media\/5714"}],"wp:attachment":[{"href":"https:\/\/www.frecherzwerg.com\/de\/wp-json\/wp\/v2\/media?parent=5753"}],"wp:term":[{"taxonomy":"product_brand","embeddable":true,"href":"https:\/\/www.frecherzwerg.com\/de\/wp-json\/wp\/v2\/product_brand?post=5753"},{"taxonomy":"product_cat","embeddable":true,"href":"https:\/\/www.frecherzwerg.com\/de\/wp-json\/wp\/v2\/product_cat?post=5753"},{"taxonomy":"product_tag","embeddable":true,"href":"https:\/\/www.frecherzwerg.com\/de\/wp-json\/wp\/v2\/product_tag?post=5753"}],"curies":[{"name":"wp","href":"https:\/\/api.w.org\/{rel}","templated":true}]}}