{"id":6317,"date":"2022-10-05T20:15:49","date_gmt":"2022-10-05T18:15:49","guid":{"rendered":"https:\/\/www.frecherzwerg.com\/?post_type=product&#038;p=6317"},"modified":"2022-10-05T20:21:00","modified_gmt":"2022-10-05T18:21:00","slug":"hipsterbeanie-rosa-love","status":"publish","type":"product","link":"https:\/\/www.frecherzwerg.com\/de\/shop\/kopfbedeckung\/jerseymuetze\/hipsterbeanie-rosa-love\/","title":{"rendered":"Hipsterbeanie rosa &#8222;LOVE&#8220;"},"content":{"rendered":"<p><strong>Material:<br \/>\n<\/strong><span lang=\"EN-US\" xml:lang=\"EN-US\">100 % Baumwolle<br \/>\n<\/span><\/p>\n<p><strong>Pflegehinweis:<\/strong> 30\u00baC in der Waschmaschine<\/p>\n<p><em>Symbolfoto<\/em>\u00a0<span class=\"st\"><em>\u2013<\/em><\/span>\u00a0<em>Muster kann variieren<\/em><\/p>\n","protected":false},"excerpt":{"rendered":"<p>Diese coolen Hipster Beanies passen f\u00fcr die ganze Familie. Der stylische Leder-Patch ist ein echter Hingucker!<\/p>\n<p>Sie sind in verschiedenen Gr\u00f6\u00dfen von KU 44 bis KU 56 erh\u00e4ltlich.<\/p>\n<p>Wegen dem breiten Umschlag sind sie sch\u00f6n warm um die Ohren.<\/p>\n<p>Durch die hohe Dehnbarkeit des Jerseys l\u00e4sst sich diese Beanie sehr lange tragen, auch wenn das K\u00f6pfchen gr\u00f6\u00dfer geworden ist.<\/p>\n","protected":false},"featured_media":6266,"comment_status":"open","ping_status":"closed","template":"","meta":{"_acf_changed":false},"product_brand":[],"product_cat":[51],"product_tag":[],"class_list":{"0":"post-6317","1":"product","2":"type-product","3":"status-publish","4":"has-post-thumbnail","6":"product_cat-jerseymuetze","8":"first","9":"instock","10":"taxable","11":"shipping-taxable","12":"purchasable","13":"product-type-variable"},"acf":[],"yoast_head":"<!-- This site is optimized with the Yoast SEO plugin v26.3 - https:\/\/yoast.com\/wordpress\/plugins\/seo\/ -->\n<title>Hipsterbeanie rosa &quot;LOVE&quot; - Frecher Zwerg<\/title>\n<meta name=\"robots\" content=\"index, follow, max-snippet:-1, max-image-preview:large, max-video-preview:-1\" \/>\n<link rel=\"canonical\" href=\"https:\/\/www.frecherzwerg.com\/de\/shop\/kopfbedeckung\/jerseymuetze\/hipsterbeanie-rosa-love\/\" \/>\n<meta property=\"og:locale\" content=\"de_DE\" \/>\n<meta property=\"og:type\" content=\"article\" \/>\n<meta property=\"og:title\" content=\"Hipsterbeanie rosa &quot;LOVE&quot; - Frecher Zwerg\" \/>\n<meta property=\"og:description\" content=\"Diese coolen Hipster Beanies passen f\u00fcr die ganze Familie. Der stylische Leder-Patch ist ein echter Hingucker!  Sie sind in verschiedenen Gr\u00f6\u00dfen von KU 44 bis KU 56 erh\u00e4ltlich.  Wegen dem breiten Umschlag sind sie sch\u00f6n warm um die Ohren.  Durch die hohe Dehnbarkeit des Jerseys l\u00e4sst sich diese Beanie sehr lange tragen, auch wenn das K\u00f6pfchen gr\u00f6\u00dfer geworden ist.\" \/>\n<meta property=\"og:url\" content=\"https:\/\/www.frecherzwerg.com\/de\/shop\/kopfbedeckung\/jerseymuetze\/hipsterbeanie-rosa-love\/\" \/>\n<meta property=\"og:site_name\" content=\"Frecher Zwerg\" \/>\n<meta property=\"article:modified_time\" content=\"2022-10-05T18:21:00+00:00\" \/>\n<meta property=\"og:image\" content=\"https:\/\/www.frecherzwerg.com\/wp-content\/uploads\/2022\/10\/Beanie_rosa_love_model_1_web.jpg\" \/>\n\t<meta property=\"og:image:width\" content=\"1000\" \/>\n\t<meta property=\"og:image:height\" content=\"1000\" \/>\n\t<meta property=\"og:image:type\" content=\"image\/jpeg\" \/>\n<meta name=\"twitter:card\" content=\"summary_large_image\" \/>\n<script type=\"application\/ld+json\" class=\"yoast-schema-graph\">{\"@context\":\"https:\/\/schema.org\",\"@graph\":[{\"@type\":\"WebPage\",\"@id\":\"https:\/\/www.frecherzwerg.com\/de\/shop\/kopfbedeckung\/jerseymuetze\/hipsterbeanie-rosa-love\/\",\"url\":\"https:\/\/www.frecherzwerg.com\/de\/shop\/kopfbedeckung\/jerseymuetze\/hipsterbeanie-rosa-love\/\",\"name\":\"Hipsterbeanie rosa \\\"LOVE\\\" - Frecher Zwerg\",\"isPartOf\":{\"@id\":\"https:\/\/www.frecherzwerg.com\/de\/#website\"},\"primaryImageOfPage\":{\"@id\":\"https:\/\/www.frecherzwerg.com\/de\/shop\/kopfbedeckung\/jerseymuetze\/hipsterbeanie-rosa-love\/#primaryimage\"},\"image\":{\"@id\":\"https:\/\/www.frecherzwerg.com\/de\/shop\/kopfbedeckung\/jerseymuetze\/hipsterbeanie-rosa-love\/#primaryimage\"},\"thumbnailUrl\":\"https:\/\/www.frecherzwerg.com\/wp-content\/uploads\/2022\/10\/Beanie_rosa_love_model_1_web.jpg\",\"datePublished\":\"2022-10-05T18:15:49+00:00\",\"dateModified\":\"2022-10-05T18:21:00+00:00\",\"breadcrumb\":{\"@id\":\"https:\/\/www.frecherzwerg.com\/de\/shop\/kopfbedeckung\/jerseymuetze\/hipsterbeanie-rosa-love\/#breadcrumb\"},\"inLanguage\":\"de\",\"potentialAction\":[{\"@type\":\"ReadAction\",\"target\":[\"https:\/\/www.frecherzwerg.com\/de\/shop\/kopfbedeckung\/jerseymuetze\/hipsterbeanie-rosa-love\/\"]}]},{\"@type\":\"ImageObject\",\"inLanguage\":\"de\",\"@id\":\"https:\/\/www.frecherzwerg.com\/de\/shop\/kopfbedeckung\/jerseymuetze\/hipsterbeanie-rosa-love\/#primaryimage\",\"url\":\"https:\/\/www.frecherzwerg.com\/wp-content\/uploads\/2022\/10\/Beanie_rosa_love_model_1_web.jpg\",\"contentUrl\":\"https:\/\/www.frecherzwerg.com\/wp-content\/uploads\/2022\/10\/Beanie_rosa_love_model_1_web.jpg\",\"width\":1000,\"height\":1000},{\"@type\":\"BreadcrumbList\",\"@id\":\"https:\/\/www.frecherzwerg.com\/de\/shop\/kopfbedeckung\/jerseymuetze\/hipsterbeanie-rosa-love\/#breadcrumb\",\"itemListElement\":[{\"@type\":\"ListItem\",\"position\":1,\"name\":\"Startseite\",\"item\":\"https:\/\/www.frecherzwerg.com\/de\/\"},{\"@type\":\"ListItem\",\"position\":2,\"name\":\"Shop\",\"item\":\"https:\/\/www.frecherzwerg.com\/de\/shop\/\"},{\"@type\":\"ListItem\",\"position\":3,\"name\":\"Hipsterbeanie rosa &#8222;LOVE&#8220;\"}]},{\"@type\":\"WebSite\",\"@id\":\"https:\/\/www.frecherzwerg.com\/de\/#website\",\"url\":\"https:\/\/www.frecherzwerg.com\/de\/\",\"name\":\"Frecher Zwerg\",\"description\":\"\",\"potentialAction\":[{\"@type\":\"SearchAction\",\"target\":{\"@type\":\"EntryPoint\",\"urlTemplate\":\"https:\/\/www.frecherzwerg.com\/de\/?s={search_term_string}\"},\"query-input\":{\"@type\":\"PropertyValueSpecification\",\"valueRequired\":true,\"valueName\":\"search_term_string\"}}],\"inLanguage\":\"de\"}]}<\/script>\n<!-- \/ Yoast SEO plugin. -->","yoast_head_json":{"title":"Hipsterbeanie rosa \"LOVE\" - Frecher Zwerg","robots":{"index":"index","follow":"follow","max-snippet":"max-snippet:-1","max-image-preview":"max-image-preview:large","max-video-preview":"max-video-preview:-1"},"canonical":"https:\/\/www.frecherzwerg.com\/de\/shop\/kopfbedeckung\/jerseymuetze\/hipsterbeanie-rosa-love\/","og_locale":"de_DE","og_type":"article","og_title":"Hipsterbeanie rosa \"LOVE\" - Frecher Zwerg","og_description":"Diese coolen Hipster Beanies passen f\u00fcr die ganze Familie. Der stylische Leder-Patch ist ein echter Hingucker!  Sie sind in verschiedenen Gr\u00f6\u00dfen von KU 44 bis KU 56 erh\u00e4ltlich.  Wegen dem breiten Umschlag sind sie sch\u00f6n warm um die Ohren.  Durch die hohe Dehnbarkeit des Jerseys l\u00e4sst sich diese Beanie sehr lange tragen, auch wenn das K\u00f6pfchen gr\u00f6\u00dfer geworden ist.","og_url":"https:\/\/www.frecherzwerg.com\/de\/shop\/kopfbedeckung\/jerseymuetze\/hipsterbeanie-rosa-love\/","og_site_name":"Frecher Zwerg","article_modified_time":"2022-10-05T18:21:00+00:00","og_image":[{"width":1000,"height":1000,"url":"https:\/\/www.frecherzwerg.com\/wp-content\/uploads\/2022\/10\/Beanie_rosa_love_model_1_web.jpg","type":"image\/jpeg"}],"twitter_card":"summary_large_image","schema":{"@context":"https:\/\/schema.org","@graph":[{"@type":"WebPage","@id":"https:\/\/www.frecherzwerg.com\/de\/shop\/kopfbedeckung\/jerseymuetze\/hipsterbeanie-rosa-love\/","url":"https:\/\/www.frecherzwerg.com\/de\/shop\/kopfbedeckung\/jerseymuetze\/hipsterbeanie-rosa-love\/","name":"Hipsterbeanie rosa \"LOVE\" - Frecher Zwerg","isPartOf":{"@id":"https:\/\/www.frecherzwerg.com\/de\/#website"},"primaryImageOfPage":{"@id":"https:\/\/www.frecherzwerg.com\/de\/shop\/kopfbedeckung\/jerseymuetze\/hipsterbeanie-rosa-love\/#primaryimage"},"image":{"@id":"https:\/\/www.frecherzwerg.com\/de\/shop\/kopfbedeckung\/jerseymuetze\/hipsterbeanie-rosa-love\/#primaryimage"},"thumbnailUrl":"https:\/\/www.frecherzwerg.com\/wp-content\/uploads\/2022\/10\/Beanie_rosa_love_model_1_web.jpg","datePublished":"2022-10-05T18:15:49+00:00","dateModified":"2022-10-05T18:21:00+00:00","breadcrumb":{"@id":"https:\/\/www.frecherzwerg.com\/de\/shop\/kopfbedeckung\/jerseymuetze\/hipsterbeanie-rosa-love\/#breadcrumb"},"inLanguage":"de","potentialAction":[{"@type":"ReadAction","target":["https:\/\/www.frecherzwerg.com\/de\/shop\/kopfbedeckung\/jerseymuetze\/hipsterbeanie-rosa-love\/"]}]},{"@type":"ImageObject","inLanguage":"de","@id":"https:\/\/www.frecherzwerg.com\/de\/shop\/kopfbedeckung\/jerseymuetze\/hipsterbeanie-rosa-love\/#primaryimage","url":"https:\/\/www.frecherzwerg.com\/wp-content\/uploads\/2022\/10\/Beanie_rosa_love_model_1_web.jpg","contentUrl":"https:\/\/www.frecherzwerg.com\/wp-content\/uploads\/2022\/10\/Beanie_rosa_love_model_1_web.jpg","width":1000,"height":1000},{"@type":"BreadcrumbList","@id":"https:\/\/www.frecherzwerg.com\/de\/shop\/kopfbedeckung\/jerseymuetze\/hipsterbeanie-rosa-love\/#breadcrumb","itemListElement":[{"@type":"ListItem","position":1,"name":"Startseite","item":"https:\/\/www.frecherzwerg.com\/de\/"},{"@type":"ListItem","position":2,"name":"Shop","item":"https:\/\/www.frecherzwerg.com\/de\/shop\/"},{"@type":"ListItem","position":3,"name":"Hipsterbeanie rosa &#8222;LOVE&#8220;"}]},{"@type":"WebSite","@id":"https:\/\/www.frecherzwerg.com\/de\/#website","url":"https:\/\/www.frecherzwerg.com\/de\/","name":"Frecher Zwerg","description":"","potentialAction":[{"@type":"SearchAction","target":{"@type":"EntryPoint","urlTemplate":"https:\/\/www.frecherzwerg.com\/de\/?s={search_term_string}"},"query-input":{"@type":"PropertyValueSpecification","valueRequired":true,"valueName":"search_term_string"}}],"inLanguage":"de"}]}},"_links":{"self":[{"href":"https:\/\/www.frecherzwerg.com\/de\/wp-json\/wp\/v2\/product\/6317","targetHints":{"allow":["GET"]}}],"collection":[{"href":"https:\/\/www.frecherzwerg.com\/de\/wp-json\/wp\/v2\/product"}],"about":[{"href":"https:\/\/www.frecherzwerg.com\/de\/wp-json\/wp\/v2\/types\/product"}],"replies":[{"embeddable":true,"href":"https:\/\/www.frecherzwerg.com\/de\/wp-json\/wp\/v2\/comments?post=6317"}],"wp:featuredmedia":[{"embeddable":true,"href":"https:\/\/www.frecherzwerg.com\/de\/wp-json\/wp\/v2\/media\/6266"}],"wp:attachment":[{"href":"https:\/\/www.frecherzwerg.com\/de\/wp-json\/wp\/v2\/media?parent=6317"}],"wp:term":[{"taxonomy":"product_brand","embeddable":true,"href":"https:\/\/www.frecherzwerg.com\/de\/wp-json\/wp\/v2\/product_brand?post=6317"},{"taxonomy":"product_cat","embeddable":true,"href":"https:\/\/www.frecherzwerg.com\/de\/wp-json\/wp\/v2\/product_cat?post=6317"},{"taxonomy":"product_tag","embeddable":true,"href":"https:\/\/www.frecherzwerg.com\/de\/wp-json\/wp\/v2\/product_tag?post=6317"}],"curies":[{"name":"wp","href":"https:\/\/api.w.org\/{rel}","templated":true}]}}