{"id":6459,"date":"2022-11-21T10:47:26","date_gmt":"2022-11-21T09:47:26","guid":{"rendered":"https:\/\/www.frecherzwerg.com\/?post_type=product&#038;p=6459"},"modified":"2022-11-21T20:26:01","modified_gmt":"2022-11-21T19:26:01","slug":"set-muetze-schlauchschal-gefuettert-dinos","status":"publish","type":"product","link":"https:\/\/www.frecherzwerg.com\/de\/shop\/kopfbedeckung\/jerseymuetze\/set-muetze-schlauchschal-gefuettert-dinos\/","title":{"rendered":"SET M\u00fctze &#038; Schlauchschal gef\u00fcttert Dinos"},"content":{"rendered":"<p>Diese warmen Beanies und Schlauchschals sind mit einem kuscheligen Baumwollstoff gef\u00fcttert.<\/p>\n<p>Bei den ganz kleinen (KU44-47) ist ein gef\u00fcttertes Halstuch dabei.<\/p>\n<p><strong>Material:<br \/>\n<\/strong><span lang=\"EN-US\" xml:lang=\"EN-US\">95 % Baumwolle, 5 % Elasthan<br \/>\n<\/span>Futter: Baumwolle<\/p>\n<p><strong>Pflegehinweis:<\/strong> 30\u00baC in der Waschmaschine<\/p>\n<p><em>Symbolfoto<\/em>\u00a0<span class=\"st\"><em>\u2013<\/em><\/span>\u00a0<em>Muster kann variieren<\/em><\/p>\n","protected":false},"excerpt":{"rendered":"<p>Diese gef\u00fctterten Jerseym\u00fctzen mit Dinos ist f\u00fcr Jungs und M\u00e4dchen geeignet.<\/p>\n<p>Mit diesem Set sind die Kleinen im Winter gut eingepackt.<\/p>\n","protected":false},"featured_media":6440,"comment_status":"open","ping_status":"closed","template":"","meta":{"_acf_changed":false},"product_brand":[],"product_cat":[51,151],"product_tag":[],"class_list":{"0":"post-6459","1":"product","2":"type-product","3":"status-publish","4":"has-post-thumbnail","6":"product_cat-jerseymuetze","7":"product_cat-wintermuetzen-gefuettert","9":"first","10":"instock","11":"taxable","12":"shipping-taxable","13":"purchasable","14":"product-type-variable"},"acf":[],"yoast_head":"<!-- This site is optimized with the Yoast SEO plugin v26.3 - https:\/\/yoast.com\/wordpress\/plugins\/seo\/ -->\n<title>SET M\u00fctze &amp; Schlauchschal gef\u00fcttert Dinos - Frecher Zwerg<\/title>\n<meta name=\"description\" content=\"Winterm\u00fctze mit Baumwollfutter\" \/>\n<meta name=\"robots\" content=\"index, follow, max-snippet:-1, max-image-preview:large, max-video-preview:-1\" \/>\n<link rel=\"canonical\" href=\"https:\/\/www.frecherzwerg.com\/de\/shop\/kopfbedeckung\/jerseymuetze\/set-muetze-schlauchschal-gefuettert-dinos\/\" \/>\n<meta property=\"og:locale\" content=\"de_DE\" \/>\n<meta property=\"og:type\" content=\"article\" \/>\n<meta property=\"og:title\" content=\"SET M\u00fctze &amp; Schlauchschal gef\u00fcttert Dinos - Frecher Zwerg\" \/>\n<meta property=\"og:description\" content=\"Winterm\u00fctze mit Baumwollfutter\" \/>\n<meta property=\"og:url\" content=\"https:\/\/www.frecherzwerg.com\/de\/shop\/kopfbedeckung\/jerseymuetze\/set-muetze-schlauchschal-gefuettert-dinos\/\" \/>\n<meta property=\"og:site_name\" content=\"Frecher Zwerg\" \/>\n<meta property=\"article:modified_time\" content=\"2022-11-21T19:26:01+00:00\" \/>\n<meta property=\"og:image\" content=\"https:\/\/www.frecherzwerg.com\/wp-content\/uploads\/2022\/11\/Jerseyhaube_gefuettert_Dinos_grau.jpg\" \/>\n\t<meta property=\"og:image:width\" content=\"1000\" \/>\n\t<meta property=\"og:image:height\" content=\"1000\" \/>\n\t<meta property=\"og:image:type\" content=\"image\/jpeg\" \/>\n<meta name=\"twitter:card\" content=\"summary_large_image\" \/>\n<meta name=\"twitter:label1\" content=\"Gesch\u00e4tzte Lesezeit\" \/>\n\t<meta name=\"twitter:data1\" content=\"1\u00a0Minute\" \/>\n<script type=\"application\/ld+json\" class=\"yoast-schema-graph\">{\"@context\":\"https:\/\/schema.org\",\"@graph\":[{\"@type\":\"WebPage\",\"@id\":\"https:\/\/www.frecherzwerg.com\/de\/shop\/kopfbedeckung\/jerseymuetze\/set-muetze-schlauchschal-gefuettert-dinos\/\",\"url\":\"https:\/\/www.frecherzwerg.com\/de\/shop\/kopfbedeckung\/jerseymuetze\/set-muetze-schlauchschal-gefuettert-dinos\/\",\"name\":\"SET M\u00fctze & Schlauchschal gef\u00fcttert Dinos - Frecher Zwerg\",\"isPartOf\":{\"@id\":\"https:\/\/www.frecherzwerg.com\/de\/#website\"},\"primaryImageOfPage\":{\"@id\":\"https:\/\/www.frecherzwerg.com\/de\/shop\/kopfbedeckung\/jerseymuetze\/set-muetze-schlauchschal-gefuettert-dinos\/#primaryimage\"},\"image\":{\"@id\":\"https:\/\/www.frecherzwerg.com\/de\/shop\/kopfbedeckung\/jerseymuetze\/set-muetze-schlauchschal-gefuettert-dinos\/#primaryimage\"},\"thumbnailUrl\":\"https:\/\/www.frecherzwerg.com\/wp-content\/uploads\/2022\/11\/Jerseyhaube_gefuettert_Dinos_grau.jpg\",\"datePublished\":\"2022-11-21T09:47:26+00:00\",\"dateModified\":\"2022-11-21T19:26:01+00:00\",\"description\":\"Winterm\u00fctze mit Baumwollfutter\",\"breadcrumb\":{\"@id\":\"https:\/\/www.frecherzwerg.com\/de\/shop\/kopfbedeckung\/jerseymuetze\/set-muetze-schlauchschal-gefuettert-dinos\/#breadcrumb\"},\"inLanguage\":\"de\",\"potentialAction\":[{\"@type\":\"ReadAction\",\"target\":[\"https:\/\/www.frecherzwerg.com\/de\/shop\/kopfbedeckung\/jerseymuetze\/set-muetze-schlauchschal-gefuettert-dinos\/\"]}]},{\"@type\":\"ImageObject\",\"inLanguage\":\"de\",\"@id\":\"https:\/\/www.frecherzwerg.com\/de\/shop\/kopfbedeckung\/jerseymuetze\/set-muetze-schlauchschal-gefuettert-dinos\/#primaryimage\",\"url\":\"https:\/\/www.frecherzwerg.com\/wp-content\/uploads\/2022\/11\/Jerseyhaube_gefuettert_Dinos_grau.jpg\",\"contentUrl\":\"https:\/\/www.frecherzwerg.com\/wp-content\/uploads\/2022\/11\/Jerseyhaube_gefuettert_Dinos_grau.jpg\",\"width\":1000,\"height\":1000},{\"@type\":\"BreadcrumbList\",\"@id\":\"https:\/\/www.frecherzwerg.com\/de\/shop\/kopfbedeckung\/jerseymuetze\/set-muetze-schlauchschal-gefuettert-dinos\/#breadcrumb\",\"itemListElement\":[{\"@type\":\"ListItem\",\"position\":1,\"name\":\"Startseite\",\"item\":\"https:\/\/www.frecherzwerg.com\/de\/\"},{\"@type\":\"ListItem\",\"position\":2,\"name\":\"Shop\",\"item\":\"https:\/\/www.frecherzwerg.com\/de\/shop\/\"},{\"@type\":\"ListItem\",\"position\":3,\"name\":\"SET M\u00fctze &#038; Schlauchschal gef\u00fcttert Dinos\"}]},{\"@type\":\"WebSite\",\"@id\":\"https:\/\/www.frecherzwerg.com\/de\/#website\",\"url\":\"https:\/\/www.frecherzwerg.com\/de\/\",\"name\":\"Frecher Zwerg\",\"description\":\"\",\"potentialAction\":[{\"@type\":\"SearchAction\",\"target\":{\"@type\":\"EntryPoint\",\"urlTemplate\":\"https:\/\/www.frecherzwerg.com\/de\/?s={search_term_string}\"},\"query-input\":{\"@type\":\"PropertyValueSpecification\",\"valueRequired\":true,\"valueName\":\"search_term_string\"}}],\"inLanguage\":\"de\"}]}<\/script>\n<!-- \/ Yoast SEO plugin. -->","yoast_head_json":{"title":"SET M\u00fctze & Schlauchschal gef\u00fcttert Dinos - Frecher Zwerg","description":"Winterm\u00fctze mit Baumwollfutter","robots":{"index":"index","follow":"follow","max-snippet":"max-snippet:-1","max-image-preview":"max-image-preview:large","max-video-preview":"max-video-preview:-1"},"canonical":"https:\/\/www.frecherzwerg.com\/de\/shop\/kopfbedeckung\/jerseymuetze\/set-muetze-schlauchschal-gefuettert-dinos\/","og_locale":"de_DE","og_type":"article","og_title":"SET M\u00fctze & Schlauchschal gef\u00fcttert Dinos - Frecher Zwerg","og_description":"Winterm\u00fctze mit Baumwollfutter","og_url":"https:\/\/www.frecherzwerg.com\/de\/shop\/kopfbedeckung\/jerseymuetze\/set-muetze-schlauchschal-gefuettert-dinos\/","og_site_name":"Frecher Zwerg","article_modified_time":"2022-11-21T19:26:01+00:00","og_image":[{"width":1000,"height":1000,"url":"https:\/\/www.frecherzwerg.com\/wp-content\/uploads\/2022\/11\/Jerseyhaube_gefuettert_Dinos_grau.jpg","type":"image\/jpeg"}],"twitter_card":"summary_large_image","twitter_misc":{"Gesch\u00e4tzte Lesezeit":"1\u00a0Minute"},"schema":{"@context":"https:\/\/schema.org","@graph":[{"@type":"WebPage","@id":"https:\/\/www.frecherzwerg.com\/de\/shop\/kopfbedeckung\/jerseymuetze\/set-muetze-schlauchschal-gefuettert-dinos\/","url":"https:\/\/www.frecherzwerg.com\/de\/shop\/kopfbedeckung\/jerseymuetze\/set-muetze-schlauchschal-gefuettert-dinos\/","name":"SET M\u00fctze & Schlauchschal gef\u00fcttert Dinos - Frecher Zwerg","isPartOf":{"@id":"https:\/\/www.frecherzwerg.com\/de\/#website"},"primaryImageOfPage":{"@id":"https:\/\/www.frecherzwerg.com\/de\/shop\/kopfbedeckung\/jerseymuetze\/set-muetze-schlauchschal-gefuettert-dinos\/#primaryimage"},"image":{"@id":"https:\/\/www.frecherzwerg.com\/de\/shop\/kopfbedeckung\/jerseymuetze\/set-muetze-schlauchschal-gefuettert-dinos\/#primaryimage"},"thumbnailUrl":"https:\/\/www.frecherzwerg.com\/wp-content\/uploads\/2022\/11\/Jerseyhaube_gefuettert_Dinos_grau.jpg","datePublished":"2022-11-21T09:47:26+00:00","dateModified":"2022-11-21T19:26:01+00:00","description":"Winterm\u00fctze mit Baumwollfutter","breadcrumb":{"@id":"https:\/\/www.frecherzwerg.com\/de\/shop\/kopfbedeckung\/jerseymuetze\/set-muetze-schlauchschal-gefuettert-dinos\/#breadcrumb"},"inLanguage":"de","potentialAction":[{"@type":"ReadAction","target":["https:\/\/www.frecherzwerg.com\/de\/shop\/kopfbedeckung\/jerseymuetze\/set-muetze-schlauchschal-gefuettert-dinos\/"]}]},{"@type":"ImageObject","inLanguage":"de","@id":"https:\/\/www.frecherzwerg.com\/de\/shop\/kopfbedeckung\/jerseymuetze\/set-muetze-schlauchschal-gefuettert-dinos\/#primaryimage","url":"https:\/\/www.frecherzwerg.com\/wp-content\/uploads\/2022\/11\/Jerseyhaube_gefuettert_Dinos_grau.jpg","contentUrl":"https:\/\/www.frecherzwerg.com\/wp-content\/uploads\/2022\/11\/Jerseyhaube_gefuettert_Dinos_grau.jpg","width":1000,"height":1000},{"@type":"BreadcrumbList","@id":"https:\/\/www.frecherzwerg.com\/de\/shop\/kopfbedeckung\/jerseymuetze\/set-muetze-schlauchschal-gefuettert-dinos\/#breadcrumb","itemListElement":[{"@type":"ListItem","position":1,"name":"Startseite","item":"https:\/\/www.frecherzwerg.com\/de\/"},{"@type":"ListItem","position":2,"name":"Shop","item":"https:\/\/www.frecherzwerg.com\/de\/shop\/"},{"@type":"ListItem","position":3,"name":"SET M\u00fctze &#038; Schlauchschal gef\u00fcttert Dinos"}]},{"@type":"WebSite","@id":"https:\/\/www.frecherzwerg.com\/de\/#website","url":"https:\/\/www.frecherzwerg.com\/de\/","name":"Frecher Zwerg","description":"","potentialAction":[{"@type":"SearchAction","target":{"@type":"EntryPoint","urlTemplate":"https:\/\/www.frecherzwerg.com\/de\/?s={search_term_string}"},"query-input":{"@type":"PropertyValueSpecification","valueRequired":true,"valueName":"search_term_string"}}],"inLanguage":"de"}]}},"_links":{"self":[{"href":"https:\/\/www.frecherzwerg.com\/de\/wp-json\/wp\/v2\/product\/6459","targetHints":{"allow":["GET"]}}],"collection":[{"href":"https:\/\/www.frecherzwerg.com\/de\/wp-json\/wp\/v2\/product"}],"about":[{"href":"https:\/\/www.frecherzwerg.com\/de\/wp-json\/wp\/v2\/types\/product"}],"replies":[{"embeddable":true,"href":"https:\/\/www.frecherzwerg.com\/de\/wp-json\/wp\/v2\/comments?post=6459"}],"wp:featuredmedia":[{"embeddable":true,"href":"https:\/\/www.frecherzwerg.com\/de\/wp-json\/wp\/v2\/media\/6440"}],"wp:attachment":[{"href":"https:\/\/www.frecherzwerg.com\/de\/wp-json\/wp\/v2\/media?parent=6459"}],"wp:term":[{"taxonomy":"product_brand","embeddable":true,"href":"https:\/\/www.frecherzwerg.com\/de\/wp-json\/wp\/v2\/product_brand?post=6459"},{"taxonomy":"product_cat","embeddable":true,"href":"https:\/\/www.frecherzwerg.com\/de\/wp-json\/wp\/v2\/product_cat?post=6459"},{"taxonomy":"product_tag","embeddable":true,"href":"https:\/\/www.frecherzwerg.com\/de\/wp-json\/wp\/v2\/product_tag?post=6459"}],"curies":[{"name":"wp","href":"https:\/\/api.w.org\/{rel}","templated":true}]}}