{"id":7782,"date":"2024-10-16T20:59:42","date_gmt":"2024-10-16T18:59:42","guid":{"rendered":"https:\/\/www.frecherzwerg.com\/?post_type=product&#038;p=7782"},"modified":"2024-10-16T21:09:23","modified_gmt":"2024-10-16T19:09:23","slug":"eltern-kind-beanie-stone-mama-mini","status":"publish","type":"product","link":"https:\/\/www.frecherzwerg.com\/de\/shop\/kopfbedeckung\/jerseymuetze\/eltern-kind-beanie-stone-mama-mini\/","title":{"rendered":"Eltern\/Kind Beanie stone Mama\/Mini"},"content":{"rendered":"<p><strong>Material:<br \/>\n<\/strong><span lang=\"EN-US\" xml:lang=\"EN-US\">100 % Baumwolle<br \/>\n<\/span><\/p>\n<p><strong>Pflegehinweis:<\/strong> 30\u00baC in der Waschmaschine<\/p>\n<p><em>Symbolfoto<\/em>\u00a0<span class=\"st\"><em>\u2013<\/em><\/span>\u00a0<em>Muster kann variieren<\/em><\/p>\n","protected":false},"excerpt":{"rendered":"<p>Diese Eltern-Kind-Beanies sind wirklich ein tolles Accessoire! Der dezente Naturton passt zu jedem Outfit und sorgt daf\u00fcr, dass sie immer stylish aussehen. Sie halten sch\u00f6n warm, und der breite Umschlag sch\u00fctzt die Ohren bestens. Dank der hohen Dehnbarkeit des Jerseys sind sie besonders langlebig.<\/p>\n<p>Ideal f\u00fcr kleine und gro\u00dfe Entdecker, die auch an k\u00e4lteren Tagen aktiv sein wollen! Mit dem s\u00fc\u00dfen Patch \u201eMama\u201c und \u201eMini\u201c sind sie das perfekte Duo. Ein Must-have f\u00fcr gem\u00fctliche Ausfl\u00fcge und Abenteuer!<\/p>\n","protected":false},"featured_media":7748,"comment_status":"open","ping_status":"closed","template":"","meta":{"_acf_changed":false},"product_brand":[],"product_cat":[64,203,51,49],"product_tag":[],"class_list":{"0":"post-7782","1":"product","2":"type-product","3":"status-publish","4":"has-post-thumbnail","6":"product_cat-geschenke-sets","7":"product_cat-hipsterbeanie-mit-patch","8":"product_cat-jerseymuetze","9":"product_cat-kopfbedeckung","11":"first","12":"instock","13":"taxable","14":"shipping-taxable","15":"purchasable","16":"product-type-variable"},"acf":[],"yoast_head":"<!-- This site is optimized with the Yoast SEO plugin v26.3 - https:\/\/yoast.com\/wordpress\/plugins\/seo\/ -->\n<title>Eltern\/Kind Beanie stone Mama\/Mini - Frecher Zwerg<\/title>\n<meta name=\"description\" content=\"Diese coolen Hipster Beanies passen f\u00fcr die ganze Familie. Der stylische Leder-Patch ist ein echter Hingucker!Sie sind in verschiedenen Gr\u00f6\u00dfen von KU 44 bis KU 56 erh\u00e4ltlich.\" \/>\n<meta name=\"robots\" content=\"index, follow, max-snippet:-1, max-image-preview:large, max-video-preview:-1\" \/>\n<link rel=\"canonical\" href=\"https:\/\/www.frecherzwerg.com\/de\/shop\/kopfbedeckung\/jerseymuetze\/eltern-kind-beanie-stone-mama-mini\/\" \/>\n<meta property=\"og:locale\" content=\"de_DE\" \/>\n<meta property=\"og:type\" content=\"article\" \/>\n<meta property=\"og:title\" content=\"Eltern\/Kind Beanie stone Mama\/Mini - Frecher Zwerg\" \/>\n<meta property=\"og:description\" content=\"Diese coolen Hipster Beanies passen f\u00fcr die ganze Familie. Der stylische Leder-Patch ist ein echter Hingucker!Sie sind in verschiedenen Gr\u00f6\u00dfen von KU 44 bis KU 56 erh\u00e4ltlich.\" \/>\n<meta property=\"og:url\" content=\"https:\/\/www.frecherzwerg.com\/de\/shop\/kopfbedeckung\/jerseymuetze\/eltern-kind-beanie-stone-mama-mini\/\" \/>\n<meta property=\"og:site_name\" content=\"Frecher Zwerg\" \/>\n<meta property=\"article:modified_time\" content=\"2024-10-16T19:09:23+00:00\" \/>\n<meta property=\"og:image\" content=\"https:\/\/www.frecherzwerg.com\/wp-content\/uploads\/2024\/10\/2_Beanie_Ribjersey_sand_mutter_sohn_mama_mini_2.jpg\" \/>\n\t<meta property=\"og:image:width\" content=\"1000\" \/>\n\t<meta property=\"og:image:height\" content=\"1000\" \/>\n\t<meta property=\"og:image:type\" content=\"image\/jpeg\" \/>\n<meta name=\"twitter:card\" content=\"summary_large_image\" \/>\n<meta name=\"twitter:label1\" content=\"Gesch\u00e4tzte Lesezeit\" \/>\n\t<meta name=\"twitter:data1\" content=\"1\u00a0Minute\" \/>\n<script type=\"application\/ld+json\" class=\"yoast-schema-graph\">{\"@context\":\"https:\/\/schema.org\",\"@graph\":[{\"@type\":\"WebPage\",\"@id\":\"https:\/\/www.frecherzwerg.com\/de\/shop\/kopfbedeckung\/jerseymuetze\/eltern-kind-beanie-stone-mama-mini\/\",\"url\":\"https:\/\/www.frecherzwerg.com\/de\/shop\/kopfbedeckung\/jerseymuetze\/eltern-kind-beanie-stone-mama-mini\/\",\"name\":\"Eltern\/Kind Beanie stone Mama\/Mini - Frecher Zwerg\",\"isPartOf\":{\"@id\":\"https:\/\/www.frecherzwerg.com\/de\/#website\"},\"primaryImageOfPage\":{\"@id\":\"https:\/\/www.frecherzwerg.com\/de\/shop\/kopfbedeckung\/jerseymuetze\/eltern-kind-beanie-stone-mama-mini\/#primaryimage\"},\"image\":{\"@id\":\"https:\/\/www.frecherzwerg.com\/de\/shop\/kopfbedeckung\/jerseymuetze\/eltern-kind-beanie-stone-mama-mini\/#primaryimage\"},\"thumbnailUrl\":\"https:\/\/www.frecherzwerg.com\/wp-content\/uploads\/2024\/10\/2_Beanie_Ribjersey_sand_mutter_sohn_mama_mini_2.jpg\",\"datePublished\":\"2024-10-16T18:59:42+00:00\",\"dateModified\":\"2024-10-16T19:09:23+00:00\",\"description\":\"Diese coolen Hipster Beanies passen f\u00fcr die ganze Familie. Der stylische Leder-Patch ist ein echter Hingucker!Sie sind in verschiedenen Gr\u00f6\u00dfen von KU 44 bis KU 56 erh\u00e4ltlich.\",\"breadcrumb\":{\"@id\":\"https:\/\/www.frecherzwerg.com\/de\/shop\/kopfbedeckung\/jerseymuetze\/eltern-kind-beanie-stone-mama-mini\/#breadcrumb\"},\"inLanguage\":\"de\",\"potentialAction\":[{\"@type\":\"ReadAction\",\"target\":[\"https:\/\/www.frecherzwerg.com\/de\/shop\/kopfbedeckung\/jerseymuetze\/eltern-kind-beanie-stone-mama-mini\/\"]}]},{\"@type\":\"ImageObject\",\"inLanguage\":\"de\",\"@id\":\"https:\/\/www.frecherzwerg.com\/de\/shop\/kopfbedeckung\/jerseymuetze\/eltern-kind-beanie-stone-mama-mini\/#primaryimage\",\"url\":\"https:\/\/www.frecherzwerg.com\/wp-content\/uploads\/2024\/10\/2_Beanie_Ribjersey_sand_mutter_sohn_mama_mini_2.jpg\",\"contentUrl\":\"https:\/\/www.frecherzwerg.com\/wp-content\/uploads\/2024\/10\/2_Beanie_Ribjersey_sand_mutter_sohn_mama_mini_2.jpg\",\"width\":1000,\"height\":1000},{\"@type\":\"BreadcrumbList\",\"@id\":\"https:\/\/www.frecherzwerg.com\/de\/shop\/kopfbedeckung\/jerseymuetze\/eltern-kind-beanie-stone-mama-mini\/#breadcrumb\",\"itemListElement\":[{\"@type\":\"ListItem\",\"position\":1,\"name\":\"Startseite\",\"item\":\"https:\/\/www.frecherzwerg.com\/de\/\"},{\"@type\":\"ListItem\",\"position\":2,\"name\":\"Shop\",\"item\":\"https:\/\/www.frecherzwerg.com\/de\/shop\/\"},{\"@type\":\"ListItem\",\"position\":3,\"name\":\"Eltern\/Kind Beanie stone Mama\/Mini\"}]},{\"@type\":\"WebSite\",\"@id\":\"https:\/\/www.frecherzwerg.com\/de\/#website\",\"url\":\"https:\/\/www.frecherzwerg.com\/de\/\",\"name\":\"Frecher Zwerg\",\"description\":\"\",\"potentialAction\":[{\"@type\":\"SearchAction\",\"target\":{\"@type\":\"EntryPoint\",\"urlTemplate\":\"https:\/\/www.frecherzwerg.com\/de\/?s={search_term_string}\"},\"query-input\":{\"@type\":\"PropertyValueSpecification\",\"valueRequired\":true,\"valueName\":\"search_term_string\"}}],\"inLanguage\":\"de\"}]}<\/script>\n<!-- \/ Yoast SEO plugin. -->","yoast_head_json":{"title":"Eltern\/Kind Beanie stone Mama\/Mini - Frecher Zwerg","description":"Diese coolen Hipster Beanies passen f\u00fcr die ganze Familie. Der stylische Leder-Patch ist ein echter Hingucker!Sie sind in verschiedenen Gr\u00f6\u00dfen von KU 44 bis KU 56 erh\u00e4ltlich.","robots":{"index":"index","follow":"follow","max-snippet":"max-snippet:-1","max-image-preview":"max-image-preview:large","max-video-preview":"max-video-preview:-1"},"canonical":"https:\/\/www.frecherzwerg.com\/de\/shop\/kopfbedeckung\/jerseymuetze\/eltern-kind-beanie-stone-mama-mini\/","og_locale":"de_DE","og_type":"article","og_title":"Eltern\/Kind Beanie stone Mama\/Mini - Frecher Zwerg","og_description":"Diese coolen Hipster Beanies passen f\u00fcr die ganze Familie. Der stylische Leder-Patch ist ein echter Hingucker!Sie sind in verschiedenen Gr\u00f6\u00dfen von KU 44 bis KU 56 erh\u00e4ltlich.","og_url":"https:\/\/www.frecherzwerg.com\/de\/shop\/kopfbedeckung\/jerseymuetze\/eltern-kind-beanie-stone-mama-mini\/","og_site_name":"Frecher Zwerg","article_modified_time":"2024-10-16T19:09:23+00:00","og_image":[{"width":1000,"height":1000,"url":"https:\/\/www.frecherzwerg.com\/wp-content\/uploads\/2024\/10\/2_Beanie_Ribjersey_sand_mutter_sohn_mama_mini_2.jpg","type":"image\/jpeg"}],"twitter_card":"summary_large_image","twitter_misc":{"Gesch\u00e4tzte Lesezeit":"1\u00a0Minute"},"schema":{"@context":"https:\/\/schema.org","@graph":[{"@type":"WebPage","@id":"https:\/\/www.frecherzwerg.com\/de\/shop\/kopfbedeckung\/jerseymuetze\/eltern-kind-beanie-stone-mama-mini\/","url":"https:\/\/www.frecherzwerg.com\/de\/shop\/kopfbedeckung\/jerseymuetze\/eltern-kind-beanie-stone-mama-mini\/","name":"Eltern\/Kind Beanie stone Mama\/Mini - Frecher Zwerg","isPartOf":{"@id":"https:\/\/www.frecherzwerg.com\/de\/#website"},"primaryImageOfPage":{"@id":"https:\/\/www.frecherzwerg.com\/de\/shop\/kopfbedeckung\/jerseymuetze\/eltern-kind-beanie-stone-mama-mini\/#primaryimage"},"image":{"@id":"https:\/\/www.frecherzwerg.com\/de\/shop\/kopfbedeckung\/jerseymuetze\/eltern-kind-beanie-stone-mama-mini\/#primaryimage"},"thumbnailUrl":"https:\/\/www.frecherzwerg.com\/wp-content\/uploads\/2024\/10\/2_Beanie_Ribjersey_sand_mutter_sohn_mama_mini_2.jpg","datePublished":"2024-10-16T18:59:42+00:00","dateModified":"2024-10-16T19:09:23+00:00","description":"Diese coolen Hipster Beanies passen f\u00fcr die ganze Familie. Der stylische Leder-Patch ist ein echter Hingucker!Sie sind in verschiedenen Gr\u00f6\u00dfen von KU 44 bis KU 56 erh\u00e4ltlich.","breadcrumb":{"@id":"https:\/\/www.frecherzwerg.com\/de\/shop\/kopfbedeckung\/jerseymuetze\/eltern-kind-beanie-stone-mama-mini\/#breadcrumb"},"inLanguage":"de","potentialAction":[{"@type":"ReadAction","target":["https:\/\/www.frecherzwerg.com\/de\/shop\/kopfbedeckung\/jerseymuetze\/eltern-kind-beanie-stone-mama-mini\/"]}]},{"@type":"ImageObject","inLanguage":"de","@id":"https:\/\/www.frecherzwerg.com\/de\/shop\/kopfbedeckung\/jerseymuetze\/eltern-kind-beanie-stone-mama-mini\/#primaryimage","url":"https:\/\/www.frecherzwerg.com\/wp-content\/uploads\/2024\/10\/2_Beanie_Ribjersey_sand_mutter_sohn_mama_mini_2.jpg","contentUrl":"https:\/\/www.frecherzwerg.com\/wp-content\/uploads\/2024\/10\/2_Beanie_Ribjersey_sand_mutter_sohn_mama_mini_2.jpg","width":1000,"height":1000},{"@type":"BreadcrumbList","@id":"https:\/\/www.frecherzwerg.com\/de\/shop\/kopfbedeckung\/jerseymuetze\/eltern-kind-beanie-stone-mama-mini\/#breadcrumb","itemListElement":[{"@type":"ListItem","position":1,"name":"Startseite","item":"https:\/\/www.frecherzwerg.com\/de\/"},{"@type":"ListItem","position":2,"name":"Shop","item":"https:\/\/www.frecherzwerg.com\/de\/shop\/"},{"@type":"ListItem","position":3,"name":"Eltern\/Kind Beanie stone Mama\/Mini"}]},{"@type":"WebSite","@id":"https:\/\/www.frecherzwerg.com\/de\/#website","url":"https:\/\/www.frecherzwerg.com\/de\/","name":"Frecher Zwerg","description":"","potentialAction":[{"@type":"SearchAction","target":{"@type":"EntryPoint","urlTemplate":"https:\/\/www.frecherzwerg.com\/de\/?s={search_term_string}"},"query-input":{"@type":"PropertyValueSpecification","valueRequired":true,"valueName":"search_term_string"}}],"inLanguage":"de"}]}},"_links":{"self":[{"href":"https:\/\/www.frecherzwerg.com\/de\/wp-json\/wp\/v2\/product\/7782","targetHints":{"allow":["GET"]}}],"collection":[{"href":"https:\/\/www.frecherzwerg.com\/de\/wp-json\/wp\/v2\/product"}],"about":[{"href":"https:\/\/www.frecherzwerg.com\/de\/wp-json\/wp\/v2\/types\/product"}],"replies":[{"embeddable":true,"href":"https:\/\/www.frecherzwerg.com\/de\/wp-json\/wp\/v2\/comments?post=7782"}],"wp:featuredmedia":[{"embeddable":true,"href":"https:\/\/www.frecherzwerg.com\/de\/wp-json\/wp\/v2\/media\/7748"}],"wp:attachment":[{"href":"https:\/\/www.frecherzwerg.com\/de\/wp-json\/wp\/v2\/media?parent=7782"}],"wp:term":[{"taxonomy":"product_brand","embeddable":true,"href":"https:\/\/www.frecherzwerg.com\/de\/wp-json\/wp\/v2\/product_brand?post=7782"},{"taxonomy":"product_cat","embeddable":true,"href":"https:\/\/www.frecherzwerg.com\/de\/wp-json\/wp\/v2\/product_cat?post=7782"},{"taxonomy":"product_tag","embeddable":true,"href":"https:\/\/www.frecherzwerg.com\/de\/wp-json\/wp\/v2\/product_tag?post=7782"}],"curies":[{"name":"wp","href":"https:\/\/api.w.org\/{rel}","templated":true}]}}