{"id":7961,"date":"2025-03-26T10:36:26","date_gmt":"2025-03-26T09:36:26","guid":{"rendered":"https:\/\/www.frecherzwerg.com\/?post_type=product&#038;p=7961"},"modified":"2025-03-26T10:47:16","modified_gmt":"2025-03-26T09:47:16","slug":"haarreifen-natur-mit-blumen-rosa","status":"publish","type":"product","link":"https:\/\/www.frecherzwerg.com\/de\/shop\/kopfbedeckung\/stirnbaender-haarreifen\/haarreifen-natur-mit-blumen-rosa\/","title":{"rendered":"Haarreifen natur mit Blumen rosa"},"content":{"rendered":"<p><strong>Pflegehinweis: <\/strong>handw\u00e4sche<\/p>\n<p><em>Symbolfoto<\/em>\u00a0<span class=\"st\"><em>\u2013<\/em><\/span>\u00a0<em>Muster kann variieren<\/em><\/p>\n","protected":false},"excerpt":{"rendered":"<p class=\"\" data-start=\"67\" data-end=\"316\">Dieser s\u00fc\u00dfe Haarreifen in Natur mit rosa Blumen ist perfekt f\u00fcr kleine M\u00e4dchen, die es zart und verspielt m\u00f6gen. Die niedlichen Blumen bringen einen frischen, femininen Look und passen zu vielen Outfits \u2013 ideal f\u00fcr den Alltag oder besondere Momente.<\/p>\n<p class=\"\" data-start=\"318\" data-end=\"338\"><strong data-start=\"318\" data-end=\"338\">Produktmerkmale:<\/strong><\/p>\n<ul data-start=\"339\" data-end=\"454\" data-is-last-node=\"\" data-is-only-node=\"\">\n<li class=\"\" data-start=\"339\" data-end=\"376\">\n<p class=\"\" data-start=\"341\" data-end=\"376\">Haarreifen in Natur mit rosa Blumen<\/p>\n<\/li>\n<li class=\"\" data-start=\"377\" data-end=\"407\">\n<p class=\"\" data-start=\"379\" data-end=\"407\">Weiches, angenehmes Material<\/p>\n<\/li>\n<li class=\"\" data-start=\"408\" data-end=\"454\">\n<p class=\"\" data-start=\"410\" data-end=\"454\">Perfekt f\u00fcr kleine M\u00e4dchen und verschiedene Anl\u00e4sse<\/p>\n<\/li>\n<\/ul>\n","protected":false},"featured_media":7922,"comment_status":"open","ping_status":"closed","template":"","meta":{"_acf_changed":false},"product_brand":[],"product_cat":[49,54],"product_tag":[],"class_list":{"0":"post-7961","1":"product","2":"type-product","3":"status-publish","4":"has-post-thumbnail","6":"product_cat-kopfbedeckung","7":"product_cat-stirnbaender-haarreifen","9":"first","10":"instock","11":"taxable","12":"shipping-taxable","13":"purchasable","14":"product-type-variable"},"acf":[],"yoast_head":"<!-- This site is optimized with the Yoast SEO plugin v26.3 - https:\/\/yoast.com\/wordpress\/plugins\/seo\/ -->\n<title>Haarreifen natur mit Blumen rosa - Frecher Zwerg<\/title>\n<meta name=\"robots\" content=\"index, follow, max-snippet:-1, max-image-preview:large, max-video-preview:-1\" \/>\n<link rel=\"canonical\" href=\"https:\/\/www.frecherzwerg.com\/de\/shop\/kopfbedeckung\/stirnbaender-haarreifen\/haarreifen-natur-mit-blumen-rosa\/\" \/>\n<meta property=\"og:locale\" content=\"de_DE\" \/>\n<meta property=\"og:type\" content=\"article\" \/>\n<meta property=\"og:title\" content=\"Haarreifen natur mit Blumen rosa - Frecher Zwerg\" \/>\n<meta property=\"og:description\" content=\"Dieser s\u00fc\u00dfe Haarreifen in Natur mit rosa Blumen ist perfekt f\u00fcr kleine M\u00e4dchen, die es zart und verspielt m\u00f6gen. Die niedlichen Blumen bringen einen frischen, femininen Look und passen zu vielen Outfits \u2013 ideal f\u00fcr den Alltag oder besondere Momente. Produktmerkmale:     Haarreifen in Natur mit rosa Blumen    Weiches, angenehmes Material    Perfekt f\u00fcr kleine M\u00e4dchen und verschiedene Anl\u00e4sse\" \/>\n<meta property=\"og:url\" content=\"https:\/\/www.frecherzwerg.com\/de\/shop\/kopfbedeckung\/stirnbaender-haarreifen\/haarreifen-natur-mit-blumen-rosa\/\" \/>\n<meta property=\"og:site_name\" content=\"Frecher Zwerg\" \/>\n<meta property=\"article:modified_time\" content=\"2025-03-26T09:47:16+00:00\" \/>\n<meta property=\"og:image\" content=\"https:\/\/www.frecherzwerg.com\/wp-content\/uploads\/2025\/03\/Haarreifen_blumen_rosa_1.jpg\" \/>\n\t<meta property=\"og:image:width\" content=\"1000\" \/>\n\t<meta property=\"og:image:height\" content=\"1000\" \/>\n\t<meta property=\"og:image:type\" content=\"image\/jpeg\" \/>\n<meta name=\"twitter:card\" content=\"summary_large_image\" \/>\n<meta name=\"twitter:label1\" content=\"Gesch\u00e4tzte Lesezeit\" \/>\n\t<meta name=\"twitter:data1\" content=\"1\u00a0Minute\" \/>\n<script type=\"application\/ld+json\" class=\"yoast-schema-graph\">{\"@context\":\"https:\/\/schema.org\",\"@graph\":[{\"@type\":\"WebPage\",\"@id\":\"https:\/\/www.frecherzwerg.com\/de\/shop\/kopfbedeckung\/stirnbaender-haarreifen\/haarreifen-natur-mit-blumen-rosa\/\",\"url\":\"https:\/\/www.frecherzwerg.com\/de\/shop\/kopfbedeckung\/stirnbaender-haarreifen\/haarreifen-natur-mit-blumen-rosa\/\",\"name\":\"Haarreifen natur mit Blumen rosa - Frecher Zwerg\",\"isPartOf\":{\"@id\":\"https:\/\/www.frecherzwerg.com\/de\/#website\"},\"primaryImageOfPage\":{\"@id\":\"https:\/\/www.frecherzwerg.com\/de\/shop\/kopfbedeckung\/stirnbaender-haarreifen\/haarreifen-natur-mit-blumen-rosa\/#primaryimage\"},\"image\":{\"@id\":\"https:\/\/www.frecherzwerg.com\/de\/shop\/kopfbedeckung\/stirnbaender-haarreifen\/haarreifen-natur-mit-blumen-rosa\/#primaryimage\"},\"thumbnailUrl\":\"https:\/\/www.frecherzwerg.com\/wp-content\/uploads\/2025\/03\/Haarreifen_blumen_rosa_1.jpg\",\"datePublished\":\"2025-03-26T09:36:26+00:00\",\"dateModified\":\"2025-03-26T09:47:16+00:00\",\"breadcrumb\":{\"@id\":\"https:\/\/www.frecherzwerg.com\/de\/shop\/kopfbedeckung\/stirnbaender-haarreifen\/haarreifen-natur-mit-blumen-rosa\/#breadcrumb\"},\"inLanguage\":\"de\",\"potentialAction\":[{\"@type\":\"ReadAction\",\"target\":[\"https:\/\/www.frecherzwerg.com\/de\/shop\/kopfbedeckung\/stirnbaender-haarreifen\/haarreifen-natur-mit-blumen-rosa\/\"]}]},{\"@type\":\"ImageObject\",\"inLanguage\":\"de\",\"@id\":\"https:\/\/www.frecherzwerg.com\/de\/shop\/kopfbedeckung\/stirnbaender-haarreifen\/haarreifen-natur-mit-blumen-rosa\/#primaryimage\",\"url\":\"https:\/\/www.frecherzwerg.com\/wp-content\/uploads\/2025\/03\/Haarreifen_blumen_rosa_1.jpg\",\"contentUrl\":\"https:\/\/www.frecherzwerg.com\/wp-content\/uploads\/2025\/03\/Haarreifen_blumen_rosa_1.jpg\",\"width\":1000,\"height\":1000},{\"@type\":\"BreadcrumbList\",\"@id\":\"https:\/\/www.frecherzwerg.com\/de\/shop\/kopfbedeckung\/stirnbaender-haarreifen\/haarreifen-natur-mit-blumen-rosa\/#breadcrumb\",\"itemListElement\":[{\"@type\":\"ListItem\",\"position\":1,\"name\":\"Startseite\",\"item\":\"https:\/\/www.frecherzwerg.com\/de\/\"},{\"@type\":\"ListItem\",\"position\":2,\"name\":\"Shop\",\"item\":\"https:\/\/www.frecherzwerg.com\/de\/shop\/\"},{\"@type\":\"ListItem\",\"position\":3,\"name\":\"Haarreifen natur mit Blumen rosa\"}]},{\"@type\":\"WebSite\",\"@id\":\"https:\/\/www.frecherzwerg.com\/de\/#website\",\"url\":\"https:\/\/www.frecherzwerg.com\/de\/\",\"name\":\"Frecher Zwerg\",\"description\":\"\",\"potentialAction\":[{\"@type\":\"SearchAction\",\"target\":{\"@type\":\"EntryPoint\",\"urlTemplate\":\"https:\/\/www.frecherzwerg.com\/de\/?s={search_term_string}\"},\"query-input\":{\"@type\":\"PropertyValueSpecification\",\"valueRequired\":true,\"valueName\":\"search_term_string\"}}],\"inLanguage\":\"de\"}]}<\/script>\n<!-- \/ Yoast SEO plugin. -->","yoast_head_json":{"title":"Haarreifen natur mit Blumen rosa - Frecher Zwerg","robots":{"index":"index","follow":"follow","max-snippet":"max-snippet:-1","max-image-preview":"max-image-preview:large","max-video-preview":"max-video-preview:-1"},"canonical":"https:\/\/www.frecherzwerg.com\/de\/shop\/kopfbedeckung\/stirnbaender-haarreifen\/haarreifen-natur-mit-blumen-rosa\/","og_locale":"de_DE","og_type":"article","og_title":"Haarreifen natur mit Blumen rosa - Frecher Zwerg","og_description":"Dieser s\u00fc\u00dfe Haarreifen in Natur mit rosa Blumen ist perfekt f\u00fcr kleine M\u00e4dchen, die es zart und verspielt m\u00f6gen. Die niedlichen Blumen bringen einen frischen, femininen Look und passen zu vielen Outfits \u2013 ideal f\u00fcr den Alltag oder besondere Momente. Produktmerkmale:     Haarreifen in Natur mit rosa Blumen    Weiches, angenehmes Material    Perfekt f\u00fcr kleine M\u00e4dchen und verschiedene Anl\u00e4sse","og_url":"https:\/\/www.frecherzwerg.com\/de\/shop\/kopfbedeckung\/stirnbaender-haarreifen\/haarreifen-natur-mit-blumen-rosa\/","og_site_name":"Frecher Zwerg","article_modified_time":"2025-03-26T09:47:16+00:00","og_image":[{"width":1000,"height":1000,"url":"https:\/\/www.frecherzwerg.com\/wp-content\/uploads\/2025\/03\/Haarreifen_blumen_rosa_1.jpg","type":"image\/jpeg"}],"twitter_card":"summary_large_image","twitter_misc":{"Gesch\u00e4tzte Lesezeit":"1\u00a0Minute"},"schema":{"@context":"https:\/\/schema.org","@graph":[{"@type":"WebPage","@id":"https:\/\/www.frecherzwerg.com\/de\/shop\/kopfbedeckung\/stirnbaender-haarreifen\/haarreifen-natur-mit-blumen-rosa\/","url":"https:\/\/www.frecherzwerg.com\/de\/shop\/kopfbedeckung\/stirnbaender-haarreifen\/haarreifen-natur-mit-blumen-rosa\/","name":"Haarreifen natur mit Blumen rosa - Frecher Zwerg","isPartOf":{"@id":"https:\/\/www.frecherzwerg.com\/de\/#website"},"primaryImageOfPage":{"@id":"https:\/\/www.frecherzwerg.com\/de\/shop\/kopfbedeckung\/stirnbaender-haarreifen\/haarreifen-natur-mit-blumen-rosa\/#primaryimage"},"image":{"@id":"https:\/\/www.frecherzwerg.com\/de\/shop\/kopfbedeckung\/stirnbaender-haarreifen\/haarreifen-natur-mit-blumen-rosa\/#primaryimage"},"thumbnailUrl":"https:\/\/www.frecherzwerg.com\/wp-content\/uploads\/2025\/03\/Haarreifen_blumen_rosa_1.jpg","datePublished":"2025-03-26T09:36:26+00:00","dateModified":"2025-03-26T09:47:16+00:00","breadcrumb":{"@id":"https:\/\/www.frecherzwerg.com\/de\/shop\/kopfbedeckung\/stirnbaender-haarreifen\/haarreifen-natur-mit-blumen-rosa\/#breadcrumb"},"inLanguage":"de","potentialAction":[{"@type":"ReadAction","target":["https:\/\/www.frecherzwerg.com\/de\/shop\/kopfbedeckung\/stirnbaender-haarreifen\/haarreifen-natur-mit-blumen-rosa\/"]}]},{"@type":"ImageObject","inLanguage":"de","@id":"https:\/\/www.frecherzwerg.com\/de\/shop\/kopfbedeckung\/stirnbaender-haarreifen\/haarreifen-natur-mit-blumen-rosa\/#primaryimage","url":"https:\/\/www.frecherzwerg.com\/wp-content\/uploads\/2025\/03\/Haarreifen_blumen_rosa_1.jpg","contentUrl":"https:\/\/www.frecherzwerg.com\/wp-content\/uploads\/2025\/03\/Haarreifen_blumen_rosa_1.jpg","width":1000,"height":1000},{"@type":"BreadcrumbList","@id":"https:\/\/www.frecherzwerg.com\/de\/shop\/kopfbedeckung\/stirnbaender-haarreifen\/haarreifen-natur-mit-blumen-rosa\/#breadcrumb","itemListElement":[{"@type":"ListItem","position":1,"name":"Startseite","item":"https:\/\/www.frecherzwerg.com\/de\/"},{"@type":"ListItem","position":2,"name":"Shop","item":"https:\/\/www.frecherzwerg.com\/de\/shop\/"},{"@type":"ListItem","position":3,"name":"Haarreifen natur mit Blumen rosa"}]},{"@type":"WebSite","@id":"https:\/\/www.frecherzwerg.com\/de\/#website","url":"https:\/\/www.frecherzwerg.com\/de\/","name":"Frecher Zwerg","description":"","potentialAction":[{"@type":"SearchAction","target":{"@type":"EntryPoint","urlTemplate":"https:\/\/www.frecherzwerg.com\/de\/?s={search_term_string}"},"query-input":{"@type":"PropertyValueSpecification","valueRequired":true,"valueName":"search_term_string"}}],"inLanguage":"de"}]}},"_links":{"self":[{"href":"https:\/\/www.frecherzwerg.com\/de\/wp-json\/wp\/v2\/product\/7961","targetHints":{"allow":["GET"]}}],"collection":[{"href":"https:\/\/www.frecherzwerg.com\/de\/wp-json\/wp\/v2\/product"}],"about":[{"href":"https:\/\/www.frecherzwerg.com\/de\/wp-json\/wp\/v2\/types\/product"}],"replies":[{"embeddable":true,"href":"https:\/\/www.frecherzwerg.com\/de\/wp-json\/wp\/v2\/comments?post=7961"}],"wp:featuredmedia":[{"embeddable":true,"href":"https:\/\/www.frecherzwerg.com\/de\/wp-json\/wp\/v2\/media\/7922"}],"wp:attachment":[{"href":"https:\/\/www.frecherzwerg.com\/de\/wp-json\/wp\/v2\/media?parent=7961"}],"wp:term":[{"taxonomy":"product_brand","embeddable":true,"href":"https:\/\/www.frecherzwerg.com\/de\/wp-json\/wp\/v2\/product_brand?post=7961"},{"taxonomy":"product_cat","embeddable":true,"href":"https:\/\/www.frecherzwerg.com\/de\/wp-json\/wp\/v2\/product_cat?post=7961"},{"taxonomy":"product_tag","embeddable":true,"href":"https:\/\/www.frecherzwerg.com\/de\/wp-json\/wp\/v2\/product_tag?post=7961"}],"curies":[{"name":"wp","href":"https:\/\/api.w.org\/{rel}","templated":true}]}}