{"id":7973,"date":"2025-03-26T11:07:16","date_gmt":"2025-03-26T10:07:16","guid":{"rendered":"https:\/\/www.frecherzwerg.com\/?post_type=product&#038;p=7973"},"modified":"2025-03-26T11:09:04","modified_gmt":"2025-03-26T10:09:04","slug":"stirnband-rosa-mit-blumen","status":"publish","type":"product","link":"https:\/\/www.frecherzwerg.com\/de\/shop\/kopfbedeckung\/stirnbaender-haarreifen\/stirnband-rosa-mit-blumen\/","title":{"rendered":"Stirnband rosa mit Blumen"},"content":{"rendered":"<p><strong>Material:<br \/>\n<\/strong><span lang=\"EN-US\" xml:lang=\"EN-US\">100 % Baumwolle<\/span><\/p>\n<p><strong>Pflegehinweis:<\/strong> 30\u00baC in der Waschmaschine<\/p>\n<p><em>Symbolfoto<\/em>\u00a0<span class=\"st\"><em>\u2013<\/em><\/span>\u00a0<em>Muster kann variieren<\/em><\/p>\n","protected":false},"excerpt":{"rendered":"<p class=\"\" data-start=\"40\" data-end=\"281\">Dieses fr\u00f6hliche Stirnband mit dezenten Blumen sorgt f\u00fcr einen frischen, fr\u00f6hlichen Look! Es h\u00e4lt die Haare zuverl\u00e4ssig aus dem Gesicht und verleiht jedem Outfit einen verspielten, blumigen Akzent. Ideal f\u00fcr kleine Blumenliebhaberinnen!<\/p>\n<p class=\"\" data-start=\"283\" data-end=\"303\"><strong data-start=\"283\" data-end=\"303\">Produktmerkmale:<\/strong><\/p>\n<ul data-start=\"304\" data-end=\"465\" data-is-last-node=\"\" data-is-only-node=\"\">\n<li class=\"\" data-start=\"304\" data-end=\"340\">\n<p class=\"\" data-start=\"306\" data-end=\"340\">Stirnband mit dezenten Blumen<\/p>\n<\/li>\n<li class=\"\" data-start=\"341\" data-end=\"398\">\n<p class=\"\" data-start=\"343\" data-end=\"398\">Weiches, elastisches Material f\u00fcr bequemen Tragekomfort<\/p>\n<\/li>\n<li class=\"\" data-start=\"399\" data-end=\"465\">\n<p class=\"\" data-start=\"401\" data-end=\"465\">Perfekt f\u00fcr Kinder, die verspielte und farbenfrohe Designs m\u00f6gen<\/p>\n<\/li>\n<\/ul>\n","protected":false},"featured_media":7914,"comment_status":"open","ping_status":"closed","template":"","meta":{"_acf_changed":false},"product_brand":[],"product_cat":[49,54],"product_tag":[],"class_list":{"0":"post-7973","1":"product","2":"type-product","3":"status-publish","4":"has-post-thumbnail","6":"product_cat-kopfbedeckung","7":"product_cat-stirnbaender-haarreifen","9":"first","10":"instock","11":"taxable","12":"shipping-taxable","13":"purchasable","14":"product-type-variable"},"acf":[],"yoast_head":"<!-- This site is optimized with the Yoast SEO plugin v26.3 - https:\/\/yoast.com\/wordpress\/plugins\/seo\/ -->\n<title>Stirnband rosa mit Blumen - Frecher Zwerg<\/title>\n<meta name=\"robots\" content=\"index, follow, max-snippet:-1, max-image-preview:large, max-video-preview:-1\" \/>\n<link rel=\"canonical\" href=\"https:\/\/www.frecherzwerg.com\/de\/shop\/kopfbedeckung\/stirnbaender-haarreifen\/stirnband-rosa-mit-blumen\/\" \/>\n<meta property=\"og:locale\" content=\"de_DE\" \/>\n<meta property=\"og:type\" content=\"article\" \/>\n<meta property=\"og:title\" content=\"Stirnband rosa mit Blumen - Frecher Zwerg\" \/>\n<meta property=\"og:description\" content=\"Dieses fr\u00f6hliche Stirnband mit dezenten Blumen sorgt f\u00fcr einen frischen, fr\u00f6hlichen Look! Es h\u00e4lt die Haare zuverl\u00e4ssig aus dem Gesicht und verleiht jedem Outfit einen verspielten, blumigen Akzent. Ideal f\u00fcr kleine Blumenliebhaberinnen! Produktmerkmale:     Stirnband mit dezenten Blumen    Weiches, elastisches Material f\u00fcr bequemen Tragekomfort    Perfekt f\u00fcr Kinder, die verspielte und farbenfrohe Designs m\u00f6gen\" \/>\n<meta property=\"og:url\" content=\"https:\/\/www.frecherzwerg.com\/de\/shop\/kopfbedeckung\/stirnbaender-haarreifen\/stirnband-rosa-mit-blumen\/\" \/>\n<meta property=\"og:site_name\" content=\"Frecher Zwerg\" \/>\n<meta property=\"article:modified_time\" content=\"2025-03-26T10:09:04+00:00\" \/>\n<meta property=\"og:image\" content=\"https:\/\/www.frecherzwerg.com\/wp-content\/uploads\/2025\/03\/Stirnband_Blumen_rosa_model_1_small.jpg\" \/>\n\t<meta property=\"og:image:width\" content=\"1000\" \/>\n\t<meta property=\"og:image:height\" content=\"1000\" \/>\n\t<meta property=\"og:image:type\" content=\"image\/jpeg\" \/>\n<meta name=\"twitter:card\" content=\"summary_large_image\" \/>\n<meta name=\"twitter:label1\" content=\"Gesch\u00e4tzte Lesezeit\" \/>\n\t<meta name=\"twitter:data1\" content=\"1\u00a0Minute\" \/>\n<script type=\"application\/ld+json\" class=\"yoast-schema-graph\">{\"@context\":\"https:\/\/schema.org\",\"@graph\":[{\"@type\":\"WebPage\",\"@id\":\"https:\/\/www.frecherzwerg.com\/de\/shop\/kopfbedeckung\/stirnbaender-haarreifen\/stirnband-rosa-mit-blumen\/\",\"url\":\"https:\/\/www.frecherzwerg.com\/de\/shop\/kopfbedeckung\/stirnbaender-haarreifen\/stirnband-rosa-mit-blumen\/\",\"name\":\"Stirnband rosa mit Blumen - Frecher Zwerg\",\"isPartOf\":{\"@id\":\"https:\/\/www.frecherzwerg.com\/de\/#website\"},\"primaryImageOfPage\":{\"@id\":\"https:\/\/www.frecherzwerg.com\/de\/shop\/kopfbedeckung\/stirnbaender-haarreifen\/stirnband-rosa-mit-blumen\/#primaryimage\"},\"image\":{\"@id\":\"https:\/\/www.frecherzwerg.com\/de\/shop\/kopfbedeckung\/stirnbaender-haarreifen\/stirnband-rosa-mit-blumen\/#primaryimage\"},\"thumbnailUrl\":\"https:\/\/www.frecherzwerg.com\/wp-content\/uploads\/2025\/03\/Stirnband_Blumen_rosa_model_1_small.jpg\",\"datePublished\":\"2025-03-26T10:07:16+00:00\",\"dateModified\":\"2025-03-26T10:09:04+00:00\",\"breadcrumb\":{\"@id\":\"https:\/\/www.frecherzwerg.com\/de\/shop\/kopfbedeckung\/stirnbaender-haarreifen\/stirnband-rosa-mit-blumen\/#breadcrumb\"},\"inLanguage\":\"de\",\"potentialAction\":[{\"@type\":\"ReadAction\",\"target\":[\"https:\/\/www.frecherzwerg.com\/de\/shop\/kopfbedeckung\/stirnbaender-haarreifen\/stirnband-rosa-mit-blumen\/\"]}]},{\"@type\":\"ImageObject\",\"inLanguage\":\"de\",\"@id\":\"https:\/\/www.frecherzwerg.com\/de\/shop\/kopfbedeckung\/stirnbaender-haarreifen\/stirnband-rosa-mit-blumen\/#primaryimage\",\"url\":\"https:\/\/www.frecherzwerg.com\/wp-content\/uploads\/2025\/03\/Stirnband_Blumen_rosa_model_1_small.jpg\",\"contentUrl\":\"https:\/\/www.frecherzwerg.com\/wp-content\/uploads\/2025\/03\/Stirnband_Blumen_rosa_model_1_small.jpg\",\"width\":1000,\"height\":1000},{\"@type\":\"BreadcrumbList\",\"@id\":\"https:\/\/www.frecherzwerg.com\/de\/shop\/kopfbedeckung\/stirnbaender-haarreifen\/stirnband-rosa-mit-blumen\/#breadcrumb\",\"itemListElement\":[{\"@type\":\"ListItem\",\"position\":1,\"name\":\"Startseite\",\"item\":\"https:\/\/www.frecherzwerg.com\/de\/\"},{\"@type\":\"ListItem\",\"position\":2,\"name\":\"Shop\",\"item\":\"https:\/\/www.frecherzwerg.com\/de\/shop\/\"},{\"@type\":\"ListItem\",\"position\":3,\"name\":\"Stirnband rosa mit Blumen\"}]},{\"@type\":\"WebSite\",\"@id\":\"https:\/\/www.frecherzwerg.com\/de\/#website\",\"url\":\"https:\/\/www.frecherzwerg.com\/de\/\",\"name\":\"Frecher Zwerg\",\"description\":\"\",\"potentialAction\":[{\"@type\":\"SearchAction\",\"target\":{\"@type\":\"EntryPoint\",\"urlTemplate\":\"https:\/\/www.frecherzwerg.com\/de\/?s={search_term_string}\"},\"query-input\":{\"@type\":\"PropertyValueSpecification\",\"valueRequired\":true,\"valueName\":\"search_term_string\"}}],\"inLanguage\":\"de\"}]}<\/script>\n<!-- \/ Yoast SEO plugin. -->","yoast_head_json":{"title":"Stirnband rosa mit Blumen - Frecher Zwerg","robots":{"index":"index","follow":"follow","max-snippet":"max-snippet:-1","max-image-preview":"max-image-preview:large","max-video-preview":"max-video-preview:-1"},"canonical":"https:\/\/www.frecherzwerg.com\/de\/shop\/kopfbedeckung\/stirnbaender-haarreifen\/stirnband-rosa-mit-blumen\/","og_locale":"de_DE","og_type":"article","og_title":"Stirnband rosa mit Blumen - Frecher Zwerg","og_description":"Dieses fr\u00f6hliche Stirnband mit dezenten Blumen sorgt f\u00fcr einen frischen, fr\u00f6hlichen Look! Es h\u00e4lt die Haare zuverl\u00e4ssig aus dem Gesicht und verleiht jedem Outfit einen verspielten, blumigen Akzent. Ideal f\u00fcr kleine Blumenliebhaberinnen! Produktmerkmale:     Stirnband mit dezenten Blumen    Weiches, elastisches Material f\u00fcr bequemen Tragekomfort    Perfekt f\u00fcr Kinder, die verspielte und farbenfrohe Designs m\u00f6gen","og_url":"https:\/\/www.frecherzwerg.com\/de\/shop\/kopfbedeckung\/stirnbaender-haarreifen\/stirnband-rosa-mit-blumen\/","og_site_name":"Frecher Zwerg","article_modified_time":"2025-03-26T10:09:04+00:00","og_image":[{"width":1000,"height":1000,"url":"https:\/\/www.frecherzwerg.com\/wp-content\/uploads\/2025\/03\/Stirnband_Blumen_rosa_model_1_small.jpg","type":"image\/jpeg"}],"twitter_card":"summary_large_image","twitter_misc":{"Gesch\u00e4tzte Lesezeit":"1\u00a0Minute"},"schema":{"@context":"https:\/\/schema.org","@graph":[{"@type":"WebPage","@id":"https:\/\/www.frecherzwerg.com\/de\/shop\/kopfbedeckung\/stirnbaender-haarreifen\/stirnband-rosa-mit-blumen\/","url":"https:\/\/www.frecherzwerg.com\/de\/shop\/kopfbedeckung\/stirnbaender-haarreifen\/stirnband-rosa-mit-blumen\/","name":"Stirnband rosa mit Blumen - Frecher Zwerg","isPartOf":{"@id":"https:\/\/www.frecherzwerg.com\/de\/#website"},"primaryImageOfPage":{"@id":"https:\/\/www.frecherzwerg.com\/de\/shop\/kopfbedeckung\/stirnbaender-haarreifen\/stirnband-rosa-mit-blumen\/#primaryimage"},"image":{"@id":"https:\/\/www.frecherzwerg.com\/de\/shop\/kopfbedeckung\/stirnbaender-haarreifen\/stirnband-rosa-mit-blumen\/#primaryimage"},"thumbnailUrl":"https:\/\/www.frecherzwerg.com\/wp-content\/uploads\/2025\/03\/Stirnband_Blumen_rosa_model_1_small.jpg","datePublished":"2025-03-26T10:07:16+00:00","dateModified":"2025-03-26T10:09:04+00:00","breadcrumb":{"@id":"https:\/\/www.frecherzwerg.com\/de\/shop\/kopfbedeckung\/stirnbaender-haarreifen\/stirnband-rosa-mit-blumen\/#breadcrumb"},"inLanguage":"de","potentialAction":[{"@type":"ReadAction","target":["https:\/\/www.frecherzwerg.com\/de\/shop\/kopfbedeckung\/stirnbaender-haarreifen\/stirnband-rosa-mit-blumen\/"]}]},{"@type":"ImageObject","inLanguage":"de","@id":"https:\/\/www.frecherzwerg.com\/de\/shop\/kopfbedeckung\/stirnbaender-haarreifen\/stirnband-rosa-mit-blumen\/#primaryimage","url":"https:\/\/www.frecherzwerg.com\/wp-content\/uploads\/2025\/03\/Stirnband_Blumen_rosa_model_1_small.jpg","contentUrl":"https:\/\/www.frecherzwerg.com\/wp-content\/uploads\/2025\/03\/Stirnband_Blumen_rosa_model_1_small.jpg","width":1000,"height":1000},{"@type":"BreadcrumbList","@id":"https:\/\/www.frecherzwerg.com\/de\/shop\/kopfbedeckung\/stirnbaender-haarreifen\/stirnband-rosa-mit-blumen\/#breadcrumb","itemListElement":[{"@type":"ListItem","position":1,"name":"Startseite","item":"https:\/\/www.frecherzwerg.com\/de\/"},{"@type":"ListItem","position":2,"name":"Shop","item":"https:\/\/www.frecherzwerg.com\/de\/shop\/"},{"@type":"ListItem","position":3,"name":"Stirnband rosa mit Blumen"}]},{"@type":"WebSite","@id":"https:\/\/www.frecherzwerg.com\/de\/#website","url":"https:\/\/www.frecherzwerg.com\/de\/","name":"Frecher Zwerg","description":"","potentialAction":[{"@type":"SearchAction","target":{"@type":"EntryPoint","urlTemplate":"https:\/\/www.frecherzwerg.com\/de\/?s={search_term_string}"},"query-input":{"@type":"PropertyValueSpecification","valueRequired":true,"valueName":"search_term_string"}}],"inLanguage":"de"}]}},"_links":{"self":[{"href":"https:\/\/www.frecherzwerg.com\/de\/wp-json\/wp\/v2\/product\/7973","targetHints":{"allow":["GET"]}}],"collection":[{"href":"https:\/\/www.frecherzwerg.com\/de\/wp-json\/wp\/v2\/product"}],"about":[{"href":"https:\/\/www.frecherzwerg.com\/de\/wp-json\/wp\/v2\/types\/product"}],"replies":[{"embeddable":true,"href":"https:\/\/www.frecherzwerg.com\/de\/wp-json\/wp\/v2\/comments?post=7973"}],"wp:featuredmedia":[{"embeddable":true,"href":"https:\/\/www.frecherzwerg.com\/de\/wp-json\/wp\/v2\/media\/7914"}],"wp:attachment":[{"href":"https:\/\/www.frecherzwerg.com\/de\/wp-json\/wp\/v2\/media?parent=7973"}],"wp:term":[{"taxonomy":"product_brand","embeddable":true,"href":"https:\/\/www.frecherzwerg.com\/de\/wp-json\/wp\/v2\/product_brand?post=7973"},{"taxonomy":"product_cat","embeddable":true,"href":"https:\/\/www.frecherzwerg.com\/de\/wp-json\/wp\/v2\/product_cat?post=7973"},{"taxonomy":"product_tag","embeddable":true,"href":"https:\/\/www.frecherzwerg.com\/de\/wp-json\/wp\/v2\/product_tag?post=7973"}],"curies":[{"name":"wp","href":"https:\/\/api.w.org\/{rel}","templated":true}]}}