{"id":8267,"date":"2025-09-15T19:28:02","date_gmt":"2025-09-15T17:28:02","guid":{"rendered":"https:\/\/www.frecherzwerg.com\/?post_type=product&#038;p=8267"},"modified":"2025-09-15T20:05:42","modified_gmt":"2025-09-15T18:05:42","slug":"legwarmers-weiss-one-size-3-10-jahre","status":"publish","type":"product","link":"https:\/\/www.frecherzwerg.com\/de\/shop\/socken\/legwarmers-weiss-one-size-3-10-jahre\/","title":{"rendered":"Legwarmers Wei\u00df \u2013 One Size (3\u201310 Jahre)"},"content":{"rendered":"<p data-start=\"825\" data-end=\"896\"><strong data-start=\"825\" data-end=\"838\">Material:<\/strong> Weicher Baumwoll-Mix<br data-start=\"859\" data-end=\"862\" \/><strong data-start=\"862\" data-end=\"873\">Pflege:<\/strong> Waschmaschinengeeignet<\/p>\n<p data-start=\"898\" data-end=\"972\">\ud83d\udc49 Perfekt f\u00fcr jede Jahreszeit \u2013 jetzt entdecken &amp; Lieblingsst\u00fcck sichern!<\/p>\n","protected":false},"excerpt":{"rendered":"<p data-start=\"192\" data-end=\"448\"><strong data-start=\"192\" data-end=\"235\">Warm, bequem &amp; vielseitig kombinierbar!<\/strong><br data-start=\"235\" data-end=\"238\" \/>Diese wei\u00dfen Legwarmers sind ein echtes Must-have f\u00fcr Kinder im Alter von 3 bis 10 Jahren. Sie halten die Beine angenehm warm \u2013 ob beim Spielen im Freien, auf dem Weg zur Schule oder an k\u00fchleren Tagen zu Hause.<\/p>\n<p data-start=\"450\" data-end=\"612\">\ud83e\uddd2 <strong data-start=\"453\" data-end=\"483\">F\u00fcr Kinder von 3\u201310 Jahren<\/strong><br data-start=\"483\" data-end=\"486\" \/>\ud83e\udde6 <strong data-start=\"489\" data-end=\"526\">One Size \u2013 passt sich flexibel an<\/strong><br data-start=\"526\" data-end=\"529\" \/>\ud83e\uddf5 <strong data-start=\"532\" data-end=\"562\">Angenehm weich &amp; elastisch<\/strong><br data-start=\"562\" data-end=\"565\" \/>\ud83c\udfa8 <strong data-start=\"568\" data-end=\"612\">Klassisches Wei\u00df \u2013 passt zu jedem Outfit<\/strong><\/p>\n<p data-start=\"614\" data-end=\"823\">Egal ob zu Leggings, Strumpfhosen, R\u00f6cken oder Shorts \u2013 die Legwarmers sorgen f\u00fcr zus\u00e4tzliche W\u00e4rme und einen l\u00e4ssigen Look. Durch das dehnbare Material sitzen sie bequem, ohne zu rutschen oder einzuschneiden.<\/p>\n<p data-start=\"898\" data-end=\"972\">\n","protected":false},"featured_media":8279,"comment_status":"open","ping_status":"closed","template":"","meta":{"_acf_changed":false},"product_brand":[],"product_cat":[155],"product_tag":[],"class_list":{"0":"post-8267","1":"product","2":"type-product","3":"status-publish","4":"has-post-thumbnail","6":"product_cat-socken","8":"first","9":"instock","10":"taxable","11":"shipping-taxable","12":"purchasable","13":"product-type-variable"},"acf":[],"yoast_head":"<!-- This site is optimized with the Yoast SEO plugin v26.3 - https:\/\/yoast.com\/wordpress\/plugins\/seo\/ -->\n<title>Legwarmers Wei\u00df \u2013 One Size (3\u201310 Jahre) - Frecher Zwerg<\/title>\n<meta name=\"robots\" content=\"index, follow, max-snippet:-1, max-image-preview:large, max-video-preview:-1\" \/>\n<link rel=\"canonical\" href=\"https:\/\/www.frecherzwerg.com\/de\/shop\/socken\/legwarmers-weiss-one-size-3-10-jahre\/\" \/>\n<meta property=\"og:locale\" content=\"de_DE\" \/>\n<meta property=\"og:type\" content=\"article\" \/>\n<meta property=\"og:title\" content=\"Legwarmers Wei\u00df \u2013 One Size (3\u201310 Jahre) - Frecher Zwerg\" \/>\n<meta property=\"og:description\" content=\"Warm, bequem &amp; vielseitig kombinierbar!Diese wei\u00dfen Legwarmers sind ein echtes Must-have f\u00fcr Kinder im Alter von 3 bis 10 Jahren. Sie halten die Beine angenehm warm \u2013 ob beim Spielen im Freien, auf dem Weg zur Schule oder an k\u00fchleren Tagen zu Hause. \ud83e\uddd2 F\u00fcr Kinder von 3\u201310 Jahren\ud83e\udde6 One Size \u2013 passt sich flexibel an\ud83e\uddf5 Angenehm weich &amp; elastisch\ud83c\udfa8 Klassisches Wei\u00df \u2013 passt zu jedem Outfit Egal ob zu Leggings, Strumpfhosen, R\u00f6cken oder Shorts \u2013 die Legwarmers sorgen f\u00fcr zus\u00e4tzliche W\u00e4rme und einen l\u00e4ssigen Look. Durch das dehnbare Material sitzen sie bequem, ohne zu rutschen oder einzuschneiden.\" \/>\n<meta property=\"og:url\" content=\"https:\/\/www.frecherzwerg.com\/de\/shop\/socken\/legwarmers-weiss-one-size-3-10-jahre\/\" \/>\n<meta property=\"og:site_name\" content=\"Frecher Zwerg\" \/>\n<meta property=\"article:modified_time\" content=\"2025-09-15T18:05:42+00:00\" \/>\n<meta property=\"og:image\" content=\"https:\/\/www.frecherzwerg.com\/wp-content\/uploads\/2025\/09\/Leg_warmers_weiss_1.jpg\" \/>\n\t<meta property=\"og:image:width\" content=\"1000\" \/>\n\t<meta property=\"og:image:height\" content=\"1000\" \/>\n\t<meta property=\"og:image:type\" content=\"image\/jpeg\" \/>\n<meta name=\"twitter:card\" content=\"summary_large_image\" \/>\n<meta name=\"twitter:label1\" content=\"Gesch\u00e4tzte Lesezeit\" \/>\n\t<meta name=\"twitter:data1\" content=\"1\u00a0Minute\" \/>\n<script type=\"application\/ld+json\" class=\"yoast-schema-graph\">{\"@context\":\"https:\/\/schema.org\",\"@graph\":[{\"@type\":\"WebPage\",\"@id\":\"https:\/\/www.frecherzwerg.com\/de\/shop\/socken\/legwarmers-weiss-one-size-3-10-jahre\/\",\"url\":\"https:\/\/www.frecherzwerg.com\/de\/shop\/socken\/legwarmers-weiss-one-size-3-10-jahre\/\",\"name\":\"Legwarmers Wei\u00df \u2013 One Size (3\u201310 Jahre) - Frecher Zwerg\",\"isPartOf\":{\"@id\":\"https:\/\/www.frecherzwerg.com\/de\/#website\"},\"primaryImageOfPage\":{\"@id\":\"https:\/\/www.frecherzwerg.com\/de\/shop\/socken\/legwarmers-weiss-one-size-3-10-jahre\/#primaryimage\"},\"image\":{\"@id\":\"https:\/\/www.frecherzwerg.com\/de\/shop\/socken\/legwarmers-weiss-one-size-3-10-jahre\/#primaryimage\"},\"thumbnailUrl\":\"https:\/\/www.frecherzwerg.com\/wp-content\/uploads\/2025\/09\/Leg_warmers_weiss_1.jpg\",\"datePublished\":\"2025-09-15T17:28:02+00:00\",\"dateModified\":\"2025-09-15T18:05:42+00:00\",\"breadcrumb\":{\"@id\":\"https:\/\/www.frecherzwerg.com\/de\/shop\/socken\/legwarmers-weiss-one-size-3-10-jahre\/#breadcrumb\"},\"inLanguage\":\"de\",\"potentialAction\":[{\"@type\":\"ReadAction\",\"target\":[\"https:\/\/www.frecherzwerg.com\/de\/shop\/socken\/legwarmers-weiss-one-size-3-10-jahre\/\"]}]},{\"@type\":\"ImageObject\",\"inLanguage\":\"de\",\"@id\":\"https:\/\/www.frecherzwerg.com\/de\/shop\/socken\/legwarmers-weiss-one-size-3-10-jahre\/#primaryimage\",\"url\":\"https:\/\/www.frecherzwerg.com\/wp-content\/uploads\/2025\/09\/Leg_warmers_weiss_1.jpg\",\"contentUrl\":\"https:\/\/www.frecherzwerg.com\/wp-content\/uploads\/2025\/09\/Leg_warmers_weiss_1.jpg\",\"width\":1000,\"height\":1000},{\"@type\":\"BreadcrumbList\",\"@id\":\"https:\/\/www.frecherzwerg.com\/de\/shop\/socken\/legwarmers-weiss-one-size-3-10-jahre\/#breadcrumb\",\"itemListElement\":[{\"@type\":\"ListItem\",\"position\":1,\"name\":\"Startseite\",\"item\":\"https:\/\/www.frecherzwerg.com\/de\/\"},{\"@type\":\"ListItem\",\"position\":2,\"name\":\"Shop\",\"item\":\"https:\/\/www.frecherzwerg.com\/de\/shop\/\"},{\"@type\":\"ListItem\",\"position\":3,\"name\":\"Legwarmers Wei\u00df \u2013 One Size (3\u201310 Jahre)\"}]},{\"@type\":\"WebSite\",\"@id\":\"https:\/\/www.frecherzwerg.com\/de\/#website\",\"url\":\"https:\/\/www.frecherzwerg.com\/de\/\",\"name\":\"Frecher Zwerg\",\"description\":\"\",\"potentialAction\":[{\"@type\":\"SearchAction\",\"target\":{\"@type\":\"EntryPoint\",\"urlTemplate\":\"https:\/\/www.frecherzwerg.com\/de\/?s={search_term_string}\"},\"query-input\":{\"@type\":\"PropertyValueSpecification\",\"valueRequired\":true,\"valueName\":\"search_term_string\"}}],\"inLanguage\":\"de\"}]}<\/script>\n<!-- \/ Yoast SEO plugin. -->","yoast_head_json":{"title":"Legwarmers Wei\u00df \u2013 One Size (3\u201310 Jahre) - Frecher Zwerg","robots":{"index":"index","follow":"follow","max-snippet":"max-snippet:-1","max-image-preview":"max-image-preview:large","max-video-preview":"max-video-preview:-1"},"canonical":"https:\/\/www.frecherzwerg.com\/de\/shop\/socken\/legwarmers-weiss-one-size-3-10-jahre\/","og_locale":"de_DE","og_type":"article","og_title":"Legwarmers Wei\u00df \u2013 One Size (3\u201310 Jahre) - Frecher Zwerg","og_description":"Warm, bequem &amp; vielseitig kombinierbar!Diese wei\u00dfen Legwarmers sind ein echtes Must-have f\u00fcr Kinder im Alter von 3 bis 10 Jahren. Sie halten die Beine angenehm warm \u2013 ob beim Spielen im Freien, auf dem Weg zur Schule oder an k\u00fchleren Tagen zu Hause. \ud83e\uddd2 F\u00fcr Kinder von 3\u201310 Jahren\ud83e\udde6 One Size \u2013 passt sich flexibel an\ud83e\uddf5 Angenehm weich &amp; elastisch\ud83c\udfa8 Klassisches Wei\u00df \u2013 passt zu jedem Outfit Egal ob zu Leggings, Strumpfhosen, R\u00f6cken oder Shorts \u2013 die Legwarmers sorgen f\u00fcr zus\u00e4tzliche W\u00e4rme und einen l\u00e4ssigen Look. Durch das dehnbare Material sitzen sie bequem, ohne zu rutschen oder einzuschneiden.","og_url":"https:\/\/www.frecherzwerg.com\/de\/shop\/socken\/legwarmers-weiss-one-size-3-10-jahre\/","og_site_name":"Frecher Zwerg","article_modified_time":"2025-09-15T18:05:42+00:00","og_image":[{"width":1000,"height":1000,"url":"https:\/\/www.frecherzwerg.com\/wp-content\/uploads\/2025\/09\/Leg_warmers_weiss_1.jpg","type":"image\/jpeg"}],"twitter_card":"summary_large_image","twitter_misc":{"Gesch\u00e4tzte Lesezeit":"1\u00a0Minute"},"schema":{"@context":"https:\/\/schema.org","@graph":[{"@type":"WebPage","@id":"https:\/\/www.frecherzwerg.com\/de\/shop\/socken\/legwarmers-weiss-one-size-3-10-jahre\/","url":"https:\/\/www.frecherzwerg.com\/de\/shop\/socken\/legwarmers-weiss-one-size-3-10-jahre\/","name":"Legwarmers Wei\u00df \u2013 One Size (3\u201310 Jahre) - Frecher Zwerg","isPartOf":{"@id":"https:\/\/www.frecherzwerg.com\/de\/#website"},"primaryImageOfPage":{"@id":"https:\/\/www.frecherzwerg.com\/de\/shop\/socken\/legwarmers-weiss-one-size-3-10-jahre\/#primaryimage"},"image":{"@id":"https:\/\/www.frecherzwerg.com\/de\/shop\/socken\/legwarmers-weiss-one-size-3-10-jahre\/#primaryimage"},"thumbnailUrl":"https:\/\/www.frecherzwerg.com\/wp-content\/uploads\/2025\/09\/Leg_warmers_weiss_1.jpg","datePublished":"2025-09-15T17:28:02+00:00","dateModified":"2025-09-15T18:05:42+00:00","breadcrumb":{"@id":"https:\/\/www.frecherzwerg.com\/de\/shop\/socken\/legwarmers-weiss-one-size-3-10-jahre\/#breadcrumb"},"inLanguage":"de","potentialAction":[{"@type":"ReadAction","target":["https:\/\/www.frecherzwerg.com\/de\/shop\/socken\/legwarmers-weiss-one-size-3-10-jahre\/"]}]},{"@type":"ImageObject","inLanguage":"de","@id":"https:\/\/www.frecherzwerg.com\/de\/shop\/socken\/legwarmers-weiss-one-size-3-10-jahre\/#primaryimage","url":"https:\/\/www.frecherzwerg.com\/wp-content\/uploads\/2025\/09\/Leg_warmers_weiss_1.jpg","contentUrl":"https:\/\/www.frecherzwerg.com\/wp-content\/uploads\/2025\/09\/Leg_warmers_weiss_1.jpg","width":1000,"height":1000},{"@type":"BreadcrumbList","@id":"https:\/\/www.frecherzwerg.com\/de\/shop\/socken\/legwarmers-weiss-one-size-3-10-jahre\/#breadcrumb","itemListElement":[{"@type":"ListItem","position":1,"name":"Startseite","item":"https:\/\/www.frecherzwerg.com\/de\/"},{"@type":"ListItem","position":2,"name":"Shop","item":"https:\/\/www.frecherzwerg.com\/de\/shop\/"},{"@type":"ListItem","position":3,"name":"Legwarmers Wei\u00df \u2013 One Size (3\u201310 Jahre)"}]},{"@type":"WebSite","@id":"https:\/\/www.frecherzwerg.com\/de\/#website","url":"https:\/\/www.frecherzwerg.com\/de\/","name":"Frecher Zwerg","description":"","potentialAction":[{"@type":"SearchAction","target":{"@type":"EntryPoint","urlTemplate":"https:\/\/www.frecherzwerg.com\/de\/?s={search_term_string}"},"query-input":{"@type":"PropertyValueSpecification","valueRequired":true,"valueName":"search_term_string"}}],"inLanguage":"de"}]}},"_links":{"self":[{"href":"https:\/\/www.frecherzwerg.com\/de\/wp-json\/wp\/v2\/product\/8267","targetHints":{"allow":["GET"]}}],"collection":[{"href":"https:\/\/www.frecherzwerg.com\/de\/wp-json\/wp\/v2\/product"}],"about":[{"href":"https:\/\/www.frecherzwerg.com\/de\/wp-json\/wp\/v2\/types\/product"}],"replies":[{"embeddable":true,"href":"https:\/\/www.frecherzwerg.com\/de\/wp-json\/wp\/v2\/comments?post=8267"}],"wp:featuredmedia":[{"embeddable":true,"href":"https:\/\/www.frecherzwerg.com\/de\/wp-json\/wp\/v2\/media\/8279"}],"wp:attachment":[{"href":"https:\/\/www.frecherzwerg.com\/de\/wp-json\/wp\/v2\/media?parent=8267"}],"wp:term":[{"taxonomy":"product_brand","embeddable":true,"href":"https:\/\/www.frecherzwerg.com\/de\/wp-json\/wp\/v2\/product_brand?post=8267"},{"taxonomy":"product_cat","embeddable":true,"href":"https:\/\/www.frecherzwerg.com\/de\/wp-json\/wp\/v2\/product_cat?post=8267"},{"taxonomy":"product_tag","embeddable":true,"href":"https:\/\/www.frecherzwerg.com\/de\/wp-json\/wp\/v2\/product_tag?post=8267"}],"curies":[{"name":"wp","href":"https:\/\/api.w.org\/{rel}","templated":true}]}}