{"id":848,"date":"2017-05-04T16:50:47","date_gmt":"2017-05-04T14:50:47","guid":{"rendered":"http:\/\/frecherzwerg.atomproductions.at\/de\/shop\/pumphosen-kurz\/sommerhose-kurz-mit-voegeln\/"},"modified":"2017-05-04T21:12:52","modified_gmt":"2017-05-04T19:12:52","slug":"sommerhose-kurz-mit-voegeln","status":"publish","type":"product","link":"https:\/\/www.frecherzwerg.com\/de\/shop\/pumphosen-kurz\/sommerhose-kurz-mit-voegeln\/","title":{"rendered":"Sommerhose kurz mit V\u00f6geln"},"content":{"rendered":"<p>Diese s\u00fc\u00dfen Pumphosen aus Baumwolle f\u00fcr den Sommer gibt es in vielen verschiedenen, farbenfrohen Designs.<\/p>\n<p>Ideal f\u00fcr Neugeboren bis hin ins Kleinkindalter<\/p>\n<p>Dieses Produkt wurde mit viel Liebe in \u00d6sterreich <strong>handgemacht<\/strong>.<\/p>\n<p><strong>Material:<br \/>\n<\/strong><span lang=\"EN-US\" xml:lang=\"EN-US\">100 % Baumwolle<br \/>\n<\/span><\/p>\n<p><strong>B\u00fcndchen:<\/strong><br \/>\n<span lang=\"EN-US\" xml:lang=\"EN-US\">95 % Baumwolle, 5 % Elasthan<\/span><\/p>\n<p><strong>Pflegehinweis:<\/strong>\u00a040\u00baC in der Waschmaschine<\/p>\n<p><em>Symbolfoto<\/em>\u00a0<span class=\"st\"><em>\u2013<\/em><\/span>\u00a0<em>Muster kann variieren<\/em><\/p>\n","protected":false},"excerpt":{"rendered":"<p>Diese luftige Sommerhose schaut mit den s\u00fc\u00dfen V\u00f6gelchen besonders entz\u00fcckend aus.<\/p>\n<p>Durch den gew\u00e4hlten Schnitt und das Material sind sie sehr angenehm zu tragen und die kleinen Zwerge sind in der Bewegung \u00fcberhaupt nicht eingeschr\u00e4nkt. Der Breite Bund ist sehr weich und dehnbar.<\/p>\n","protected":false},"featured_media":834,"comment_status":"open","ping_status":"closed","template":"","meta":{"_acf_changed":false},"product_brand":[],"product_cat":[48],"product_tag":[],"class_list":{"0":"post-848","1":"product","2":"type-product","3":"status-publish","4":"has-post-thumbnail","6":"product_cat-pumphosen-kurz","8":"first","9":"instock","10":"taxable","11":"shipping-taxable","12":"purchasable","13":"product-type-variable"},"acf":[],"yoast_head":"<!-- This site is optimized with the Yoast SEO plugin v26.3 - https:\/\/yoast.com\/wordpress\/plugins\/seo\/ -->\n<title>Sommerhose kurz mit V\u00f6geln - Frecher Zwerg<\/title>\n<meta name=\"robots\" content=\"index, follow, max-snippet:-1, max-image-preview:large, max-video-preview:-1\" \/>\n<link rel=\"canonical\" href=\"https:\/\/www.frecherzwerg.com\/de\/shop\/pumphosen-kurz\/sommerhose-kurz-mit-voegeln\/\" \/>\n<meta property=\"og:locale\" content=\"de_DE\" \/>\n<meta property=\"og:type\" content=\"article\" \/>\n<meta property=\"og:title\" content=\"Sommerhose kurz mit V\u00f6geln - Frecher Zwerg\" \/>\n<meta property=\"og:description\" content=\"Diese luftige Sommerhose schaut mit den s\u00fc\u00dfen V\u00f6gelchen besonders entz\u00fcckend aus.  Durch den gew\u00e4hlten Schnitt und das Material sind sie sehr angenehm zu tragen und die kleinen Zwerge sind in der Bewegung \u00fcberhaupt nicht eingeschr\u00e4nkt. Der Breite Bund ist sehr weich und dehnbar.\" \/>\n<meta property=\"og:url\" content=\"https:\/\/www.frecherzwerg.com\/de\/shop\/pumphosen-kurz\/sommerhose-kurz-mit-voegeln\/\" \/>\n<meta property=\"og:site_name\" content=\"Frecher Zwerg\" \/>\n<meta property=\"article:modified_time\" content=\"2017-05-04T19:12:52+00:00\" \/>\n<meta property=\"og:image\" content=\"https:\/\/www.frecherzwerg.com\/wp-content\/uploads\/2017\/05\/Pumphose_kurz_vogerl_lilla.jpg\" \/>\n\t<meta property=\"og:image:width\" content=\"1000\" \/>\n\t<meta property=\"og:image:height\" content=\"1000\" \/>\n\t<meta property=\"og:image:type\" content=\"image\/jpeg\" \/>\n<meta name=\"twitter:card\" content=\"summary_large_image\" \/>\n<script type=\"application\/ld+json\" class=\"yoast-schema-graph\">{\"@context\":\"https:\/\/schema.org\",\"@graph\":[{\"@type\":\"WebPage\",\"@id\":\"https:\/\/www.frecherzwerg.com\/de\/shop\/pumphosen-kurz\/sommerhose-kurz-mit-voegeln\/\",\"url\":\"https:\/\/www.frecherzwerg.com\/de\/shop\/pumphosen-kurz\/sommerhose-kurz-mit-voegeln\/\",\"name\":\"Sommerhose kurz mit V\u00f6geln - Frecher Zwerg\",\"isPartOf\":{\"@id\":\"https:\/\/www.frecherzwerg.com\/de\/#website\"},\"primaryImageOfPage\":{\"@id\":\"https:\/\/www.frecherzwerg.com\/de\/shop\/pumphosen-kurz\/sommerhose-kurz-mit-voegeln\/#primaryimage\"},\"image\":{\"@id\":\"https:\/\/www.frecherzwerg.com\/de\/shop\/pumphosen-kurz\/sommerhose-kurz-mit-voegeln\/#primaryimage\"},\"thumbnailUrl\":\"https:\/\/www.frecherzwerg.com\/wp-content\/uploads\/2017\/05\/Pumphose_kurz_vogerl_lilla.jpg\",\"datePublished\":\"2017-05-04T14:50:47+00:00\",\"dateModified\":\"2017-05-04T19:12:52+00:00\",\"breadcrumb\":{\"@id\":\"https:\/\/www.frecherzwerg.com\/de\/shop\/pumphosen-kurz\/sommerhose-kurz-mit-voegeln\/#breadcrumb\"},\"inLanguage\":\"de\",\"potentialAction\":[{\"@type\":\"ReadAction\",\"target\":[\"https:\/\/www.frecherzwerg.com\/de\/shop\/pumphosen-kurz\/sommerhose-kurz-mit-voegeln\/\"]}]},{\"@type\":\"ImageObject\",\"inLanguage\":\"de\",\"@id\":\"https:\/\/www.frecherzwerg.com\/de\/shop\/pumphosen-kurz\/sommerhose-kurz-mit-voegeln\/#primaryimage\",\"url\":\"https:\/\/www.frecherzwerg.com\/wp-content\/uploads\/2017\/05\/Pumphose_kurz_vogerl_lilla.jpg\",\"contentUrl\":\"https:\/\/www.frecherzwerg.com\/wp-content\/uploads\/2017\/05\/Pumphose_kurz_vogerl_lilla.jpg\",\"width\":1000,\"height\":1000},{\"@type\":\"BreadcrumbList\",\"@id\":\"https:\/\/www.frecherzwerg.com\/de\/shop\/pumphosen-kurz\/sommerhose-kurz-mit-voegeln\/#breadcrumb\",\"itemListElement\":[{\"@type\":\"ListItem\",\"position\":1,\"name\":\"Startseite\",\"item\":\"https:\/\/www.frecherzwerg.com\/de\/\"},{\"@type\":\"ListItem\",\"position\":2,\"name\":\"Shop\",\"item\":\"https:\/\/www.frecherzwerg.com\/de\/shop\/\"},{\"@type\":\"ListItem\",\"position\":3,\"name\":\"Sommerhose kurz mit V\u00f6geln\"}]},{\"@type\":\"WebSite\",\"@id\":\"https:\/\/www.frecherzwerg.com\/de\/#website\",\"url\":\"https:\/\/www.frecherzwerg.com\/de\/\",\"name\":\"Frecher Zwerg\",\"description\":\"\",\"potentialAction\":[{\"@type\":\"SearchAction\",\"target\":{\"@type\":\"EntryPoint\",\"urlTemplate\":\"https:\/\/www.frecherzwerg.com\/de\/?s={search_term_string}\"},\"query-input\":{\"@type\":\"PropertyValueSpecification\",\"valueRequired\":true,\"valueName\":\"search_term_string\"}}],\"inLanguage\":\"de\"}]}<\/script>\n<!-- \/ Yoast SEO plugin. -->","yoast_head_json":{"title":"Sommerhose kurz mit V\u00f6geln - Frecher Zwerg","robots":{"index":"index","follow":"follow","max-snippet":"max-snippet:-1","max-image-preview":"max-image-preview:large","max-video-preview":"max-video-preview:-1"},"canonical":"https:\/\/www.frecherzwerg.com\/de\/shop\/pumphosen-kurz\/sommerhose-kurz-mit-voegeln\/","og_locale":"de_DE","og_type":"article","og_title":"Sommerhose kurz mit V\u00f6geln - Frecher Zwerg","og_description":"Diese luftige Sommerhose schaut mit den s\u00fc\u00dfen V\u00f6gelchen besonders entz\u00fcckend aus.  Durch den gew\u00e4hlten Schnitt und das Material sind sie sehr angenehm zu tragen und die kleinen Zwerge sind in der Bewegung \u00fcberhaupt nicht eingeschr\u00e4nkt. Der Breite Bund ist sehr weich und dehnbar.","og_url":"https:\/\/www.frecherzwerg.com\/de\/shop\/pumphosen-kurz\/sommerhose-kurz-mit-voegeln\/","og_site_name":"Frecher Zwerg","article_modified_time":"2017-05-04T19:12:52+00:00","og_image":[{"width":1000,"height":1000,"url":"https:\/\/www.frecherzwerg.com\/wp-content\/uploads\/2017\/05\/Pumphose_kurz_vogerl_lilla.jpg","type":"image\/jpeg"}],"twitter_card":"summary_large_image","schema":{"@context":"https:\/\/schema.org","@graph":[{"@type":"WebPage","@id":"https:\/\/www.frecherzwerg.com\/de\/shop\/pumphosen-kurz\/sommerhose-kurz-mit-voegeln\/","url":"https:\/\/www.frecherzwerg.com\/de\/shop\/pumphosen-kurz\/sommerhose-kurz-mit-voegeln\/","name":"Sommerhose kurz mit V\u00f6geln - Frecher Zwerg","isPartOf":{"@id":"https:\/\/www.frecherzwerg.com\/de\/#website"},"primaryImageOfPage":{"@id":"https:\/\/www.frecherzwerg.com\/de\/shop\/pumphosen-kurz\/sommerhose-kurz-mit-voegeln\/#primaryimage"},"image":{"@id":"https:\/\/www.frecherzwerg.com\/de\/shop\/pumphosen-kurz\/sommerhose-kurz-mit-voegeln\/#primaryimage"},"thumbnailUrl":"https:\/\/www.frecherzwerg.com\/wp-content\/uploads\/2017\/05\/Pumphose_kurz_vogerl_lilla.jpg","datePublished":"2017-05-04T14:50:47+00:00","dateModified":"2017-05-04T19:12:52+00:00","breadcrumb":{"@id":"https:\/\/www.frecherzwerg.com\/de\/shop\/pumphosen-kurz\/sommerhose-kurz-mit-voegeln\/#breadcrumb"},"inLanguage":"de","potentialAction":[{"@type":"ReadAction","target":["https:\/\/www.frecherzwerg.com\/de\/shop\/pumphosen-kurz\/sommerhose-kurz-mit-voegeln\/"]}]},{"@type":"ImageObject","inLanguage":"de","@id":"https:\/\/www.frecherzwerg.com\/de\/shop\/pumphosen-kurz\/sommerhose-kurz-mit-voegeln\/#primaryimage","url":"https:\/\/www.frecherzwerg.com\/wp-content\/uploads\/2017\/05\/Pumphose_kurz_vogerl_lilla.jpg","contentUrl":"https:\/\/www.frecherzwerg.com\/wp-content\/uploads\/2017\/05\/Pumphose_kurz_vogerl_lilla.jpg","width":1000,"height":1000},{"@type":"BreadcrumbList","@id":"https:\/\/www.frecherzwerg.com\/de\/shop\/pumphosen-kurz\/sommerhose-kurz-mit-voegeln\/#breadcrumb","itemListElement":[{"@type":"ListItem","position":1,"name":"Startseite","item":"https:\/\/www.frecherzwerg.com\/de\/"},{"@type":"ListItem","position":2,"name":"Shop","item":"https:\/\/www.frecherzwerg.com\/de\/shop\/"},{"@type":"ListItem","position":3,"name":"Sommerhose kurz mit V\u00f6geln"}]},{"@type":"WebSite","@id":"https:\/\/www.frecherzwerg.com\/de\/#website","url":"https:\/\/www.frecherzwerg.com\/de\/","name":"Frecher Zwerg","description":"","potentialAction":[{"@type":"SearchAction","target":{"@type":"EntryPoint","urlTemplate":"https:\/\/www.frecherzwerg.com\/de\/?s={search_term_string}"},"query-input":{"@type":"PropertyValueSpecification","valueRequired":true,"valueName":"search_term_string"}}],"inLanguage":"de"}]}},"_links":{"self":[{"href":"https:\/\/www.frecherzwerg.com\/de\/wp-json\/wp\/v2\/product\/848","targetHints":{"allow":["GET"]}}],"collection":[{"href":"https:\/\/www.frecherzwerg.com\/de\/wp-json\/wp\/v2\/product"}],"about":[{"href":"https:\/\/www.frecherzwerg.com\/de\/wp-json\/wp\/v2\/types\/product"}],"replies":[{"embeddable":true,"href":"https:\/\/www.frecherzwerg.com\/de\/wp-json\/wp\/v2\/comments?post=848"}],"wp:featuredmedia":[{"embeddable":true,"href":"https:\/\/www.frecherzwerg.com\/de\/wp-json\/wp\/v2\/media\/834"}],"wp:attachment":[{"href":"https:\/\/www.frecherzwerg.com\/de\/wp-json\/wp\/v2\/media?parent=848"}],"wp:term":[{"taxonomy":"product_brand","embeddable":true,"href":"https:\/\/www.frecherzwerg.com\/de\/wp-json\/wp\/v2\/product_brand?post=848"},{"taxonomy":"product_cat","embeddable":true,"href":"https:\/\/www.frecherzwerg.com\/de\/wp-json\/wp\/v2\/product_cat?post=848"},{"taxonomy":"product_tag","embeddable":true,"href":"https:\/\/www.frecherzwerg.com\/de\/wp-json\/wp\/v2\/product_tag?post=848"}],"curies":[{"name":"wp","href":"https:\/\/api.w.org\/{rel}","templated":true}]}}