{"id":8646,"date":"2025-11-12T21:16:12","date_gmt":"2025-11-12T20:16:12","guid":{"rendered":"https:\/\/www.frecherzwerg.com\/?post_type=product&#038;p=8646"},"modified":"2026-01-10T14:49:00","modified_gmt":"2026-01-10T13:49:00","slug":"cordhose-petrol-rostbraun","status":"publish","type":"product","link":"https:\/\/www.frecherzwerg.com\/de\/shop\/pumphosen-lang\/cordhose-petrol-rostbraun\/","title":{"rendered":"Cordhose petrol\/rostbraun"},"content":{"rendered":"<ul data-start=\"729\" data-end=\"1092\">\n<li data-start=\"729\" data-end=\"811\">\n<p data-start=\"731\" data-end=\"811\"><strong data-start=\"731\" data-end=\"747\">Mitwachsend:<\/strong> Weiche, dehnbare B\u00fcndchen passen sich jedem Wachstumsschub an<\/p>\n<\/li>\n<li data-start=\"812\" data-end=\"877\">\n<p data-start=\"814\" data-end=\"877\"><strong data-start=\"814\" data-end=\"840\">Hochwertiger Cord:<\/strong> 100\u202f% Baumwolle<\/p>\n<\/li>\n<li data-start=\"927\" data-end=\"1007\">\n<p data-start=\"929\" data-end=\"1007\"><strong data-start=\"929\" data-end=\"955\">Robust &amp; pflegeleicht:<\/strong> Strapazierf\u00e4hig f\u00fcr jeden Tag, waschbar bei 30\u202f\u00b0C<\/p>\n<\/li>\n<li data-start=\"1008\" data-end=\"1092\">\n<p data-start=\"1010\" data-end=\"1092\"><strong data-start=\"1010\" data-end=\"1043\">Handgefertigt in \u00d6sterreich:<\/strong> Liebevoll verarbeitet f\u00fcr nachhaltige Qualit\u00e4t<\/p>\n<\/li>\n<\/ul>\n<p data-start=\"1094\" data-end=\"1216\">Ein zeitloses Lieblingsteil, das Kinder durch viele Abenteuer begleitet \u2013 nachhaltig, bequem und einfach wundersch\u00f6n. \ud83d\udc99<\/p>\n","protected":false},"excerpt":{"rendered":"<p data-start=\"195\" data-end=\"585\">Unsere Cordhose begleitet kleine Entdeckerinnen und Entdecker durch jedes Abenteuer! Der Baumwollcord in <strong data-start=\"322\" data-end=\"332\">Petrol<\/strong> f\u00fchlt sich angenehm auf der Haut an, ist gleichzeitig robust genug f\u00fcr drinnen beim Spielen oder drau\u00dfen beim Toben. Das <strong data-start=\"460\" data-end=\"483\">rostbraune B\u00fcndchen<\/strong> an Bauch und Beinen sorgt f\u00fcr einen harmonischen Farbakzent und passt perfekt zu vielen Outfits. \ud83c\udf3f<\/p>\n<p data-start=\"587\" data-end=\"699\">Dank der elastischen B\u00fcndchen w\u00e4chst die Hose \u00fcber mehrere Gr\u00f6\u00dfen mit und sitzt immer bequem, ohne einzuengen.<\/p>\n","protected":false},"featured_media":8654,"comment_status":"open","ping_status":"closed","template":"","meta":{"_acf_changed":false},"product_brand":[],"product_cat":[47],"product_tag":[],"class_list":{"0":"post-8646","1":"product","2":"type-product","3":"status-publish","4":"has-post-thumbnail","6":"product_cat-pumphosen-lang","8":"first","9":"instock","10":"taxable","11":"shipping-taxable","12":"purchasable","13":"product-type-variable"},"acf":[],"yoast_head":"<!-- This site is optimized with the Yoast SEO plugin v26.3 - https:\/\/yoast.com\/wordpress\/plugins\/seo\/ -->\n<title>Cordhose petrol\/rostbraun - Frecher Zwerg<\/title>\n<meta name=\"robots\" content=\"index, follow, max-snippet:-1, max-image-preview:large, max-video-preview:-1\" \/>\n<link rel=\"canonical\" href=\"https:\/\/www.frecherzwerg.com\/de\/shop\/pumphosen-lang\/cordhose-petrol-rostbraun\/\" \/>\n<meta property=\"og:locale\" content=\"de_DE\" \/>\n<meta property=\"og:type\" content=\"article\" \/>\n<meta property=\"og:title\" content=\"Cordhose petrol\/rostbraun - Frecher Zwerg\" \/>\n<meta property=\"og:description\" content=\"Unsere Cordhose begleitet kleine Entdeckerinnen und Entdecker durch jedes Abenteuer! Der Baumwollcord in Petrol f\u00fchlt sich angenehm auf der Haut an, ist gleichzeitig robust genug f\u00fcr drinnen beim Spielen oder drau\u00dfen beim Toben. Das rostbraune B\u00fcndchen an Bauch und Beinen sorgt f\u00fcr einen harmonischen Farbakzent und passt perfekt zu vielen Outfits. \ud83c\udf3f Dank der elastischen B\u00fcndchen w\u00e4chst die Hose \u00fcber mehrere Gr\u00f6\u00dfen mit und sitzt immer bequem, ohne einzuengen.\" \/>\n<meta property=\"og:url\" content=\"https:\/\/www.frecherzwerg.com\/de\/shop\/pumphosen-lang\/cordhose-petrol-rostbraun\/\" \/>\n<meta property=\"og:site_name\" content=\"Frecher Zwerg\" \/>\n<meta property=\"article:modified_time\" content=\"2026-01-10T13:49:00+00:00\" \/>\n<meta property=\"og:image\" content=\"https:\/\/www.frecherzwerg.com\/wp-content\/uploads\/2025\/11\/1_Hose_Cord_blau_3.jpg\" \/>\n\t<meta property=\"og:image:width\" content=\"1000\" \/>\n\t<meta property=\"og:image:height\" content=\"1000\" \/>\n\t<meta property=\"og:image:type\" content=\"image\/jpeg\" \/>\n<meta name=\"twitter:card\" content=\"summary_large_image\" \/>\n<meta name=\"twitter:label1\" content=\"Gesch\u00e4tzte Lesezeit\" \/>\n\t<meta name=\"twitter:data1\" content=\"1\u00a0Minute\" \/>\n<script type=\"application\/ld+json\" class=\"yoast-schema-graph\">{\"@context\":\"https:\/\/schema.org\",\"@graph\":[{\"@type\":\"WebPage\",\"@id\":\"https:\/\/www.frecherzwerg.com\/de\/shop\/pumphosen-lang\/cordhose-petrol-rostbraun\/\",\"url\":\"https:\/\/www.frecherzwerg.com\/de\/shop\/pumphosen-lang\/cordhose-petrol-rostbraun\/\",\"name\":\"Cordhose petrol\/rostbraun - Frecher Zwerg\",\"isPartOf\":{\"@id\":\"https:\/\/www.frecherzwerg.com\/de\/#website\"},\"primaryImageOfPage\":{\"@id\":\"https:\/\/www.frecherzwerg.com\/de\/shop\/pumphosen-lang\/cordhose-petrol-rostbraun\/#primaryimage\"},\"image\":{\"@id\":\"https:\/\/www.frecherzwerg.com\/de\/shop\/pumphosen-lang\/cordhose-petrol-rostbraun\/#primaryimage\"},\"thumbnailUrl\":\"https:\/\/www.frecherzwerg.com\/wp-content\/uploads\/2025\/11\/1_Hose_Cord_blau_3.jpg\",\"datePublished\":\"2025-11-12T20:16:12+00:00\",\"dateModified\":\"2026-01-10T13:49:00+00:00\",\"breadcrumb\":{\"@id\":\"https:\/\/www.frecherzwerg.com\/de\/shop\/pumphosen-lang\/cordhose-petrol-rostbraun\/#breadcrumb\"},\"inLanguage\":\"de\",\"potentialAction\":[{\"@type\":\"ReadAction\",\"target\":[\"https:\/\/www.frecherzwerg.com\/de\/shop\/pumphosen-lang\/cordhose-petrol-rostbraun\/\"]}]},{\"@type\":\"ImageObject\",\"inLanguage\":\"de\",\"@id\":\"https:\/\/www.frecherzwerg.com\/de\/shop\/pumphosen-lang\/cordhose-petrol-rostbraun\/#primaryimage\",\"url\":\"https:\/\/www.frecherzwerg.com\/wp-content\/uploads\/2025\/11\/1_Hose_Cord_blau_3.jpg\",\"contentUrl\":\"https:\/\/www.frecherzwerg.com\/wp-content\/uploads\/2025\/11\/1_Hose_Cord_blau_3.jpg\",\"width\":1000,\"height\":1000},{\"@type\":\"BreadcrumbList\",\"@id\":\"https:\/\/www.frecherzwerg.com\/de\/shop\/pumphosen-lang\/cordhose-petrol-rostbraun\/#breadcrumb\",\"itemListElement\":[{\"@type\":\"ListItem\",\"position\":1,\"name\":\"Startseite\",\"item\":\"https:\/\/www.frecherzwerg.com\/de\/\"},{\"@type\":\"ListItem\",\"position\":2,\"name\":\"Shop\",\"item\":\"https:\/\/www.frecherzwerg.com\/de\/shop\/\"},{\"@type\":\"ListItem\",\"position\":3,\"name\":\"Cordhose petrol\/rostbraun\"}]},{\"@type\":\"WebSite\",\"@id\":\"https:\/\/www.frecherzwerg.com\/de\/#website\",\"url\":\"https:\/\/www.frecherzwerg.com\/de\/\",\"name\":\"Frecher Zwerg\",\"description\":\"\",\"potentialAction\":[{\"@type\":\"SearchAction\",\"target\":{\"@type\":\"EntryPoint\",\"urlTemplate\":\"https:\/\/www.frecherzwerg.com\/de\/?s={search_term_string}\"},\"query-input\":{\"@type\":\"PropertyValueSpecification\",\"valueRequired\":true,\"valueName\":\"search_term_string\"}}],\"inLanguage\":\"de\"}]}<\/script>\n<!-- \/ Yoast SEO plugin. -->","yoast_head_json":{"title":"Cordhose petrol\/rostbraun - Frecher Zwerg","robots":{"index":"index","follow":"follow","max-snippet":"max-snippet:-1","max-image-preview":"max-image-preview:large","max-video-preview":"max-video-preview:-1"},"canonical":"https:\/\/www.frecherzwerg.com\/de\/shop\/pumphosen-lang\/cordhose-petrol-rostbraun\/","og_locale":"de_DE","og_type":"article","og_title":"Cordhose petrol\/rostbraun - Frecher Zwerg","og_description":"Unsere Cordhose begleitet kleine Entdeckerinnen und Entdecker durch jedes Abenteuer! Der Baumwollcord in Petrol f\u00fchlt sich angenehm auf der Haut an, ist gleichzeitig robust genug f\u00fcr drinnen beim Spielen oder drau\u00dfen beim Toben. Das rostbraune B\u00fcndchen an Bauch und Beinen sorgt f\u00fcr einen harmonischen Farbakzent und passt perfekt zu vielen Outfits. \ud83c\udf3f Dank der elastischen B\u00fcndchen w\u00e4chst die Hose \u00fcber mehrere Gr\u00f6\u00dfen mit und sitzt immer bequem, ohne einzuengen.","og_url":"https:\/\/www.frecherzwerg.com\/de\/shop\/pumphosen-lang\/cordhose-petrol-rostbraun\/","og_site_name":"Frecher Zwerg","article_modified_time":"2026-01-10T13:49:00+00:00","og_image":[{"width":1000,"height":1000,"url":"https:\/\/www.frecherzwerg.com\/wp-content\/uploads\/2025\/11\/1_Hose_Cord_blau_3.jpg","type":"image\/jpeg"}],"twitter_card":"summary_large_image","twitter_misc":{"Gesch\u00e4tzte Lesezeit":"1\u00a0Minute"},"schema":{"@context":"https:\/\/schema.org","@graph":[{"@type":"WebPage","@id":"https:\/\/www.frecherzwerg.com\/de\/shop\/pumphosen-lang\/cordhose-petrol-rostbraun\/","url":"https:\/\/www.frecherzwerg.com\/de\/shop\/pumphosen-lang\/cordhose-petrol-rostbraun\/","name":"Cordhose petrol\/rostbraun - Frecher Zwerg","isPartOf":{"@id":"https:\/\/www.frecherzwerg.com\/de\/#website"},"primaryImageOfPage":{"@id":"https:\/\/www.frecherzwerg.com\/de\/shop\/pumphosen-lang\/cordhose-petrol-rostbraun\/#primaryimage"},"image":{"@id":"https:\/\/www.frecherzwerg.com\/de\/shop\/pumphosen-lang\/cordhose-petrol-rostbraun\/#primaryimage"},"thumbnailUrl":"https:\/\/www.frecherzwerg.com\/wp-content\/uploads\/2025\/11\/1_Hose_Cord_blau_3.jpg","datePublished":"2025-11-12T20:16:12+00:00","dateModified":"2026-01-10T13:49:00+00:00","breadcrumb":{"@id":"https:\/\/www.frecherzwerg.com\/de\/shop\/pumphosen-lang\/cordhose-petrol-rostbraun\/#breadcrumb"},"inLanguage":"de","potentialAction":[{"@type":"ReadAction","target":["https:\/\/www.frecherzwerg.com\/de\/shop\/pumphosen-lang\/cordhose-petrol-rostbraun\/"]}]},{"@type":"ImageObject","inLanguage":"de","@id":"https:\/\/www.frecherzwerg.com\/de\/shop\/pumphosen-lang\/cordhose-petrol-rostbraun\/#primaryimage","url":"https:\/\/www.frecherzwerg.com\/wp-content\/uploads\/2025\/11\/1_Hose_Cord_blau_3.jpg","contentUrl":"https:\/\/www.frecherzwerg.com\/wp-content\/uploads\/2025\/11\/1_Hose_Cord_blau_3.jpg","width":1000,"height":1000},{"@type":"BreadcrumbList","@id":"https:\/\/www.frecherzwerg.com\/de\/shop\/pumphosen-lang\/cordhose-petrol-rostbraun\/#breadcrumb","itemListElement":[{"@type":"ListItem","position":1,"name":"Startseite","item":"https:\/\/www.frecherzwerg.com\/de\/"},{"@type":"ListItem","position":2,"name":"Shop","item":"https:\/\/www.frecherzwerg.com\/de\/shop\/"},{"@type":"ListItem","position":3,"name":"Cordhose petrol\/rostbraun"}]},{"@type":"WebSite","@id":"https:\/\/www.frecherzwerg.com\/de\/#website","url":"https:\/\/www.frecherzwerg.com\/de\/","name":"Frecher Zwerg","description":"","potentialAction":[{"@type":"SearchAction","target":{"@type":"EntryPoint","urlTemplate":"https:\/\/www.frecherzwerg.com\/de\/?s={search_term_string}"},"query-input":{"@type":"PropertyValueSpecification","valueRequired":true,"valueName":"search_term_string"}}],"inLanguage":"de"}]}},"_links":{"self":[{"href":"https:\/\/www.frecherzwerg.com\/de\/wp-json\/wp\/v2\/product\/8646","targetHints":{"allow":["GET"]}}],"collection":[{"href":"https:\/\/www.frecherzwerg.com\/de\/wp-json\/wp\/v2\/product"}],"about":[{"href":"https:\/\/www.frecherzwerg.com\/de\/wp-json\/wp\/v2\/types\/product"}],"replies":[{"embeddable":true,"href":"https:\/\/www.frecherzwerg.com\/de\/wp-json\/wp\/v2\/comments?post=8646"}],"wp:featuredmedia":[{"embeddable":true,"href":"https:\/\/www.frecherzwerg.com\/de\/wp-json\/wp\/v2\/media\/8654"}],"wp:attachment":[{"href":"https:\/\/www.frecherzwerg.com\/de\/wp-json\/wp\/v2\/media?parent=8646"}],"wp:term":[{"taxonomy":"product_brand","embeddable":true,"href":"https:\/\/www.frecherzwerg.com\/de\/wp-json\/wp\/v2\/product_brand?post=8646"},{"taxonomy":"product_cat","embeddable":true,"href":"https:\/\/www.frecherzwerg.com\/de\/wp-json\/wp\/v2\/product_cat?post=8646"},{"taxonomy":"product_tag","embeddable":true,"href":"https:\/\/www.frecherzwerg.com\/de\/wp-json\/wp\/v2\/product_tag?post=8646"}],"curies":[{"name":"wp","href":"https:\/\/api.w.org\/{rel}","templated":true}]}}